{"id":102,"date":"2011-06-17T08:46:35","date_gmt":"2011-06-17T08:46:35","guid":{"rendered":"http:\/\/fundatiaaxis.ro\/?page_id=102"},"modified":"2021-03-29T17:01:07","modified_gmt":"2021-03-29T17:01:07","slug":"editura-fundatiei-axis","status":"publish","type":"page","link":"https:\/\/fundatiaaxis.ro\/?page_id=102","title":{"rendered":"EDITURA FUNDA\u0162IEI AXIS"},"content":{"rendered":"<p><!--:ro--><\/p>\n<table border=\"1\" cellspacing=\"0\" cellpadding=\"0\">\n<tbody>\n<tr>\n<td width=\"295\" valign=\"top\"><strong>Redactor-\u015fef<\/strong><\/td>\n<td width=\"295\" valign=\"top\"><\/td>\n<\/tr>\n<tr>\n<td width=\"295\" valign=\"top\"><a title=\"Doctor in Filosofie (2009), cercetator postdoctoral la Facultatea de Filosofie si Stiinte Social-Politice, Universitatea Al. I. Cuza Iasi, lector universitar la Facultatea de Relatii Internationale, Istorie si Filosofie, USH. Ultima carte publicata: Sentimentul metafizic al tristetii, Editura Trei, 2011\" href=\"http:\/\/www.postdoc-uaic.ro\/index.php?page=whoswho&amp;id=113\" target=\"_blank\" rel=\"noopener\">Horia P\u0102TRA\u015eCU<\/a> <a href=\"mailto:h_patrascu@yahoo.com\">h_patrascu@yahoo.com<\/a><\/td>\n<td width=\"295\" valign=\"top\"><img loading=\"lazy\" title=\"foto patrascu\" src=\"http:\/\/fundatiaaxis.ro\/wp-content\/uploads\/foto-patrascu-300x225.jpg\" alt=\"\" width=\"180\" height=\"135\" \/><\/td>\n<\/tr>\n<\/tbody>\n<\/table>\n<p>&nbsp;<\/p>\n<p>Cu <a title=\"Catalogul AXIS\" href=\"http:\/\/fundatiaaxis.ro\/wp-content\/uploads\/CATALOG-AXIS.pdf\" target=\"_blank\" rel=\"noopener\">110 titluri \u015fi\u00a087 de autori <\/a>publica\u0163i p\u00e2n\u0103 \u00een prezent, cu <a title=\"Seriile Colectiei Universitaria\" href=\"http:\/\/fundatiaaxis.ro\/?page_id=56\" target=\"_blank\" rel=\"noopener\">17 serii <\/a>ale colec\u0163iei sale Universitaria, editura Funda\u0163iei \u00a0AXIS poate fi socotit\u0103, pe bun\u0103 dreptate, una din cele mai importante \u015fi de succes edituri de profil.<\/p>\n<p>Specializat\u0103 \u00een publicarea lucr\u0103rilor universitare \u015fi academice de o \u00eenalt\u0103 \u0163inut\u0103 \u015ftiin\u0163ific\u0103, editura Funda\u0163iei \u00a0AXIS a avut \u015fi are privilegiul s\u0103 reuneasc\u0103 \u00een r\u00e2ndul autorilor publica\u0163i sub simbolul AXIS personalit\u0103\u0163i de prestigiu ale vie\u0163ii intelectuale rom\u00e2ne\u015fti.<\/p>\n<p>Av\u00e2nd un singur dar ferm criteriu \u2013 excelen\u0163a contribu\u0163iilor \u2013 editura AXIS a publicat \u00een decursul timpului c\u0103r\u0163i apar\u0163in\u00e2nd tuturor domeniilor \u015ftiin\u0163ei de la filosofie la informatic\u0103, de la politologie la tehnic\u0103.<\/p>\n<p>\u00cen cei \u015faptesprezece ani de activitate \u2013 editura func\u0163ion\u00e2nd din 1994 \u2013 \u00a0AXIS a editat de asemenea cinci reviste academice, acestea eviden\u0163iindu-se prin seriozitatea \u015fi originalitatea articolelor publicate, ob\u0163in\u00e2nd cota\u0163ii \u015ftiin\u0163ifice importante, merg\u00e2nd p\u00e2n\u0103 la indexarea \u00een baza de date ISI Thomson.<\/p>\n<p>Editura AXIS este \u00een continuare deschis\u0103 public\u0103rii acelor contribu\u0163ii, originale,\u00a0 valoroase \u015fi folositoare ale cercet\u0103torilor rom\u00e2ni, indiferent de v\u00e2rsta sau de domeniul lor de expertiz\u0103. Manuscrisele pot fi trimise tot timpul anului \u2013 \u00een format electronic \u2013 la adresa de e-mail: <a href=\"mailto:faxis@uaic.ro\">faxis@uaic.ro<\/a> Toate propunerile vor primi un r\u0103spuns din partea comitetului de lectur\u0103 \u00een termen de maxim o lun\u0103 de la data primirii mesajului.<!--:--><!--:en--><\/p>\n<table border=\"1\" cellspacing=\"0\" cellpadding=\"0\">\n<tbody>\n<tr>\n<td width=\"295\" valign=\"top\">\n<div><strong><strong>Chief Editor: Horia Patrascu<\/strong> <\/strong><\/div>\n<p><strong> <\/strong><\/p>\n<p><strong> <\/strong><strong> <\/strong><\/td>\n<td width=\"295\" valign=\"top\"><\/td>\n<\/tr>\n<tr>\n<td width=\"295\" valign=\"top\"><a title=\"Doctor in Filosofie (2009), cercetator postdoctoral la Facultatea de Filosofie si Stiinte Social-Politice, Universitatea Al. I. Cuza Iasi, lector universitar la Facultatea de Relatii Internationale, Istorie si Filosofie, USH. Ultima carte publicata: Sentimentul metafizic al tristetii, Editura Trei, 2011\" href=\"http:\/\/www.postdoc-uaic.ro\/index.php?page=whoswho&amp;id=113\" target=\"_blank\" rel=\"noopener\">Horia P\u0102TRA\u015eCU<\/a> <a href=\"mailto:h_patrascu@yahoo.com\">h_patrascu@yahoo.com<\/a><\/td>\n<td width=\"295\" valign=\"top\"><img loading=\"lazy\" title=\"foto patrascu\" src=\"http:\/\/fundatiaaxis.ro\/wp-content\/uploads\/foto-patrascu-300x225.jpg\" alt=\"\" width=\"180\" height=\"135\" \/><\/td>\n<\/tr>\n<\/tbody>\n<\/table>\n<p>&nbsp;<\/p>\n<p><strong> <\/strong><\/p>\n<p>With <a title=\"Catalog AXIS\" href=\"http:\/\/fundatiaaxis.ro\/wp-content\/uploads\/CATALOG-AXIS.pdf\" target=\"_blank\" rel=\"noopener\">110 titles <\/a>and 87 authors published so far, with <a title=\"Seriile colectiei Universitaria\" href=\"http:\/\/fundatiaaxis.ro\/?page_id=56\" target=\"_blank\" rel=\"noopener\">17 series <\/a>of its Universitaria collection, the Axis Publishing House can legitimately be considered one of the most important and successful academic publishing houses.<\/p>\n<p>Specialized in publishing high quality academic works, the publishing house of the Axis Foundation has had the privilege of bringing together, from among the published authors, authoritative personalities of the Romanian intellectual and cultural life.<\/p>\n<p>Guided by a single yet sound criterion \u2013 the excellence of contributions \u2013 the Axis Publishing House has published books belonging to all fields of science, from philosophy to informatics, from politology to technics.<\/p>\n<p>In its 17 years of activity \u2013 since 1994 \u2013 The Axis Publishing House has edited 5 academic journals, with outstandingly qualitative articles, which led to obtaining important scientific rankings, ISI Thomson included.<\/p>\n<p>The Axis Publishing House continues to be open to publishing original, valuable and applicable contributions of Romanian and foreign researchers. The manuscripts can be submitted all year round, electronically, to <span style=\"text-decoration: underline;\"><a href=\"mailto:faxis@uaic.ro\">faxis@uaic.ro<\/a><\/span>.\u00a0 All authors will be replied within a month.<!--:--><\/p>\n","protected":false},"excerpt":{"rendered":"<p>Redactor-\u015fef Horia P\u0102TRA\u015eCU h_patrascu@yahoo.com &nbsp; Cu 110 titluri \u015fi\u00a087 de autori publica\u0163i p\u00e2n\u0103 \u00een prezent, cu 17 serii ale colec\u0163iei sale Universitaria, editura Funda\u0163iei \u00a0AXIS poate fi socotit\u0103, pe bun\u0103 dreptate, una din cele mai importante \u015fi de succes edituri &hellip; <a href=\"https:\/\/fundatiaaxis.ro\/?page_id=102\">Continue reading <span class=\"meta-nav\">&rarr;<\/span><\/a><\/p>\n","protected":false},"author":1,"featured_media":0,"parent":0,"menu_order":2,"comment_status":"closed","ping_status":"closed","template":"","meta":[],"_links":{"self":[{"href":"https:\/\/fundatiaaxis.ro\/index.php?rest_route=\/wp\/v2\/pages\/102"}],"collection":[{"href":"https:\/\/fundatiaaxis.ro\/index.php?rest_route=\/wp\/v2\/pages"}],"about":[{"href":"https:\/\/fundatiaaxis.ro\/index.php?rest_route=\/wp\/v2\/types\/page"}],"author":[{"embeddable":true,"href":"https:\/\/fundatiaaxis.ro\/index.php?rest_route=\/wp\/v2\/users\/1"}],"replies":[{"embeddable":true,"href":"https:\/\/fundatiaaxis.ro\/index.php?rest_route=%2Fwp%2Fv2%2Fcomments&post=102"}],"version-history":[{"count":23,"href":"https:\/\/fundatiaaxis.ro\/index.php?rest_route=\/wp\/v2\/pages\/102\/revisions"}],"predecessor-version":[{"id":485,"href":"https:\/\/fundatiaaxis.ro\/index.php?rest_route=\/wp\/v2\/pages\/102\/revisions\/485"}],"wp:attachment":[{"href":"https:\/\/fundatiaaxis.ro\/index.php?rest_route=%2Fwp%2Fv2%2Fmedia&parent=102"}],"curies":[{"name":"wp","href":"https:\/\/api.w.org\/{rel}","templated":true}]}}