{"id":143,"date":"2011-06-17T12:51:38","date_gmt":"2011-06-17T12:51:38","guid":{"rendered":"http:\/\/fundatiaaxis.ro\/?page_id=143"},"modified":"2021-03-29T17:03:47","modified_gmt":"2021-03-29T17:03:47","slug":"lista-autori","status":"publish","type":"page","link":"https:\/\/fundatiaaxis.ro\/?page_id=143","title":{"rendered":"LISTA AUTORI"},"content":{"rendered":"<p>\u00a0<\/p>\n<table border=\"1\" cellspacing=\"0\" cellpadding=\"0\" width=\"100%\">\n<tbody>\n<tr>\n<td rowspan=\"9\" width=\"55\" valign=\"top\">\n<p><strong>A<\/strong><\/td>\n<td width=\"338\" valign=\"top\">Afloroaei, Lucia<\/td>\n<td width=\"197\" valign=\"top\"><em>R\u00e9ussir son \u00e9preuve\u00a0 de philosophie au BAC bilingue<\/em><strong>\u00a0<\/strong><\/p>\n<p>2008<\/td>\n<\/tr>\n<tr>\n<td rowspan=\"3\" width=\"338\" valign=\"top\">\u00a0<\/p>\n<p>Afloroaei, \u015etefan (coord)<\/td>\n<td width=\"197\" valign=\"top\"><em>Limite ale interpret\u0103rii <\/em>2001<\/td>\n<\/tr>\n<tr>\n<td width=\"197\" valign=\"top\">\u00a0<\/p>\n<p><em>Interpretare \u015fi ideologie<\/em><\/p>\n<p>2002<\/td>\n<\/tr>\n<tr>\n<td width=\"197\" valign=\"top\">\u00a0<\/p>\n<p><em>Locul metafizic al str\u0103inului<\/em><\/p>\n<p>2003<\/td>\n<\/tr>\n<tr>\n<td rowspan=\"2\" width=\"338\" valign=\"top\">\u00a0<\/p>\n<p>Agrigoroaei, Ion<\/td>\n<td width=\"197\" valign=\"top\"><em>Arhivele Moldovei, I-II, 1994-1995<\/em><\/p>\n<p>1996<\/td>\n<\/tr>\n<tr>\n<td width=\"197\" valign=\"top\">\u00a0<\/p>\n<p><em>Opinie public\u0103 \u015fi stare de spirit \u00een vremea R\u0103zboiului de \u00centregire \u015fi a Marii Uniri<\/em><\/p>\n<p>2004<\/td>\n<\/tr>\n<tr>\n<td width=\"338\" valign=\"top\">\u00a0<\/p>\n<p>Agrigoroaei, Valentina<\/td>\n<td width=\"197\" valign=\"top\"><em>Elements pour une morphosyntaxe du verbe fran\u00e7ais <\/em>1994<\/td>\n<\/tr>\n<tr>\n<td width=\"338\" valign=\"top\">\u00a0<\/p>\n<p>Ambros\u0103, Ioan<\/td>\n<td width=\"197\" valign=\"top\"><em>Semiologie veterinar\u0103 \u015fi diagnostic clinic<\/em><\/p>\n<p>2000<\/td>\n<\/tr>\n<tr>\n<td width=\"338\" valign=\"top\">\u00a0<\/p>\n<p>Aursulesei, Viviana<\/td>\n<td width=\"197\" valign=\"top\"><em>Baze fiziopatologice ale evalu\u0103rii endoteliului vascular<\/em><\/p>\n<p>2008<\/td>\n<\/tr>\n<tr>\n<td rowspan=\"15\" width=\"55\" valign=\"top\">\u00a0<\/p>\n<p><strong>B<\/strong><\/td>\n<td width=\"338\" valign=\"top\">B\u00e2lb\u0103, Corneliu<\/td>\n<td width=\"197\" valign=\"top\"><em>Locul metafizic al str\u0103inului<\/em><\/p>\n<p>2003<\/td>\n<\/tr>\n<tr>\n<td rowspan=\"4\" width=\"338\" valign=\"top\">\u00a0<\/p>\n<p>Bejan, Petru<\/td>\n<td width=\"197\" valign=\"top\"><em>Istoria semnului \u00een patristic\u0103 \u015fi scolastic\u0103<\/em><\/p>\n<p>1999<\/td>\n<\/tr>\n<tr>\n<td width=\"197\" valign=\"top\">\u00a0<\/p>\n<p><em>Critica filosofiei pure<\/em><\/p>\n<p>2000<\/td>\n<\/tr>\n<tr>\n<td width=\"197\" valign=\"top\">\u00a0<\/p>\n<p><em>Rela\u0163ii publice \u015fi publicitate .Discurs metod\u0103 interpretare<\/em><\/p>\n<p>2003<\/td>\n<\/tr>\n<tr>\n<td width=\"197\" valign=\"top\">\u00a0<\/p>\n<p><em>Hermeneutica prejudec\u0103\u0163ilor<\/em><\/p>\n<p>2004<\/td>\n<\/tr>\n<tr>\n<td width=\"338\" valign=\"top\">\u00a0<\/p>\n<p>Bejan , \u015etefania<\/td>\n<td width=\"197\" valign=\"top\"><em>Discursul educa\u0163iei<\/em><\/p>\n<p>2003<\/td>\n<\/tr>\n<tr>\n<td width=\"338\" valign=\"top\">\u00a0<\/p>\n<p>Bere, Constantin<\/p>\n<p><strong>\u00a0<\/strong><\/td>\n<td width=\"197\" valign=\"top\"><em>Sistem psiho-informatic destinat evalu\u0103rii psihologice pentru posturile de munc\u0103 cu \u00eenalt risc<\/em><\/p>\n<p>2010<\/td>\n<\/tr>\n<tr>\n<td width=\"338\" valign=\"top\">\u00a0<\/p>\n<p>Boamf\u0103, Ionel<\/td>\n<td width=\"197\" valign=\"top\"><em>\u0162ara Oltului \u2013 Studiu de geografie istoric\u0103 cu privire special\u0103 asupra rela\u0163iilor cu toponimia<\/em><\/p>\n<p>2007<\/p>\n<p><em>\u00a0<\/em><\/td>\n<\/tr>\n<tr>\n<td rowspan=\"2\" width=\"338\" valign=\"top\">\u00a0<\/p>\n<p>Bogdan, Vasilie<\/td>\n<td width=\"197\" valign=\"top\"><em>Statistic\u0103 managerial\u0103<\/em><\/p>\n<p>2004<\/td>\n<\/tr>\n<tr>\n<td width=\"197\" valign=\"top\">\u00a0<\/p>\n<p><em>Teste \u015fi probleme de statistic\u0103 managerial\u0103<\/em><\/p>\n<p>2010<\/td>\n<\/tr>\n<tr>\n<td width=\"338\" valign=\"top\">\u00a0<\/p>\n<p>Bondor, Elena<\/td>\n<td width=\"197\" valign=\"top\"><em>Adrien Le Corbeau \u2013 Biobibliografie<\/em><\/p>\n<p>2006<\/td>\n<\/tr>\n<tr>\n<td width=\"338\" valign=\"top\">\u00a0<\/p>\n<p>Bozomitu, Laura<\/td>\n<td width=\"197\" valign=\"top\"><em>Ciroza hepatic\u0103 \u015fi alte cauze de hipertensiune portal\u0103 la copil<\/em><\/p>\n<p>2008<\/p>\n<p><em>\u00a0<\/em><\/td>\n<\/tr>\n<tr>\n<td rowspan=\"2\" width=\"338\" valign=\"top\">\u00a0<\/p>\n<p>Bozomitu, Radu Gabriel<\/td>\n<td width=\"197\" valign=\"top\"><em>Tehnici de liniarizare pentru circuitele integrate de radiofrecven\u0163\u0103<\/em><\/p>\n<p>2008<\/p>\n<p><em>\u00a0<\/em><\/td>\n<\/tr>\n<tr>\n<td width=\"197\" valign=\"top\">\u00a0<\/p>\n<p><em>Radioemi\u0163\u0103toare \u015fi radioreceptoare &#8211;\u00a0 \u00eendrumar de laborator<\/em><\/p>\n<p>2009<\/td>\n<\/tr>\n<tr>\n<td width=\"338\" valign=\"top\">\u00a0<\/p>\n<p>Buzoianu, Cristina<\/td>\n<td width=\"197\" valign=\"top\"><em>Condi\u0163ia uman\u0103 \u00een filosofia politic\u0103 a lui JJ Rouseau<\/em>2007<\/p>\n<p><strong>\u00a0<\/strong><\/p>\n<p><em>\u00a0<\/em><\/td>\n<\/tr>\n<tr>\n<td rowspan=\"23\" width=\"55\" valign=\"top\">\u00a0<\/p>\n<p><strong>C<\/strong><\/td>\n<td width=\"338\" valign=\"top\">Carata, Eugen<\/td>\n<td width=\"197\" valign=\"top\"><em>Robotic\u0103<\/em><\/p>\n<p>1999<\/td>\n<\/tr>\n<tr>\n<td width=\"338\" valign=\"top\">\u00a0<\/p>\n<p>Carpinschi, Anton<\/td>\n<td width=\"197\" valign=\"top\"><em>Cultura recunoa\u015fterii<\/em><\/p>\n<p>2008<\/td>\n<\/tr>\n<tr>\n<td width=\"338\" valign=\"top\">\u00a0<\/p>\n<p>Catargiu, Virgil<\/td>\n<td width=\"197\" valign=\"top\"><em>Perspective filosofice asupra istoriei<\/em><\/p>\n<p>2003<\/td>\n<\/tr>\n<tr>\n<td width=\"338\" valign=\"top\">\u00a0<\/p>\n<p>C\u0103prioar\u0103, Cornelia<\/td>\n<td width=\"197\" valign=\"top\"><em>Introducere \u00een filosofie<\/em><\/p>\n<p>2004<\/td>\n<\/tr>\n<tr>\n<td width=\"338\" valign=\"top\">\u00a0<\/p>\n<p>C\u0103prioar\u0103, Mihai<\/td>\n<td width=\"197\" valign=\"top\"><em>Introducere \u00een filosofie<\/em><\/p>\n<p>2004<\/td>\n<\/tr>\n<tr>\n<td rowspan=\"2\" width=\"338\" valign=\"top\">\u00a0<\/p>\n<p>Chelaru, Carmen<\/td>\n<td width=\"197\" valign=\"top\"><em>Filarmonica \u201eMoldova\u201d la 65 de ani<\/em><\/p>\n<p>2008<\/td>\n<\/tr>\n<tr>\n<td width=\"197\" valign=\"top\">\u00a0<\/p>\n<p><em>Spa\u0163iul sonor<\/em><\/p>\n<p>2007<\/p>\n<p><em>\u00a0<\/em><\/td>\n<\/tr>\n<tr>\n<td width=\"338\" valign=\"top\">\u00a0<\/p>\n<p>Chelaru, George (coord)<\/td>\n<td width=\"197\" valign=\"top\"><em>Sistem de Management Integral Asistat de Calculator<\/em>\u00a0<\/p>\n<p>2008<\/td>\n<\/tr>\n<tr>\n<td width=\"338\" valign=\"top\">\u00a0<\/p>\n<p>Chi\u0163oiu, Dan<\/td>\n<td width=\"197\" valign=\"top\"><em>Repere \u00een filosofia bizantin\u0103<\/em><\/p>\n<p>2003<\/td>\n<\/tr>\n<tr>\n<td rowspan=\"4\" width=\"338\" valign=\"top\">\u00a0<\/p>\n<p>Ciuc\u0103, Aurora<\/td>\n<td width=\"197\" valign=\"top\"><em>Protec\u0163ia interna\u0163ional\u0103 a drepturilor omului ed a III-a<\/em><\/p>\n<p>2008<\/td>\n<\/tr>\n<tr>\n<td width=\"197\" valign=\"top\">\u00a0<\/p>\n<p><em>Statut personal \u015fi na\u0163ionalitate \u00een dreptul inter\u00adna\u0163ional privat<\/em><\/p>\n<p>2005<\/p>\n<p><em>\u00a0<\/em><\/td>\n<\/tr>\n<tr>\n<td width=\"197\" valign=\"top\">\u00a0<\/p>\n<p><em>Drept interna\u0163ional public<\/em><\/p>\n<p>2005<\/td>\n<\/tr>\n<tr>\n<td width=\"197\" valign=\"top\">\u00a0<\/p>\n<p><em>Protec\u0163ia interna\u0163ional\u0103 a drepturilor omului<\/em><\/p>\n<p>2004<\/td>\n<\/tr>\n<tr>\n<td width=\"338\" valign=\"top\">\u00a0<\/p>\n<p>Ciuc\u0103, Valerius M<\/td>\n<td width=\"197\" valign=\"top\"><em>Vagant prin ideea european\u0103 Fulgura\u0163ii juridico-filosofice<\/em><\/p>\n<p>2010<\/td>\n<\/tr>\n<tr>\n<td rowspan=\"8\" width=\"338\" valign=\"top\">\u00a0<\/td>\n<td width=\"197\" valign=\"top\"><em>Itinerarii prin pretoriile europene<\/em><\/p>\n<p>2011<\/p>\n<p><em>\u00a0<\/em><\/td>\n<\/tr>\n<tr>\n<td width=\"197\" valign=\"top\">\u00a0<\/p>\n<p><em>Lec\u0163ii de drept privat comparat. Institu\u0163ii \u00een dreptul privat comparat. Persoanele<\/em><\/p>\n<p>2008<\/td>\n<\/tr>\n<tr>\n<td width=\"197\" valign=\"top\">\u00a0<\/p>\n<p><em>Lec\u0163ii de drept privat comparat<\/em><\/p>\n<p>2005<\/td>\n<\/tr>\n<tr>\n<td width=\"197\" valign=\"top\">\u00a0<\/p>\n<p><em>Lec\u0163ii de drept privat comparat<\/em><\/p>\n<p>2003<\/td>\n<\/tr>\n<tr>\n<td width=\"197\" valign=\"top\">\u00a0<\/p>\n<p><em>Lec\u0163ii introductive de hermeneutic\u0103 jur\u00adidic\u0103<\/em><\/p>\n<p>2005<\/td>\n<\/tr>\n<tr>\n<td width=\"197\" valign=\"top\">\u00a0<\/p>\n<p><em>Individul radical, <\/em>2006<\/td>\n<\/tr>\n<tr>\n<td width=\"197\" valign=\"top\">\u00a0<\/p>\n<p><em>Lec\u0163ii de drept privat com\u00adparat<\/em> vol. II<\/p>\n<p>2006<\/td>\n<\/tr>\n<tr>\n<td width=\"197\" valign=\"top\">\u00a0<\/p>\n<p><em>Psihanaliz\u0103 \u015fi hermeneutic\u0103 juridic\u0103<\/em><\/p>\n<p>2005<\/p>\n<p><em>\u00a0<\/em><\/td>\n<\/tr>\n<tr>\n<td width=\"338\" valign=\"top\">\u00a0<\/p>\n<p>Condur, Georgeta<\/td>\n<td width=\"197\" valign=\"top\"><em>Comunicare politic\u0103. Mijloace \u015fi sisteme<\/em><\/p>\n<p>2009<\/td>\n<\/tr>\n<tr>\n<td rowspan=\"10\" width=\"55\" valign=\"top\">\u00a0<\/p>\n<p><strong>D<\/strong><\/td>\n<td width=\"338\" valign=\"top\">Damian, Daniela<\/td>\n<td width=\"197\" valign=\"top\"><em>Teste \u015fi probleme de statistic\u0103 managerial\u0103<\/em><\/p>\n<p>2010<\/p>\n<p><em>\u00a0<\/em><\/td>\n<\/tr>\n<tr>\n<td width=\"338\" valign=\"top\">\u00a0<\/p>\n<p>Dam\u015fa, Liviu<\/td>\n<td width=\"197\" valign=\"top\"><em>Lec\u0163ii de drept privat com\u00adparat<\/em> vol. II<\/p>\n<p>2006<\/td>\n<\/tr>\n<tr>\n<td width=\"338\" valign=\"top\">\u00a0<\/p>\n<p>D\u0103n\u0103il\u0103, C\u0103t\u0103lin<\/td>\n<td width=\"197\" valign=\"top\"><em>Semiologie medical\u0103 \u2013 Hematologie<\/em><\/p>\n<p>2007<\/td>\n<\/tr>\n<tr>\n<td rowspan=\"2\" width=\"338\" valign=\"top\">\u00a0<\/p>\n<p>Dumitra\u015fcu, Hanibal<\/td>\n<td width=\"197\" valign=\"top\"><em>Ceilal\u0163i \u015fi Revolu\u0163ia Lini\u015ftit\u0103<\/em><\/p>\n<p>2004<\/td>\n<\/tr>\n<tr>\n<td width=\"197\" valign=\"top\">\u00a0<\/p>\n<p><em>Dezvoltare uman\u0103<\/em><\/p>\n<p>2006<\/p>\n<p><em>\u00a0<\/em><\/td>\n<\/tr>\n<tr>\n<td width=\"338\" valign=\"top\">\u00a0<\/p>\n<p>Dunca, Daniela<\/td>\n<td width=\"197\" valign=\"top\"><em>Fundamentele filosofiei presocratice<\/em><\/p>\n<p>2006<\/td>\n<\/tr>\n<tr>\n<td rowspan=\"2\" width=\"338\" valign=\"top\">\u00a0<\/p>\n<p>Dunca, Petru<\/td>\n<td width=\"197\" valign=\"top\"><em>Repere \u00een antropologia cultural\u0103 a alimenta\u0163iei<\/em><\/p>\n<p>2004<\/td>\n<\/tr>\n<tr>\n<td width=\"197\" valign=\"top\">\u00a0<\/p>\n<p><em>Introducere \u00een filosofia Orientului Antic<\/em><\/p>\n<p>2005<\/p>\n<p><em>\u00a0<\/em><\/td>\n<\/tr>\n<tr>\n<td width=\"338\" valign=\"top\">\u00a0<\/p>\n<p>Durac, Gheorghe<\/td>\n<td width=\"197\" valign=\"top\"><em>Drept procesual civil Teoria general\u0103 judecata \u00een prim\u0103 instan\u0163\u0103 c\u0103ile legale de atac<\/em><\/p>\n<p>2010<\/p>\n<p><em>\u00a0<\/em><\/td>\n<\/tr>\n<tr>\n<td width=\"338\" valign=\"top\">\u00a0<\/p>\n<p>Durac, Livia<\/td>\n<td width=\"197\" valign=\"top\"><em>Comunicare Dimensiuni psihologice<\/em><\/p>\n<p>2008<\/p>\n<p><em>\u00a0<\/em><\/td>\n<\/tr>\n<tr>\n<td width=\"55\" valign=\"top\">\u00a0<\/p>\n<p><strong>F<\/strong><\/td>\n<td width=\"338\" valign=\"top\">Frunz\u0103, Mihaela (coord)<\/td>\n<td width=\"197\" valign=\"top\"><em>Fe\u0163ele toleran\u0163ei<\/em><\/p>\n<p>2003<\/td>\n<\/tr>\n<tr>\n<td rowspan=\"6\" width=\"55\" valign=\"top\">\u00a0<\/p>\n<p><strong>G<\/strong><\/td>\n<td rowspan=\"2\" width=\"338\" valign=\"top\">Gavrilu\u0163\u0103, Nicu<\/td>\n<td width=\"197\" valign=\"top\"><em>Hermeneutica simbolismului religios<\/em><\/p>\n<p>2003<\/td>\n<\/tr>\n<tr>\n<td width=\"197\" valign=\"top\">\u00a0<\/p>\n<p><em>Mi\u015fc\u0103ri religioase orientale<\/em><\/p>\n<p>2006<\/td>\n<\/tr>\n<tr>\n<td width=\"338\" valign=\"top\">\u00a0<\/p>\n<p>Gavrilu\u0163\u0103, Cristina<\/td>\n<td width=\"197\" valign=\"top\"><em>Socioantropologia fenomenului religios<\/em><\/p>\n<p>2003<\/td>\n<\/tr>\n<tr>\n<td width=\"338\" valign=\"top\">\u00a0<\/p>\n<p>Georgescu, Gheorghe<\/td>\n<td width=\"197\" valign=\"top\"><em>Proiectarea \u015fi exploatarea asistat\u0103 de calculator a sistemelor publice de reparti\u0163ie \u015fi distribu\u0163ie a energiei electrice<\/em><\/p>\n<p>2010<\/td>\n<\/tr>\n<tr>\n<td width=\"338\" valign=\"top\">\u00a0<\/p>\n<p>Gheorghe, Manuela<\/td>\n<td width=\"197\" valign=\"top\"><em>Religie \u015fi schimbare social\u0103 \u00een Rom\u00e2nia<\/em><\/p>\n<p>2004<\/td>\n<\/tr>\n<tr>\n<td width=\"338\" valign=\"top\">\u00a0<\/p>\n<p>Ghideanu, Tudor<\/td>\n<td width=\"197\" valign=\"top\"><em>Filosofia Criteriului \u015fi Timpul Funciar<\/em><\/p>\n<p>2004<\/td>\n<\/tr>\n<tr>\n<td rowspan=\"2\" width=\"55\" valign=\"top\">\u00a0<\/p>\n<p><strong>H<\/strong><\/td>\n<td rowspan=\"2\" width=\"338\" valign=\"top\">H\u00e2rlab, Alina<\/td>\n<td width=\"197\" valign=\"top\"><em>Statistic\u0103 managerial\u0103<\/em><\/p>\n<p>2004<\/td>\n<\/tr>\n<tr>\n<td width=\"197\" valign=\"top\">\u00a0<\/p>\n<p><em>Teste \u015fi probleme de statistic\u0103 managerial\u0103<\/em><\/p>\n<p>2010<\/p>\n<p><em>\u00a0<\/em><\/td>\n<\/tr>\n<tr>\n<td rowspan=\"3\" width=\"55\" valign=\"top\">\u00a0<\/p>\n<p><strong>I<\/strong><\/td>\n<td rowspan=\"3\" width=\"338\" valign=\"top\">Iacob, Gheorghe<\/td>\n<td width=\"197\" valign=\"top\"><em>Economia Rom\u00e2niei (1859-1939). Fapte, legi, idei<\/em>,<\/p>\n<p>1996<\/td>\n<\/tr>\n<tr>\n<td width=\"197\" valign=\"top\">\u00a0<\/p>\n<p><em>Arhivele Moldovei, I-II, 1994-1995<\/em><\/p>\n<p>1996<\/td>\n<\/tr>\n<tr>\n<td width=\"197\" valign=\"top\">\u00a0<\/p>\n<p><em>Introducere \u00een diploma\u0163ie<\/em><\/p>\n<p>1998<\/td>\n<\/tr>\n<tr>\n<td width=\"55\" valign=\"top\">\u00a0<\/p>\n<p><strong>J<\/strong><\/td>\n<td width=\"338\" valign=\"top\">Jugrin, Daniel<\/td>\n<td width=\"197\" valign=\"top\"><em>Calea Nega\u0163iei \u00een Advaita Ved\u0101nta<\/em><\/p>\n<p>2008<\/td>\n<\/tr>\n<tr>\n<td width=\"55\" valign=\"top\">\u00a0<\/p>\n<p><strong>K<\/strong><\/td>\n<td width=\"338\" valign=\"top\">Kall\u00f3s, Nicolae<\/td>\n<td width=\"197\" valign=\"top\"><em>Cr\u00e2mpei de via\u0163\u0103 din secolul XX Un dialog despre evreitate holocaust \u015fi comunism ca experien\u0163e personale<\/em><\/p>\n<p>2003<\/td>\n<\/tr>\n<tr>\n<td rowspan=\"3\" width=\"55\" valign=\"top\">\u00a0<\/p>\n<p><strong>L<\/strong><\/td>\n<td width=\"338\" valign=\"top\">Luca, Aneta<\/td>\n<td width=\"197\" valign=\"top\"><em>Drept civil rom\u00e2n. Itinerari termonologic<\/em><\/p>\n<p>2006<\/td>\n<\/tr>\n<tr>\n<td width=\"338\" valign=\"top\">\u00a0<\/p>\n<p>Luca, Petre-R\u0103zvan<\/td>\n<td width=\"197\" valign=\"top\"><em>Drept civil rom\u00e2n. Itinerari termonologic<\/em><\/p>\n<p>2006<\/td>\n<\/tr>\n<tr>\n<td width=\"338\" valign=\"top\">\u00a0<\/p>\n<p>Lutic, Marcel<\/td>\n<td width=\"197\" valign=\"top\"><em>Timpul sacru<\/em><\/p>\n<p>2007<\/td>\n<\/tr>\n<tr>\n<td rowspan=\"9\" width=\"55\" valign=\"top\">\u00a0<\/p>\n<p><strong>M<\/strong><\/td>\n<td width=\"338\" valign=\"top\">Miftode, Alina Monica<\/td>\n<td width=\"197\" valign=\"top\"><em>Chimie anorganic\u0103 <\/em>2007<\/td>\n<\/tr>\n<tr>\n<td width=\"338\" valign=\"top\">\u00a0<\/p>\n<p>Miftode, Maria<\/td>\n<td width=\"197\" valign=\"top\"><em>Chimie anorganic\u0103 <\/em>2007<\/td>\n<\/tr>\n<tr>\n<td rowspan=\"3\" width=\"338\" valign=\"top\">\u00a0<\/p>\n<p>Miftode, Vasile<\/td>\n<td width=\"197\" valign=\"top\"><em>Teorie \u015fi metod\u0103 \u00een asisten\u0163a social\u0103<\/em><\/p>\n<p>1995\u00a0\u00a0\u00a0\u00a0\u00a0\u00a0\u00a0\u00a0\u00a0<\/td>\n<\/tr>\n<tr>\n<td width=\"197\" valign=\"top\">\u00a0<\/p>\n<p><em>Tratat de asisten\u0163\u0103 social\u0103<\/em> vol I<\/p>\n<p>2003<\/td>\n<\/tr>\n<tr>\n<td width=\"197\" valign=\"top\">\u00a0<\/p>\n<p><em>Metodologie sociologic\u0103<\/em><\/p>\n<p>2006<\/td>\n<\/tr>\n<tr>\n<td rowspan=\"2\" width=\"338\" valign=\"top\">\u00a0<\/p>\n<p>Moisuc, Maria-Alexandra<\/p>\n<p><strong>\u00a0<\/strong><\/td>\n<td width=\"197\" valign=\"top\"><em>La pastourelle m\u00e9di\u00e9vale en France et en Allemagne Une approche contrastive<\/em><\/p>\n<p>2008<\/td>\n<\/tr>\n<tr>\n<td width=\"197\" valign=\"top\">\u00a0<\/p>\n<p><em>R\u00e9ussir son \u00e9preuve\u00a0 de philosophie au BAC bilingue<\/em><\/p>\n<p>2008<\/p>\n<p><em>\u00a0<\/em><\/td>\n<\/tr>\n<tr>\n<td width=\"338\" valign=\"top\">\u00a0<\/p>\n<p>Moraru, Dan<\/td>\n<td width=\"197\" valign=\"top\"><em>Pediatrie \u2013 patologie digestiv\u0103 nutri\u0163ional\u0103 \u015fi neurologic\u0103 la copil<\/em><\/p>\n<p>2008<\/td>\n<\/tr>\n<tr>\n<td width=\"338\" valign=\"top\">\u00a0<\/p>\n<p>Munteanu, \u015etefan<\/td>\n<td width=\"197\" valign=\"top\"><em>Ra\u0163ionalitatea metafizicii lui Ion Petrovici<\/em><\/p>\n<p>2003<\/td>\n<\/tr>\n<tr>\n<td rowspan=\"2\" width=\"55\" valign=\"top\">\u00a0<\/p>\n<p><strong>N<\/strong><\/td>\n<td width=\"338\" valign=\"top\">Neagu, Bogdan<\/td>\n<td width=\"197\" valign=\"top\"><em>Proiectarea \u015fi exploatarea asistat\u0103 de calculator a sistemelor publice de reparti\u0163ie \u015fi distribu\u0163ie a energiei electrice<\/em><\/p>\n<p>2010<\/td>\n<\/tr>\n<tr>\n<td width=\"338\" valign=\"top\">\u00a0<\/p>\n<p>Netedu, Adrian<\/td>\n<td width=\"197\" valign=\"top\"><em>Informatic\u0103 \u015fi analiza datelor pentru \u015ftiin\u0163ele sociale<\/em><\/p>\n<p>2005<\/td>\n<\/tr>\n<tr>\n<td rowspan=\"7\" width=\"55\" valign=\"top\">\u00a0<\/p>\n<p><strong>P<\/strong><\/td>\n<td width=\"338\" valign=\"top\">Paraschiv, Dorel<\/td>\n<td width=\"197\" valign=\"top\"><em>Amfore romane \u015fi romano-bizantine \u00een zona Dun\u0103rii de Jos (sec I \u2013 VII p Chr)<\/em><\/p>\n<p>2006<\/td>\n<\/tr>\n<tr>\n<td width=\"338\" valign=\"top\">\u00a0<\/p>\n<p>P\u0103tra\u015fcu, Horia<\/td>\n<td width=\"197\" valign=\"top\"><em>Despre ur\u00e2t \u015fi al\u0163i demoni Reflec\u0163ii \u015fi exclama\u0163ii<\/em><\/p>\n<p>2005<\/td>\n<\/tr>\n<tr>\n<td rowspan=\"2\" width=\"338\" valign=\"top\">\u00a0<\/p>\n<p>Petcu, Liviu<\/td>\n<td width=\"197\" valign=\"top\"><em>Desfr\u00e2narea \u015fi avortul \u2013 r\u0103ni de moarte ale iubirii<\/em><\/p>\n<p>2008<\/td>\n<\/tr>\n<tr>\n<td width=\"197\" valign=\"top\">\u00a0<\/p>\n<p><em>P\u0103rin\u0163ii Capadocieni<\/em><\/p>\n<p>2009<\/p>\n<p><em>\u00a0<\/em><\/td>\n<\/tr>\n<tr>\n<td width=\"338\" valign=\"top\">\u00a0<\/p>\n<p>Petraru, Gheorghe (coord)<\/td>\n<td width=\"197\" valign=\"top\"><em>Erezie \u015fi Logos<\/em><\/p>\n<p>2008<\/p>\n<p><em>\u00a0<\/em><\/td>\n<\/tr>\n<tr>\n<td width=\"338\" valign=\"top\">\u00a0<\/p>\n<p>Plugaru, \u015etefan<\/td>\n<td width=\"197\" valign=\"top\"><em>Privire \u00een oglind\u0103: Pog\u0103ne\u015ftii din dreapta \u015fi din st\u00e2nga r\u00e2ului Prut &#8211; file de istorie<\/em><\/p>\n<p>2007<\/td>\n<\/tr>\n<tr>\n<td width=\"338\" valign=\"top\">\u00a0<\/p>\n<p>Popp, Lavinia<\/td>\n<td width=\"197\" valign=\"top\"><em>Politica ocup\u0103rii for\u0163ei de munc\u0103<\/em><\/p>\n<p>2008<\/td>\n<\/tr>\n<tr>\n<td width=\"55\" valign=\"top\">\u00a0<\/p>\n<p><strong>\u00a0<\/strong><\/td>\n<td width=\"338\" valign=\"top\">Pouivet, Roger<\/td>\n<td width=\"197\" valign=\"top\"><em>Ce este opera de art\u0103?<\/em><\/p>\n<p>2008<\/p>\n<p><em>\u00a0<\/em><\/td>\n<\/tr>\n<tr>\n<td rowspan=\"5\" width=\"55\" valign=\"top\">\u00a0<\/p>\n<p><strong>R<\/strong><\/td>\n<td width=\"338\" valign=\"top\">Raveica, Titus<\/td>\n<td width=\"197\" valign=\"top\"><em>Istoria filosofiei moderne<\/em> vol II<\/p>\n<p>2005<\/td>\n<\/tr>\n<tr>\n<td width=\"338\" valign=\"top\">\u00a0<\/p>\n<p>Rawlings, Tom<\/td>\n<td width=\"197\" valign=\"top\"><em>Lec\u0163ii de drept privat com\u00adparat<\/em> vol. II<\/p>\n<p>2006<\/td>\n<\/tr>\n<tr>\n<td rowspan=\"2\" width=\"338\" valign=\"top\">\u00a0<\/p>\n<p>R\u0103doi, Mihaela<\/td>\n<td width=\"197\" valign=\"top\"><em>Sisteme de asisten\u0163\u0103 social\u0103<\/em><\/p>\n<p>2008<\/td>\n<\/tr>\n<tr>\n<td width=\"197\" valign=\"top\">\u00a0<\/p>\n<p><em>Politica ocup\u0103rii for\u0163ei de munc\u0103<\/em><\/p>\n<p>2008<\/td>\n<\/tr>\n<tr>\n<td width=\"338\" valign=\"top\">\u00a0<\/p>\n<p>R\u0103\u0163ulea, Gabriela<\/td>\n<td width=\"197\" valign=\"top\"><em>Prelegeri de estetic\u0103<\/em><\/p>\n<p>2006<\/td>\n<\/tr>\n<tr>\n<td rowspan=\"11\" width=\"55\" valign=\"top\">\u00a0<\/p>\n<p><strong>S<\/strong><\/td>\n<td width=\"338\" valign=\"top\">Sandu, Maria<\/td>\n<td width=\"197\" valign=\"top\"><em>Filia\u0163ia. Abordare socio-juridic\u0103<\/em><\/p>\n<p>2003<\/td>\n<\/tr>\n<tr>\n<td width=\"338\" valign=\"top\">\u00a0<\/p>\n<p>Scripcaru, Gheorghe<\/td>\n<td width=\"197\" valign=\"top\"><em>Psihanaliz\u0103 \u015fi hermeneutic\u0103 juridic\u0103<\/em><\/p>\n<p>2005<\/td>\n<\/tr>\n<tr>\n<td rowspan=\"2\" width=\"338\" valign=\"top\">\u00a0<\/p>\n<p>Scripcaru, C\u0103lin<\/td>\n<td width=\"197\" valign=\"top\"><em>Psihanaliz\u0103 \u015fi hermeneutic\u0103 juridic\u0103<\/em><\/p>\n<p>2005<\/p>\n<p><em>\u00a0<\/em><\/td>\n<\/tr>\n<tr>\n<td width=\"197\" valign=\"top\">\u00a0<\/p>\n<p><em>Individul radical<\/em><\/p>\n<p>2006<\/p>\n<p><em>\u00a0<\/em><\/td>\n<\/tr>\n<tr>\n<td width=\"338\" valign=\"top\">\u00a0<\/p>\n<p>Semen, Petre<\/td>\n<td width=\"197\" valign=\"top\"><em>P\u0103rin\u0163ii Capadocieni<\/em><\/p>\n<p>2009<\/p>\n<p><em>\u00a0<\/em><\/td>\n<\/tr>\n<tr>\n<td width=\"338\" valign=\"top\">\u00a0<\/p>\n<p>Sfarti, C\u0103t\u0103lin<\/td>\n<td width=\"197\" valign=\"top\"><em>Motilitatea gastric\u0103 &#8211; normal \u015fi patologic<\/em><\/p>\n<p>2009<\/p>\n<p><em>\u00a0<\/em><\/td>\n<\/tr>\n<tr>\n<td width=\"338\" valign=\"top\">\u00a0<\/p>\n<p>Solcan, Gh.<\/td>\n<td width=\"197\" valign=\"top\"><em>Semiologie veterinar\u0103 \u015fi diagnostic clinic<\/em><\/p>\n<p>2000<\/td>\n<\/tr>\n<tr>\n<td width=\"338\" valign=\"top\">\u00a0<\/p>\n<p>Stan, Dumitru<\/td>\n<td width=\"197\" valign=\"top\"><em>Introducere \u00een sociologie<\/em><\/p>\n<p>2004<\/td>\n<\/tr>\n<tr>\n<td width=\"338\" valign=\"top\">\u00a0<\/p>\n<p>Stan, Liliana<\/td>\n<td width=\"197\" valign=\"top\"><em>Fundamente ale succesului educa\u0163ional<\/em><\/p>\n<p>2004<\/td>\n<\/tr>\n<tr>\n<td width=\"338\" valign=\"top\">\u00a0<\/p>\n<p>Stoica, Dan<\/td>\n<td width=\"197\" valign=\"top\"><em>Lec\u0163ii de drept privat com\u00adparat<\/em> vol. II<\/p>\n<p>2006<\/p>\n<p><em>\u00a0<\/em><\/td>\n<\/tr>\n<tr>\n<td width=\"338\" valign=\"top\">\u00a0<\/p>\n<p>Stoica, Virgil<\/td>\n<td width=\"197\" valign=\"top\"><em>Cine conduce Ia\u015fiul?<\/em><\/p>\n<p>2003<\/td>\n<\/tr>\n<tr>\n<td rowspan=\"5\" width=\"55\" valign=\"top\">\u00a0<\/p>\n<p><strong>\u015e<\/strong><\/td>\n<td width=\"338\" valign=\"top\">\u015eoitu, Daniela<\/td>\n<td width=\"197\" valign=\"top\"><em>Sisteme de asisten\u0163\u0103 social\u0103<\/em><\/p>\n<p>2008<\/td>\n<\/tr>\n<tr>\n<td width=\"338\" valign=\"top\">\u00a0<\/p>\n<p>\u015eoitu,Con\u0163iu Tiberiu<\/td>\n<td width=\"197\" valign=\"top\"><em>Adolescen\u0163ii institu\u0163ionaliza\u0163i<\/em><\/p>\n<p>2004<\/td>\n<\/tr>\n<tr>\n<td width=\"338\" valign=\"top\">\u00a0<\/p>\n<p>\u015etefanache, Alina<\/td>\n<td width=\"197\" valign=\"top\"><em>Chimie anorganic\u0103<\/em><\/p>\n<p>2007<\/td>\n<\/tr>\n<tr>\n<td width=\"338\" valign=\"top\">\u00a0<\/p>\n<p>\u015etef\u0103nescu, Cristinel<\/td>\n<td width=\"197\" valign=\"top\"><em>Basic Psychiatry\u00a0 for Medical Students<\/em><\/p>\n<p>2007<\/td>\n<\/tr>\n<tr>\n<td width=\"338\" valign=\"top\">\u00a0<\/p>\n<p>\u015etef\u0103nescu, Gabriela<\/td>\n<td width=\"197\" valign=\"top\"><em>No\u0163iuni de baz\u0103 \u00een gastroenterologie<\/em><\/p>\n<p>2008<\/td>\n<\/tr>\n<tr>\n<td rowspan=\"5\" width=\"55\" valign=\"top\">\u00a0<\/p>\n<p><strong>T<\/strong><\/td>\n<td rowspan=\"4\" width=\"338\" valign=\"top\">Teodorescu, Gheorghe<\/td>\n<td width=\"197\" valign=\"top\"><em>Un secol de sociologie rom\u00e2nesc\u0103 (1897-1997)<\/em><\/p>\n<p>1997<\/td>\n<\/tr>\n<tr>\n<td width=\"197\" valign=\"top\">\u00a0<\/p>\n<p><em>Rela\u0163ii publice \u015fi publicitate .Discurs metod\u0103 interpretare<\/em><\/p>\n<p>2003<\/td>\n<\/tr>\n<tr>\n<td width=\"197\" valign=\"top\">\u00a0<\/p>\n<p><em>Sociologia mirabilis<\/em><\/p>\n<p>2003, ed. II 2006<\/td>\n<\/tr>\n<tr>\n<td width=\"197\" valign=\"top\">\u00a0<\/p>\n<p><em>Sisteme de comportamente electorale<\/em><\/p>\n<p>2006<\/td>\n<\/tr>\n<tr>\n<td width=\"338\" valign=\"top\">\u00a0<\/p>\n<p>Tobolcea, Iolanda<\/td>\n<td width=\"197\" valign=\"top\"><em>Orient\u0103ri psihologice \u015fi logopedice \u00een logone\u00advroz\u0103<\/em><\/p>\n<p>2000<\/td>\n<\/tr>\n<tr>\n<td width=\"55\" valign=\"top\">\u00a0<\/p>\n<p><strong>V<\/strong><\/td>\n<td width=\"338\" valign=\"top\">V\u00e2rnav,<em> <\/em>Mihaela<\/td>\n<td width=\"197\" valign=\"top\"><em>Lec\u0163ii de drept privat com\u00adparat<\/em> vol. II<\/p>\n<p>2006<\/td>\n<\/tr>\n<tr>\n<td rowspan=\"2\" width=\"55\" valign=\"top\">\u00a0<\/p>\n<p><strong>Z<\/strong><\/td>\n<td width=\"338\" valign=\"top\">Zabulic\u0103, Angela<\/td>\n<td width=\"197\" valign=\"top\"><em>Temporalitatea \u00een discursul fenomenologic al lui Martin Heidegger<\/em><\/p>\n<p>2002<\/td>\n<\/tr>\n<tr>\n<td width=\"338\" valign=\"top\">\u00a0<\/p>\n<p>Zetu, Dumitru<\/td>\n<td width=\"197\" valign=\"top\"><em>Robotic\u0103<\/em><\/p>\n<p>1999<\/td>\n<\/tr>\n<\/tbody>\n<\/table>\n","protected":false},"excerpt":{"rendered":"<p>\u00a0 A Afloroaei, Lucia R\u00e9ussir son \u00e9preuve\u00a0 de philosophie au BAC bilingue\u00a0 2008 \u00a0 Afloroaei, \u015etefan (coord) Limite ale interpret\u0103rii 2001 \u00a0 Interpretare \u015fi ideologie 2002 \u00a0 Locul metafizic al str\u0103inului 2003 \u00a0 Agrigoroaei, Ion Arhivele Moldovei, I-II, 1994-1995 1996 &hellip; <a href=\"https:\/\/fundatiaaxis.ro\/?page_id=143\">Continue reading <span class=\"meta-nav\">&rarr;<\/span><\/a><\/p>\n","protected":false},"author":1,"featured_media":0,"parent":102,"menu_order":6,"comment_status":"closed","ping_status":"closed","template":"","meta":[],"_links":{"self":[{"href":"https:\/\/fundatiaaxis.ro\/index.php?rest_route=\/wp\/v2\/pages\/143"}],"collection":[{"href":"https:\/\/fundatiaaxis.ro\/index.php?rest_route=\/wp\/v2\/pages"}],"about":[{"href":"https:\/\/fundatiaaxis.ro\/index.php?rest_route=\/wp\/v2\/types\/page"}],"author":[{"embeddable":true,"href":"https:\/\/fundatiaaxis.ro\/index.php?rest_route=\/wp\/v2\/users\/1"}],"replies":[{"embeddable":true,"href":"https:\/\/fundatiaaxis.ro\/index.php?rest_route=%2Fwp%2Fv2%2Fcomments&post=143"}],"version-history":[{"count":9,"href":"https:\/\/fundatiaaxis.ro\/index.php?rest_route=\/wp\/v2\/pages\/143\/revisions"}],"predecessor-version":[{"id":507,"href":"https:\/\/fundatiaaxis.ro\/index.php?rest_route=\/wp\/v2\/pages\/143\/revisions\/507"}],"up":[{"embeddable":true,"href":"https:\/\/fundatiaaxis.ro\/index.php?rest_route=\/wp\/v2\/pages\/102"}],"wp:attachment":[{"href":"https:\/\/fundatiaaxis.ro\/index.php?rest_route=%2Fwp%2Fv2%2Fmedia&parent=143"}],"curies":[{"name":"wp","href":"https:\/\/api.w.org\/{rel}","templated":true}]}}