{"id":147,"date":"2011-06-17T12:53:01","date_gmt":"2011-06-17T12:53:01","guid":{"rendered":"http:\/\/fundatiaaxis.ro\/?page_id=147"},"modified":"2021-03-29T17:03:32","modified_gmt":"2021-03-29T17:03:32","slug":"proiecte","status":"publish","type":"page","link":"https:\/\/fundatiaaxis.ro\/?page_id=147","title":{"rendered":"PROIECTE"},"content":{"rendered":"<p><!--:ro-->\u00a0<\/p>\n<p>\u00centre proiectele realizate, amintim:<\/p>\n<ul>\n<li>simpozionul interna\u0163ional \u201cSocietatea civil\u0103 \u015fi mecanismele ei\u201d, organizat \u00een colaborare cu Prim\u0103ria \u015fi Prefectura Ia\u015fi, cu participarea unor speciali\u015fti din SUA;<\/li>\n<li>festivalul na\u0163ional de umor studen\u0163esc;<\/li>\n<li>serile \u201cDialog\u201d \u2013 dezbateri\u00a0 bilunare pe teme de interes istoric, civic, politic \u015fi filosofic;<\/li>\n<li>audi\u0163ii muzicale \u00een Aula Bibliotecii Uni\u00adver\u00adsitare \u201cMihai Eminescu\u201d Ia\u015fi, cu participarea studen\u0163ilor de la Academia de Arte \u201cGeorge Enescu\u201d;<\/li>\n<li>\u00eenfiin\u0163area unei edituri proprii, numite <a href=\"http:\/\/fundatiaaxis.ro\/?page_id=102\" target=\"_blank\" rel=\"noopener\">Editura Funda\u0163iei \u201cAxis\u201d<\/a>;<\/li>\n<li>editarea unor publica\u0163ii culturale studen\u00ad\u0163e\u015fti (<em>Ore studen\u0163e\u015fti, Dialog<\/em>) \u015fi <a title=\"Publicatiile Fundatiei Axis\" href=\"http:\/\/fundatiaaxis.ro\/?page_id=74\" target=\"_blank\" rel=\"noopener\">academice<\/a>;<\/li>\n<li>editarea a peste\u00a0<a href=\"http:\/\/fundatiaaxis.ro\/wp-content\/uploads\/CATALOG-AXIS.pdf\" target=\"_blank\" rel=\"noopener\">100 de c\u0103r\u0163i \u015fi cursuri cu caracter universitar<\/a>;<\/li>\n<li>organizarea unor <a href=\"http:\/\/fundatiaaxis.ro\/?page_id=267\" target=\"_blank\" rel=\"noopener\">sondaje sociologice de opinie<\/a> cu participare na\u0163ional\u0103, av\u00eend sus\u0163inerea \u015fi colaborarea speciali\u015ftilor \u00een domeniu din Universit\u0103\u0163i consacrate (Ia\u015fi, Cluj, Timi\u015foara, Bucure\u015fti, Craiova, Bra\u015fov, Gala\u0163i);<\/li>\n<li>implicarea \u00een organizarea simpozionului \u201cCentenarul sociologiei rom\u00e2ne\u015fti\u201d (1997), cu participare interna\u0163ional\u0103, a \u015ecolii Sociologice de var\u0103 (2002-2005) \u015fi a Semi\u00adnarului Interna\u0163ional de Filosofie (2004);<\/li>\n<li>organizarea anual\u0103 a <a href=\"http:\/\/www.scoalasociologica.ro\/\" target=\"_blank\" rel=\"noopener\">\u015ecolii sociologice franco-rom\u00e2ne<\/a>;<\/li>\n<li>derularea unor proiecte <em>Debate<\/em> la nivel na\u0163ional;<\/li>\n<li>participarea membrilor funda\u0163iei la sim\u00adpo\u00adzioane \u015fi colocvii studen\u0163e\u015fti sau la reuniuni ale organiza\u0163iilor studen\u0163e\u015fti non-guvernamentale;\u00a0<\/li>\n<li>colaborarea cu alte funda\u0163ii \u015fi organiza\u0163ii (<a href=\"http:\/\/www.soros.ro\/ro\/despre.php\" target=\"_blank\" rel=\"noopener\">Funda\u0163ia Soros pentru o Societate Deschis\u0103<\/a>, <a href=\"http:\/\/www.areopagus.ro\/\" target=\"_blank\" rel=\"noopener\">Funda\u0163ia Areopagus<\/a>, Funda\u0163ia cultural\u0103 \u201cGinta latin\u0103\u201d, <a href=\"http:\/\/www.aieseciasi.ro\/\" target=\"_blank\" rel=\"noopener\">AIESEC<\/a>, <a href=\"http:\/\/www.iasi.insse.ro\/main.php?id=28\" target=\"_blank\" rel=\"noopener\">DJTS Ia\u015fi<\/a>), \u00een baza unor programe comune.<\/li>\n<\/ul>\n<p><!--:--><!--:en-->\u00a0<\/p>\n<p>Successful projects:<\/p>\n<p>The international symposium \u201cCivil Society and Its Mechanisms\u201d, organized in cooperation with the City Hall and Prefecture of Iasi, as well as some specialists from U.S.A.<\/p>\n<p>Students\u2019 National Festival of Humour<\/p>\n<p>The \u201cDialogue\u201d meetings \u2013 fortnightly debates on philosophical, political, civic and historical themes<\/p>\n<p>Auditions in the \u201cMihai Eminescu\u201d Library Hall in Iasi, with the participation of students from the \u201cGeorge Enescu\u201d Academy of Arts<\/p>\n<p>The foundation of the Axis Foundation Publishing House<\/p>\n<p>Editing students\u2019 and academic publications (Ore studentesti, Dialog)<\/p>\n<p>Editing and publishing over 100 academic and didactic titles<\/p>\n<p>Organizing opinion surveys at a national scale, cooperating with specialists from universities in Ia\u015fi, Cluj, Timi\u015foara, Bucure\u015fti, Craiova, Bra\u015fov, Gala\u0163i.<\/p>\n<p>Participation in organizing the international symposium \u201cThe Centenary of Romanian Sociology\u201d (1997), the Summer School in Sociology (2002-2005) and the International Seminar of Philosophy (2004)<\/p>\n<p>Annual organization of the French-Romanian School in Sociology<\/p>\n<p>National running of some Debate projects<\/p>\n<p>Participation of the Foundation members in students\u2019 symposiums and conferences, in meetings of students\u2019 non-governmental organizations<\/p>\n<p>Cooperation with other foundations and organizations (SOROS Foundation, AREOPAGUS Foundation, \u201cGinta latina\u201d Cultural Foundation, AIESEC, DJTS Iasi), based on mutual interests.<!--:--><\/p>\n","protected":false},"excerpt":{"rendered":"<p>\u00a0 \u00centre proiectele realizate, amintim: simpozionul interna\u0163ional \u201cSocietatea civil\u0103 \u015fi mecanismele ei\u201d, organizat \u00een colaborare cu Prim\u0103ria \u015fi Prefectura Ia\u015fi, cu participarea unor speciali\u015fti din SUA; festivalul na\u0163ional de umor studen\u0163esc; serile \u201cDialog\u201d \u2013 dezbateri\u00a0 bilunare pe teme de interes &hellip; <a href=\"https:\/\/fundatiaaxis.ro\/?page_id=147\">Continue reading <span class=\"meta-nav\">&rarr;<\/span><\/a><\/p>\n","protected":false},"author":1,"featured_media":0,"parent":0,"menu_order":3,"comment_status":"closed","ping_status":"closed","template":"","meta":[],"_links":{"self":[{"href":"https:\/\/fundatiaaxis.ro\/index.php?rest_route=\/wp\/v2\/pages\/147"}],"collection":[{"href":"https:\/\/fundatiaaxis.ro\/index.php?rest_route=\/wp\/v2\/pages"}],"about":[{"href":"https:\/\/fundatiaaxis.ro\/index.php?rest_route=\/wp\/v2\/types\/page"}],"author":[{"embeddable":true,"href":"https:\/\/fundatiaaxis.ro\/index.php?rest_route=\/wp\/v2\/users\/1"}],"replies":[{"embeddable":true,"href":"https:\/\/fundatiaaxis.ro\/index.php?rest_route=%2Fwp%2Fv2%2Fcomments&post=147"}],"version-history":[{"count":14,"href":"https:\/\/fundatiaaxis.ro\/index.php?rest_route=\/wp\/v2\/pages\/147\/revisions"}],"predecessor-version":[{"id":503,"href":"https:\/\/fundatiaaxis.ro\/index.php?rest_route=\/wp\/v2\/pages\/147\/revisions\/503"}],"wp:attachment":[{"href":"https:\/\/fundatiaaxis.ro\/index.php?rest_route=%2Fwp%2Fv2%2Fmedia&parent=147"}],"curies":[{"name":"wp","href":"https:\/\/api.w.org\/{rel}","templated":true}]}}