{"id":166,"date":"2011-06-18T04:17:58","date_gmt":"2011-06-18T04:17:58","guid":{"rendered":"http:\/\/fundatiaaxis.ro\/?page_id=166"},"modified":"2021-03-29T17:05:04","modified_gmt":"2021-03-29T17:05:04","slug":"istorie","status":"publish","type":"page","link":"https:\/\/fundatiaaxis.ro\/?page_id=166","title":{"rendered":"ISTORIE"},"content":{"rendered":"<p><!--:ro-->\u00a0<\/p>\n<table border=\"1\" cellspacing=\"0\" cellpadding=\"0\" width=\"100%\">\n<tbody>\n<tr>\n<td width=\"163\" valign=\"top\"><strong>\u00a0<\/strong><\/td>\n<td width=\"288\" valign=\"top\">Gheorghe Cliveti,<em> Liberalismul rom\u00e2nesc<\/em>,<em>. Eseu istoriografic<\/em><strong>\u00a0<\/strong><\/td>\n<td width=\"132\" valign=\"top\">1996<\/td>\n<\/tr>\n<tr>\n<td width=\"163\" valign=\"top\"><strong>\u00a0<\/strong><\/td>\n<td width=\"288\" valign=\"top\">Gheorghe Iacob,<em> Economia Rom\u00e2niei (1859-1939). Fapte, legi, idei<\/em>,<\/td>\n<td width=\"132\" valign=\"top\">1996<\/td>\n<\/tr>\n<tr>\n<td width=\"163\" valign=\"top\"><strong>\u00a0<\/strong><\/td>\n<td width=\"288\" valign=\"top\">Ion Agrigoroaei, Gh. Iacob (coordonatori) <em>Arhivele Moldovei, I-II, 1994-1995<\/em><\/td>\n<td width=\"132\" valign=\"top\">1996<\/td>\n<\/tr>\n<tr>\n<td width=\"163\" valign=\"top\"><strong>\u00a0<\/strong><\/td>\n<td width=\"288\" valign=\"top\">Gheorghe Cliveti,<em> Rom\u00e2nia \u015fi crizele interna\u0163ionale, 1853-1913<\/em><\/td>\n<td width=\"132\" valign=\"top\">1997<\/td>\n<\/tr>\n<tr>\n<td width=\"163\" valign=\"top\"><strong>\u00a0<\/strong><\/td>\n<td width=\"288\" valign=\"top\">Gh. Iacob,<em> Introducere \u00een diploma\u0163ie<\/em><\/td>\n<td width=\"132\" valign=\"top\">1998<\/td>\n<\/tr>\n<tr>\n<td width=\"163\" valign=\"top\"><strong>\u00a0<\/strong><\/td>\n<td width=\"288\" valign=\"top\">Maria Cojocaru,<em> Managementul serviciilor de asisten\u0163\u0103 social\u0103<\/em><\/td>\n<td width=\"132\" valign=\"top\">2003<strong>\u00a0<\/strong><\/td>\n<\/tr>\n<tr>\n<td width=\"163\" valign=\"top\"><strong>\u00a0<\/strong><\/td>\n<td width=\"288\" valign=\"top\">Ion Agrigoroaiei,<em> Opinie public\u0103 \u015fi stare de spirit \u00een vremea R\u0103zboiului de \u00centregire \u015fi a Marii Uniri<\/em><\/td>\n<td width=\"132\" valign=\"top\">2004<strong>\u00a0<\/strong><\/td>\n<\/tr>\n<tr>\n<td width=\"163\" valign=\"top\"><strong>\u00a0<\/strong><\/td>\n<td width=\"288\" valign=\"top\">Dorel Paraschiv,<em> Amfore romane \u015fi romano-bizantine \u00een zona Dun\u0103rii de Jos (sec I \u2013 VII p Chr)<\/em><\/td>\n<td width=\"132\" valign=\"top\">2006<strong>\u00a0<\/strong><\/td>\n<\/tr>\n<tr>\n<td width=\"163\" valign=\"top\"><strong><a href=\"http:\/\/fundatiaaxis.ro\/wp-content\/uploads\/Plugaru_seria-istorie.jpg\"><img loading=\"lazy\" class=\"alignnone size-thumbnail wp-image-46\" title=\"Plugaru_seria istorie\" src=\"http:\/\/fundatiaaxis.ro\/wp-content\/uploads\/Plugaru_seria-istorie-150x150.jpg\" alt=\"\" width=\"150\" height=\"150\" \/><\/a><a href=\"http:\/\/fundatiaaxis.ro\/wp-content\/uploads\/Plugaru_seria-istorie.jpg\"><\/a><\/strong><\/td>\n<td width=\"288\" valign=\"top\">\u015etefan Plugaru,<em> Privire \u00een oglind\u0103: Pog\u0103ne\u015ftii din dreapta \u015fi din st\u00e2nga r\u00e2ului Prut &#8211; file de istorie<\/em><\/td>\n<td width=\"132\" valign=\"top\">2007<strong>\u00a0<\/strong><\/td>\n<\/tr>\n<tr>\n<td width=\"163\" valign=\"top\"><strong>\u00a0<\/strong><\/td>\n<td width=\"288\" valign=\"top\">Gicu Valentin Dogaru,<em> Protec\u0163ionism \u015fi na\u0163iune Mihail Manoilescu<\/em><\/td>\n<td width=\"132\" valign=\"top\">2008<strong>\u00a0<\/strong><\/td>\n<\/tr>\n<\/tbody>\n<\/table>\n<p><!--:--><!--:en-->\u00a0<\/p>\n<table border=\"1\" cellspacing=\"0\" cellpadding=\"0\" width=\"100%\">\n<tbody>\n<tr>\n<td width=\"163\" valign=\"top\"><strong>\u00a0<\/strong><\/td>\n<td width=\"288\" valign=\"top\">Gheorghe Cliveti,<em> Liberalismul rom\u00e2nesc<\/em>,<em>. Eseu istoriografic<\/em><strong>\u00a0<\/strong><\/td>\n<td width=\"132\" valign=\"top\">1996<\/td>\n<\/tr>\n<tr>\n<td width=\"163\" valign=\"top\"><strong>\u00a0<\/strong><\/td>\n<td width=\"288\" valign=\"top\">Gheorghe Iacob,<em> Economia Rom\u00e2niei (1859-1939). Fapte, legi, idei<\/em>,<\/td>\n<td width=\"132\" valign=\"top\">1996<\/td>\n<\/tr>\n<tr>\n<td width=\"163\" valign=\"top\"><strong>\u00a0<\/strong><\/td>\n<td width=\"288\" valign=\"top\">Ion Agrigoroaei, Gh. Iacob (coordonatori) <em>Arhivele Moldovei, I-II, 1994-1995<\/em><\/td>\n<td width=\"132\" valign=\"top\">1996<\/td>\n<\/tr>\n<tr>\n<td width=\"163\" valign=\"top\"><strong>\u00a0<\/strong><\/td>\n<td width=\"288\" valign=\"top\">Gheorghe Cliveti,<em> Rom\u00e2nia \u015fi crizele interna\u0163ionale, 1853-1913<\/em><\/td>\n<td width=\"132\" valign=\"top\">1997<\/td>\n<\/tr>\n<tr>\n<td width=\"163\" valign=\"top\"><strong>\u00a0<\/strong><\/td>\n<td width=\"288\" valign=\"top\">Gh. Iacob,<em> Introducere \u00een diploma\u0163ie<\/em><\/td>\n<td width=\"132\" valign=\"top\">1998<\/td>\n<\/tr>\n<tr>\n<td width=\"163\" valign=\"top\"><strong>\u00a0<\/strong><\/td>\n<td width=\"288\" valign=\"top\">Maria Cojocaru,<em> Managementul serviciilor de asisten\u0163\u0103 social\u0103<\/em><\/td>\n<td width=\"132\" valign=\"top\">2003<strong>\u00a0<\/strong><\/td>\n<\/tr>\n<tr>\n<td width=\"163\" valign=\"top\"><strong>\u00a0<\/strong><\/td>\n<td width=\"288\" valign=\"top\">Ion Agrigoroaiei,<em> Opinie public\u0103 \u015fi stare de spirit \u00een vremea R\u0103zboiului de \u00centregire \u015fi a Marii Uniri<\/em><\/td>\n<td width=\"132\" valign=\"top\">2004<strong>\u00a0<\/strong><\/td>\n<\/tr>\n<tr>\n<td width=\"163\" valign=\"top\"><strong>\u00a0<\/strong><\/td>\n<td width=\"288\" valign=\"top\">Dorel Paraschiv,<em> Amfore romane \u015fi romano-bizantine \u00een zona Dun\u0103rii de Jos (sec I \u2013 VII p Chr)<\/em><\/td>\n<td width=\"132\" valign=\"top\">2006<strong>\u00a0<\/strong><\/td>\n<\/tr>\n<tr>\n<td width=\"163\" valign=\"top\"><strong><a href=\"http:\/\/fundatiaaxis.ro\/wp-content\/uploads\/Plugaru_seria-istorie.jpg\"><img loading=\"lazy\" class=\"alignnone size-thumbnail wp-image-46\" title=\"Plugaru_seria istorie\" src=\"http:\/\/fundatiaaxis.ro\/wp-content\/uploads\/Plugaru_seria-istorie-150x150.jpg\" alt=\"\" width=\"150\" height=\"150\" \/><\/a><a href=\"http:\/\/fundatiaaxis.ro\/wp-content\/uploads\/Plugaru_seria-istorie.jpg\"><\/a><\/strong><\/td>\n<td width=\"288\" valign=\"top\">\u015etefan Plugaru,<em> Privire \u00een oglind\u0103: Pog\u0103ne\u015ftii din dreapta \u015fi din st\u00e2nga r\u00e2ului Prut &#8211; file de istorie<\/em><\/td>\n<td width=\"132\" valign=\"top\">2007<strong>\u00a0<\/strong><\/td>\n<\/tr>\n<tr>\n<td width=\"163\" valign=\"top\"><strong>\u00a0<\/strong><\/td>\n<td width=\"288\" valign=\"top\">Gicu Valentin Dogaru,<em> Protec\u0163ionism \u015fi na\u0163iune Mihail Manoilescu<\/em><\/td>\n<td width=\"132\" valign=\"top\">2008<strong>\u00a0<\/strong><\/td>\n<\/tr>\n<\/tbody>\n<\/table>\n<p><!--:--><\/p>\n","protected":false},"excerpt":{"rendered":"<p>\u00a0 \u00a0 Gheorghe Cliveti, Liberalismul rom\u00e2nesc,. Eseu istoriografic\u00a0 1996 \u00a0 Gheorghe Iacob, Economia Rom\u00e2niei (1859-1939). Fapte, legi, idei, 1996 \u00a0 Ion Agrigoroaei, Gh. Iacob (coordonatori) Arhivele Moldovei, I-II, 1994-1995 1996 \u00a0 Gheorghe Cliveti, Rom\u00e2nia \u015fi crizele interna\u0163ionale, 1853-1913 1997 \u00a0 &hellip; <a href=\"https:\/\/fundatiaaxis.ro\/?page_id=166\">Continue reading <span class=\"meta-nav\">&rarr;<\/span><\/a><\/p>\n","protected":false},"author":1,"featured_media":0,"parent":56,"menu_order":0,"comment_status":"closed","ping_status":"closed","template":"","meta":[],"_links":{"self":[{"href":"https:\/\/fundatiaaxis.ro\/index.php?rest_route=\/wp\/v2\/pages\/166"}],"collection":[{"href":"https:\/\/fundatiaaxis.ro\/index.php?rest_route=\/wp\/v2\/pages"}],"about":[{"href":"https:\/\/fundatiaaxis.ro\/index.php?rest_route=\/wp\/v2\/types\/page"}],"author":[{"embeddable":true,"href":"https:\/\/fundatiaaxis.ro\/index.php?rest_route=\/wp\/v2\/users\/1"}],"replies":[{"embeddable":true,"href":"https:\/\/fundatiaaxis.ro\/index.php?rest_route=%2Fwp%2Fv2%2Fcomments&post=166"}],"version-history":[{"count":7,"href":"https:\/\/fundatiaaxis.ro\/index.php?rest_route=\/wp\/v2\/pages\/166\/revisions"}],"predecessor-version":[{"id":518,"href":"https:\/\/fundatiaaxis.ro\/index.php?rest_route=\/wp\/v2\/pages\/166\/revisions\/518"}],"up":[{"embeddable":true,"href":"https:\/\/fundatiaaxis.ro\/index.php?rest_route=\/wp\/v2\/pages\/56"}],"wp:attachment":[{"href":"https:\/\/fundatiaaxis.ro\/index.php?rest_route=%2Fwp%2Fv2%2Fmedia&parent=166"}],"curies":[{"name":"wp","href":"https:\/\/api.w.org\/{rel}","templated":true}]}}