{"id":169,"date":"2011-06-18T04:31:22","date_gmt":"2011-06-18T04:31:22","guid":{"rendered":"http:\/\/fundatiaaxis.ro\/?page_id=169"},"modified":"2021-03-29T17:01:58","modified_gmt":"2021-03-29T17:01:58","slug":"antropologie","status":"publish","type":"page","link":"https:\/\/fundatiaaxis.ro\/?page_id=169","title":{"rendered":"ANTROPOLOGIE"},"content":{"rendered":"<p><!--:ro-->\u00a0<\/p>\n<table border=\"1\" cellspacing=\"0\" cellpadding=\"0\">\n<tbody>\n<tr>\n<td width=\"151\" valign=\"top\"><strong>\u00a0<\/strong><\/td>\n<td width=\"312\" valign=\"top\">Cristina Gavrilu\u0163\u0103, <em>\u00a0Socioantropologia fenomenului religios<\/em><strong>\u00a0<\/strong><\/td>\n<td width=\"120\" valign=\"top\">2003<strong>\u00a0<\/strong><\/td>\n<\/tr>\n<tr>\n<td width=\"151\" valign=\"top\"><strong><a href=\"http:\/\/fundatiaaxis.ro\/wp-content\/uploads\/Dunca-Petru_seria-antropologie.jpg\"><img loading=\"lazy\" class=\"alignnone size-thumbnail wp-image-33\" title=\"Dunca Petru_seria antropologie\" src=\"http:\/\/fundatiaaxis.ro\/wp-content\/uploads\/Dunca-Petru_seria-antropologie-150x150.jpg\" alt=\"\" width=\"150\" height=\"150\" \/><\/a><\/strong><\/td>\n<td width=\"312\" valign=\"top\">Dunca Petru,<em> Repere \u00een antropologia cultural\u0103 a alimenta\u0163iei<\/em><strong>\u00a0<\/strong><\/td>\n<td width=\"120\" valign=\"top\">2004<strong>\u00a0<\/strong><\/td>\n<\/tr>\n<\/tbody>\n<\/table>\n<p><!--:--><!--:en-->\u00a0<\/p>\n<table border=\"1\" cellspacing=\"0\" cellpadding=\"0\">\n<tbody>\n<tr>\n<td width=\"151\" valign=\"top\"><strong>\u00a0<\/strong><\/td>\n<td width=\"312\" valign=\"top\">Cristina Gavrilu\u0163\u0103, <em>\u00a0Socioantropologia fenomenului religios<\/em><strong>\u00a0<\/strong><\/td>\n<td width=\"120\" valign=\"top\">2003<strong>\u00a0<\/strong><\/td>\n<\/tr>\n<tr>\n<td width=\"151\" valign=\"top\"><strong><a href=\"http:\/\/fundatiaaxis.ro\/wp-content\/uploads\/Dunca-Petru_seria-antropologie.jpg\"><img loading=\"lazy\" class=\"alignnone size-thumbnail wp-image-33\" title=\"Dunca Petru_seria antropologie\" src=\"http:\/\/fundatiaaxis.ro\/wp-content\/uploads\/Dunca-Petru_seria-antropologie-150x150.jpg\" alt=\"\" width=\"150\" height=\"150\" \/><\/a><\/strong><\/td>\n<td width=\"312\" valign=\"top\">Dunca Petru,<em> Repere \u00een antropologia cultural\u0103 a alimenta\u0163iei<\/em><strong>\u00a0<\/strong><\/td>\n<td width=\"120\" valign=\"top\">2004<strong>\u00a0<\/strong><\/td>\n<\/tr>\n<\/tbody>\n<\/table>\n<p><!--:--><\/p>\n","protected":false},"excerpt":{"rendered":"<p>\u00a0 \u00a0 Cristina Gavrilu\u0163\u0103, \u00a0Socioantropologia fenomenului religios\u00a0 2003\u00a0 Dunca Petru, Repere \u00een antropologia cultural\u0103 a alimenta\u0163iei\u00a0 2004\u00a0 \u00a0 \u00a0 Cristina Gavrilu\u0163\u0103, \u00a0Socioantropologia fenomenului religios\u00a0 2003\u00a0 Dunca Petru, Repere \u00een antropologia cultural\u0103 a alimenta\u0163iei\u00a0 2004\u00a0<\/p>\n","protected":false},"author":1,"featured_media":0,"parent":56,"menu_order":0,"comment_status":"closed","ping_status":"closed","template":"","meta":[],"_links":{"self":[{"href":"https:\/\/fundatiaaxis.ro\/index.php?rest_route=\/wp\/v2\/pages\/169"}],"collection":[{"href":"https:\/\/fundatiaaxis.ro\/index.php?rest_route=\/wp\/v2\/pages"}],"about":[{"href":"https:\/\/fundatiaaxis.ro\/index.php?rest_route=\/wp\/v2\/types\/page"}],"author":[{"embeddable":true,"href":"https:\/\/fundatiaaxis.ro\/index.php?rest_route=\/wp\/v2\/users\/1"}],"replies":[{"embeddable":true,"href":"https:\/\/fundatiaaxis.ro\/index.php?rest_route=%2Fwp%2Fv2%2Fcomments&post=169"}],"version-history":[{"count":6,"href":"https:\/\/fundatiaaxis.ro\/index.php?rest_route=\/wp\/v2\/pages\/169\/revisions"}],"predecessor-version":[{"id":491,"href":"https:\/\/fundatiaaxis.ro\/index.php?rest_route=\/wp\/v2\/pages\/169\/revisions\/491"}],"up":[{"embeddable":true,"href":"https:\/\/fundatiaaxis.ro\/index.php?rest_route=\/wp\/v2\/pages\/56"}],"wp:attachment":[{"href":"https:\/\/fundatiaaxis.ro\/index.php?rest_route=%2Fwp%2Fv2%2Fmedia&parent=169"}],"curies":[{"name":"wp","href":"https:\/\/api.w.org\/{rel}","templated":true}]}}