{"id":174,"date":"2011-06-18T05:32:03","date_gmt":"2011-06-18T05:32:03","guid":{"rendered":"http:\/\/fundatiaaxis.ro\/?page_id=174"},"modified":"2021-03-29T17:02:08","modified_gmt":"2021-03-29T17:02:08","slug":"asistenta-sociala","status":"publish","type":"page","link":"https:\/\/fundatiaaxis.ro\/?page_id=174","title":{"rendered":"ASISTEN\u0162\u0102 SOCIAL\u0102"},"content":{"rendered":"<p><!--:ro-->\u00a0<\/p>\n<table border=\"1\" cellspacing=\"0\" cellpadding=\"0\">\n<tbody>\n<tr>\n<td width=\"197\" valign=\"top\">\u00a0<\/td>\n<td width=\"197\" valign=\"top\">Vasile Miftode,<em> Teorie \u015fi metod\u0103 \u00een asisten\u0163a social\u0103<\/em><\/td>\n<td width=\"197\" valign=\"top\">1995<\/td>\n<\/tr>\n<tr>\n<td width=\"197\" valign=\"top\">\u00a0<\/td>\n<td width=\"197\" valign=\"top\">Vasile Miftode,<em> Tratat de asisten\u0163\u0103 social\u0103<\/em> vol I<\/td>\n<td width=\"197\" valign=\"top\">2003<\/td>\n<\/tr>\n<tr>\n<td width=\"197\" valign=\"top\">\u00a0<\/td>\n<td width=\"197\" valign=\"top\">Maria Cojocaru,<em> Managementul serviciilor de asisten\u0163\u0103 social\u0103<\/em><\/td>\n<td width=\"197\" valign=\"top\">2003<\/td>\n<\/tr>\n<tr>\n<td width=\"197\" valign=\"top\">\u00a0<\/td>\n<td width=\"197\" valign=\"top\">Con\u0163iu Tiberiu \u015eoitu,<em> Adolescen\u0163ii institu\u0163ionaliza\u0163i<\/em><\/td>\n<td width=\"197\" valign=\"top\">2004<\/td>\n<\/tr>\n<tr>\n<td width=\"197\" valign=\"top\"><a href=\"http:\/\/fundatiaaxis.ro\/wp-content\/uploads\/Daniela-Soitu_seria-asistenta-sociala.jpg\"><img loading=\"lazy\" class=\"alignnone size-thumbnail wp-image-30\" title=\"Daniela Soitu_seria asistenta sociala\" src=\"http:\/\/fundatiaaxis.ro\/wp-content\/uploads\/Daniela-Soitu_seria-asistenta-sociala-150x150.jpg\" alt=\"\" width=\"150\" height=\"150\" \/><\/a><\/td>\n<td width=\"197\" valign=\"top\">Daniela \u015eoitu, Mihaela R\u0103doi,<em> Sisteme de asisten\u0163\u0103 social\u0103<\/em><\/td>\n<td width=\"197\" valign=\"top\">2008<\/td>\n<\/tr>\n<\/tbody>\n<\/table>\n<p><!--:--><!--:en-->\u00a0<\/p>\n<table border=\"1\" cellspacing=\"0\" cellpadding=\"0\">\n<tbody>\n<tr>\n<td width=\"197\" valign=\"top\">\u00a0<\/td>\n<td width=\"197\" valign=\"top\">Vasile Miftode,<em> Teorie \u015fi metod\u0103 \u00een asisten\u0163a social\u0103<\/em><\/td>\n<td width=\"197\" valign=\"top\">1995<\/td>\n<\/tr>\n<tr>\n<td width=\"197\" valign=\"top\">\u00a0<\/td>\n<td width=\"197\" valign=\"top\">Vasile Miftode,<em> Tratat de asisten\u0163\u0103 social\u0103<\/em> vol I<\/td>\n<td width=\"197\" valign=\"top\">2003<\/td>\n<\/tr>\n<tr>\n<td width=\"197\" valign=\"top\">\u00a0<\/td>\n<td width=\"197\" valign=\"top\">Maria Cojocaru,<em> Managementul serviciilor de asisten\u0163\u0103 social\u0103<\/em><\/td>\n<td width=\"197\" valign=\"top\">2003<\/td>\n<\/tr>\n<tr>\n<td width=\"197\" valign=\"top\">\u00a0<\/td>\n<td width=\"197\" valign=\"top\">Con\u0163iu Tiberiu \u015eoitu,<em> Adolescen\u0163ii institu\u0163ionaliza\u0163i<\/em><\/td>\n<td width=\"197\" valign=\"top\">2004<\/td>\n<\/tr>\n<tr>\n<td width=\"197\" valign=\"top\"><a href=\"http:\/\/fundatiaaxis.ro\/wp-content\/uploads\/Daniela-Soitu_seria-asistenta-sociala.jpg\"><img loading=\"lazy\" class=\"alignnone size-thumbnail wp-image-30\" title=\"Daniela Soitu_seria asistenta sociala\" src=\"http:\/\/fundatiaaxis.ro\/wp-content\/uploads\/Daniela-Soitu_seria-asistenta-sociala-150x150.jpg\" alt=\"\" width=\"150\" height=\"150\" \/><\/a><\/td>\n<td width=\"197\" valign=\"top\">Daniela \u015eoitu, Mihaela R\u0103doi,<em> Sisteme de asisten\u0163\u0103 social\u0103<\/em><\/td>\n<td width=\"197\" valign=\"top\">2008<\/td>\n<\/tr>\n<\/tbody>\n<\/table>\n<p><!--:--><\/p>\n","protected":false},"excerpt":{"rendered":"<p>\u00a0 \u00a0 Vasile Miftode, Teorie \u015fi metod\u0103 \u00een asisten\u0163a social\u0103 1995 \u00a0 Vasile Miftode, Tratat de asisten\u0163\u0103 social\u0103 vol I 2003 \u00a0 Maria Cojocaru, Managementul serviciilor de asisten\u0163\u0103 social\u0103 2003 \u00a0 Con\u0163iu Tiberiu \u015eoitu, Adolescen\u0163ii institu\u0163ionaliza\u0163i 2004 Daniela \u015eoitu, Mihaela &hellip; <a href=\"https:\/\/fundatiaaxis.ro\/?page_id=174\">Continue reading <span class=\"meta-nav\">&rarr;<\/span><\/a><\/p>\n","protected":false},"author":1,"featured_media":0,"parent":56,"menu_order":0,"comment_status":"closed","ping_status":"closed","template":"","meta":[],"_links":{"self":[{"href":"https:\/\/fundatiaaxis.ro\/index.php?rest_route=\/wp\/v2\/pages\/174"}],"collection":[{"href":"https:\/\/fundatiaaxis.ro\/index.php?rest_route=\/wp\/v2\/pages"}],"about":[{"href":"https:\/\/fundatiaaxis.ro\/index.php?rest_route=\/wp\/v2\/types\/page"}],"author":[{"embeddable":true,"href":"https:\/\/fundatiaaxis.ro\/index.php?rest_route=\/wp\/v2\/users\/1"}],"replies":[{"embeddable":true,"href":"https:\/\/fundatiaaxis.ro\/index.php?rest_route=%2Fwp%2Fv2%2Fcomments&post=174"}],"version-history":[{"count":6,"href":"https:\/\/fundatiaaxis.ro\/index.php?rest_route=\/wp\/v2\/pages\/174\/revisions"}],"predecessor-version":[{"id":493,"href":"https:\/\/fundatiaaxis.ro\/index.php?rest_route=\/wp\/v2\/pages\/174\/revisions\/493"}],"up":[{"embeddable":true,"href":"https:\/\/fundatiaaxis.ro\/index.php?rest_route=\/wp\/v2\/pages\/56"}],"wp:attachment":[{"href":"https:\/\/fundatiaaxis.ro\/index.php?rest_route=%2Fwp%2Fv2%2Fmedia&parent=174"}],"curies":[{"name":"wp","href":"https:\/\/api.w.org\/{rel}","templated":true}]}}