{"id":176,"date":"2011-06-18T05:37:27","date_gmt":"2011-06-18T05:37:27","guid":{"rendered":"http:\/\/fundatiaaxis.ro\/?page_id=176"},"modified":"2021-03-29T17:05:39","modified_gmt":"2021-03-29T17:05:39","slug":"psihologie","status":"publish","type":"page","link":"https:\/\/fundatiaaxis.ro\/?page_id=176","title":{"rendered":"PSIHOLOGIE"},"content":{"rendered":"<p><!--:ro-->\u00a0<\/p>\n<table border=\"1\" cellspacing=\"0\" cellpadding=\"0\">\n<tbody>\n<tr>\n<td width=\"197\" valign=\"top\">\u00a0<\/td>\n<td width=\"197\" valign=\"top\">Mihai Chelaru,<em> Psihologia eului<\/em><\/td>\n<td width=\"197\" valign=\"top\">2003<\/td>\n<\/tr>\n<tr>\n<td width=\"197\" valign=\"top\">\u00a0<\/td>\n<td width=\"197\" valign=\"top\">Hanibal Dumitra\u015fcu,<em> Ceilal\u0163i \u015fi Revolu\u0163ia Lini\u015ftit\u0103<\/em><\/td>\n<td width=\"197\" valign=\"top\">2004<\/td>\n<\/tr>\n<tr>\n<td width=\"197\" valign=\"top\">\u00a0<\/td>\n<td width=\"197\" valign=\"top\">Hanibal Dumitra\u015fcu,<em> Dezvoltare uman\u0103<\/em><\/td>\n<td width=\"197\" valign=\"top\">2006<\/td>\n<\/tr>\n<tr>\n<td width=\"197\" valign=\"top\">\u00a0<\/td>\n<td width=\"197\" valign=\"top\">Constantin Bere,<em> Sistem psiho-informatic destinat evalu\u0103rii psihologice pentru posturile de munc\u0103 cu \u00eenalt risc<\/em><\/td>\n<td width=\"197\" valign=\"top\">2010<\/td>\n<\/tr>\n<\/tbody>\n<\/table>\n<p><!--:--><!--:en-->\u00a0<\/p>\n<table border=\"1\" cellspacing=\"0\" cellpadding=\"0\">\n<tbody>\n<tr>\n<td width=\"197\" valign=\"top\">\u00a0<\/td>\n<td width=\"197\" valign=\"top\">Mihai Chelaru,<em> Psihologia eului<\/em><\/td>\n<td width=\"197\" valign=\"top\">2003<\/td>\n<\/tr>\n<tr>\n<td width=\"197\" valign=\"top\">\u00a0<\/td>\n<td width=\"197\" valign=\"top\">Hanibal Dumitra\u015fcu,<em> Ceilal\u0163i \u015fi Revolu\u0163ia Lini\u015ftit\u0103<\/em><\/td>\n<td width=\"197\" valign=\"top\">2004<\/td>\n<\/tr>\n<tr>\n<td width=\"197\" valign=\"top\">\u00a0<\/td>\n<td width=\"197\" valign=\"top\">Hanibal Dumitra\u015fcu,<em> Dezvoltare uman\u0103<\/em><\/td>\n<td width=\"197\" valign=\"top\">2006<\/td>\n<\/tr>\n<tr>\n<td width=\"197\" valign=\"top\">\u00a0<\/td>\n<td width=\"197\" valign=\"top\">Constantin Bere,<em> Sistem psiho-informatic destinat evalu\u0103rii psihologice pentru posturile de munc\u0103 cu \u00eenalt risc<\/em><\/td>\n<td width=\"197\" valign=\"top\">2010<\/td>\n<\/tr>\n<\/tbody>\n<\/table>\n<p><!--:--><\/p>\n","protected":false},"excerpt":{"rendered":"<p>\u00a0 \u00a0 Mihai Chelaru, Psihologia eului 2003 \u00a0 Hanibal Dumitra\u015fcu, Ceilal\u0163i \u015fi Revolu\u0163ia Lini\u015ftit\u0103 2004 \u00a0 Hanibal Dumitra\u015fcu, Dezvoltare uman\u0103 2006 \u00a0 Constantin Bere, Sistem psiho-informatic destinat evalu\u0103rii psihologice pentru posturile de munc\u0103 cu \u00eenalt risc 2010 \u00a0 \u00a0 Mihai &hellip; <a href=\"https:\/\/fundatiaaxis.ro\/?page_id=176\">Continue reading <span class=\"meta-nav\">&rarr;<\/span><\/a><\/p>\n","protected":false},"author":1,"featured_media":0,"parent":56,"menu_order":0,"comment_status":"closed","ping_status":"closed","template":"","meta":[],"_links":{"self":[{"href":"https:\/\/fundatiaaxis.ro\/index.php?rest_route=\/wp\/v2\/pages\/176"}],"collection":[{"href":"https:\/\/fundatiaaxis.ro\/index.php?rest_route=\/wp\/v2\/pages"}],"about":[{"href":"https:\/\/fundatiaaxis.ro\/index.php?rest_route=\/wp\/v2\/types\/page"}],"author":[{"embeddable":true,"href":"https:\/\/fundatiaaxis.ro\/index.php?rest_route=\/wp\/v2\/users\/1"}],"replies":[{"embeddable":true,"href":"https:\/\/fundatiaaxis.ro\/index.php?rest_route=%2Fwp%2Fv2%2Fcomments&post=176"}],"version-history":[{"count":4,"href":"https:\/\/fundatiaaxis.ro\/index.php?rest_route=\/wp\/v2\/pages\/176\/revisions"}],"predecessor-version":[{"id":528,"href":"https:\/\/fundatiaaxis.ro\/index.php?rest_route=\/wp\/v2\/pages\/176\/revisions\/528"}],"up":[{"embeddable":true,"href":"https:\/\/fundatiaaxis.ro\/index.php?rest_route=\/wp\/v2\/pages\/56"}],"wp:attachment":[{"href":"https:\/\/fundatiaaxis.ro\/index.php?rest_route=%2Fwp%2Fv2%2Fmedia&parent=176"}],"curies":[{"name":"wp","href":"https:\/\/api.w.org\/{rel}","templated":true}]}}