{"id":178,"date":"2011-06-18T05:44:23","date_gmt":"2011-06-18T05:44:23","guid":{"rendered":"http:\/\/fundatiaaxis.ro\/?page_id=178"},"modified":"2021-03-29T17:02:18","modified_gmt":"2021-03-29T17:02:18","slug":"comunicare","status":"publish","type":"page","link":"https:\/\/fundatiaaxis.ro\/?page_id=178","title":{"rendered":"COMUNICARE"},"content":{"rendered":"<p><!--:ro-->\u00a0<\/p>\n<table border=\"1\" cellspacing=\"0\" cellpadding=\"0\">\n<tbody>\n<tr>\n<td width=\"197\" valign=\"top\">\u00a0<\/td>\n<td width=\"197\" valign=\"top\">Gheorghe Teodorescu, \u00a0Petru Bejan,<em> Rela\u0163ii publice \u015fi publicitate. Discurs metod\u0103 interpretare<\/em><\/td>\n<td width=\"197\" valign=\"top\">2003<\/td>\n<\/tr>\n<tr>\n<td width=\"197\" valign=\"top\"><a href=\"http:\/\/fundatiaaxis.ro\/wp-content\/uploads\/Durac_seria-comunicare.jpg\"><img loading=\"lazy\" class=\"alignnone size-thumbnail wp-image-34\" title=\"Durac_seria comunicare\" src=\"http:\/\/fundatiaaxis.ro\/wp-content\/uploads\/Durac_seria-comunicare-150x150.jpg\" alt=\"\" width=\"150\" height=\"150\" \/><\/a><\/td>\n<td width=\"197\" valign=\"top\">Livia Durac,<em> Comunicare Dimensiuni psihologice<\/em><\/td>\n<td width=\"197\" valign=\"top\">2008<\/td>\n<\/tr>\n<tr>\n<td width=\"197\" valign=\"top\"><a href=\"http:\/\/fundatiaaxis.ro\/wp-content\/uploads\/Georgeta-Condur_seria-comunicare.jpg\"><img loading=\"lazy\" class=\"alignnone size-thumbnail wp-image-36\" title=\"Georgeta Condur_seria comunicare\" src=\"http:\/\/fundatiaaxis.ro\/wp-content\/uploads\/Georgeta-Condur_seria-comunicare-150x150.jpg\" alt=\"\" width=\"150\" height=\"150\" \/><\/a><\/td>\n<td width=\"197\" valign=\"top\">Georgeta Condur,<em> Comunicare politic\u0103. Mijloace \u015fi sisteme<\/em><\/td>\n<td width=\"197\" valign=\"top\">2009<\/td>\n<\/tr>\n<\/tbody>\n<\/table>\n<p><!--:--><!--:en-->\u00a0<\/p>\n<table border=\"1\" cellspacing=\"0\" cellpadding=\"0\">\n<tbody>\n<tr>\n<td width=\"197\" valign=\"top\">\u00a0<\/td>\n<td width=\"197\" valign=\"top\">Gheorghe Teodorescu, \u00a0Petru Bejan,<em> Rela\u0163ii publice \u015fi publicitate. Discurs metod\u0103 interpretare<\/em><\/td>\n<td width=\"197\" valign=\"top\">2003<\/td>\n<\/tr>\n<tr>\n<td width=\"197\" valign=\"top\"><a href=\"http:\/\/fundatiaaxis.ro\/wp-content\/uploads\/Durac_seria-comunicare.jpg\"><img loading=\"lazy\" class=\"alignnone size-thumbnail wp-image-34\" title=\"Durac_seria comunicare\" src=\"http:\/\/fundatiaaxis.ro\/wp-content\/uploads\/Durac_seria-comunicare-150x150.jpg\" alt=\"\" width=\"150\" height=\"150\" \/><\/a><\/td>\n<td width=\"197\" valign=\"top\">Livia Durac,<em> Comunicare Dimensiuni psihologice<\/em><\/td>\n<td width=\"197\" valign=\"top\">2008<\/td>\n<\/tr>\n<tr>\n<td width=\"197\" valign=\"top\"><a href=\"http:\/\/fundatiaaxis.ro\/wp-content\/uploads\/Georgeta-Condur_seria-comunicare.jpg\"><img loading=\"lazy\" class=\"alignnone size-thumbnail wp-image-36\" title=\"Georgeta Condur_seria comunicare\" src=\"http:\/\/fundatiaaxis.ro\/wp-content\/uploads\/Georgeta-Condur_seria-comunicare-150x150.jpg\" alt=\"\" width=\"150\" height=\"150\" \/><\/a><\/td>\n<td width=\"197\" valign=\"top\">Georgeta Condur,<em> Comunicare politic\u0103. Mijloace \u015fi sisteme<\/em><\/td>\n<td width=\"197\" valign=\"top\">2009<\/td>\n<\/tr>\n<\/tbody>\n<\/table>\n<p><!--:--><\/p>\n","protected":false},"excerpt":{"rendered":"<p>\u00a0 \u00a0 Gheorghe Teodorescu, \u00a0Petru Bejan, Rela\u0163ii publice \u015fi publicitate. Discurs metod\u0103 interpretare 2003 Livia Durac, Comunicare Dimensiuni psihologice 2008 Georgeta Condur, Comunicare politic\u0103. Mijloace \u015fi sisteme 2009 \u00a0 \u00a0 Gheorghe Teodorescu, \u00a0Petru Bejan, Rela\u0163ii publice \u015fi publicitate. Discurs metod\u0103 &hellip; <a href=\"https:\/\/fundatiaaxis.ro\/?page_id=178\">Continue reading <span class=\"meta-nav\">&rarr;<\/span><\/a><\/p>\n","protected":false},"author":1,"featured_media":0,"parent":56,"menu_order":0,"comment_status":"closed","ping_status":"closed","template":"","meta":[],"_links":{"self":[{"href":"https:\/\/fundatiaaxis.ro\/index.php?rest_route=\/wp\/v2\/pages\/178"}],"collection":[{"href":"https:\/\/fundatiaaxis.ro\/index.php?rest_route=\/wp\/v2\/pages"}],"about":[{"href":"https:\/\/fundatiaaxis.ro\/index.php?rest_route=\/wp\/v2\/types\/page"}],"author":[{"embeddable":true,"href":"https:\/\/fundatiaaxis.ro\/index.php?rest_route=\/wp\/v2\/users\/1"}],"replies":[{"embeddable":true,"href":"https:\/\/fundatiaaxis.ro\/index.php?rest_route=%2Fwp%2Fv2%2Fcomments&post=178"}],"version-history":[{"count":4,"href":"https:\/\/fundatiaaxis.ro\/index.php?rest_route=\/wp\/v2\/pages\/178\/revisions"}],"predecessor-version":[{"id":495,"href":"https:\/\/fundatiaaxis.ro\/index.php?rest_route=\/wp\/v2\/pages\/178\/revisions\/495"}],"up":[{"embeddable":true,"href":"https:\/\/fundatiaaxis.ro\/index.php?rest_route=\/wp\/v2\/pages\/56"}],"wp:attachment":[{"href":"https:\/\/fundatiaaxis.ro\/index.php?rest_route=%2Fwp%2Fv2%2Fmedia&parent=178"}],"curies":[{"name":"wp","href":"https:\/\/api.w.org\/{rel}","templated":true}]}}