{"id":180,"date":"2011-06-18T06:18:00","date_gmt":"2011-06-18T06:18:00","guid":{"rendered":"http:\/\/fundatiaaxis.ro\/?page_id=180"},"modified":"2021-03-29T17:06:16","modified_gmt":"2021-03-29T17:06:16","slug":"tehnica","status":"publish","type":"page","link":"https:\/\/fundatiaaxis.ro\/?page_id=180","title":{"rendered":"TEHNIC\u0102"},"content":{"rendered":"<p><!--:ro-->\u00a0<\/p>\n<table border=\"1\" cellspacing=\"0\" cellpadding=\"0\">\n<tbody>\n<tr>\n<td width=\"197\" valign=\"top\">\u00a0<\/td>\n<td width=\"197\" valign=\"top\">Eugen Carata, Dumitru Zetu,<em> Robotic\u0103<\/em><\/td>\n<td width=\"197\" valign=\"top\">1999<\/td>\n<\/tr>\n<tr>\n<td width=\"197\" valign=\"top\"><a href=\"http:\/\/fundatiaaxis.ro\/wp-content\/uploads\/Bozomitu-R_seria-tehnica.jpg\"><img loading=\"lazy\" class=\"alignnone size-thumbnail wp-image-16\" title=\"Bozomitu R_seria tehnica\" src=\"http:\/\/fundatiaaxis.ro\/wp-content\/uploads\/Bozomitu-R_seria-tehnica-150x150.jpg\" alt=\"\" width=\"150\" height=\"150\" \/><\/a><\/td>\n<td width=\"197\" valign=\"top\">Radu Gabriel Bozomitu,<em> Tehnici de liniarizare pentru circuitele integrate de radiofrecven\u0163\u0103<\/em><\/td>\n<td width=\"197\" valign=\"top\">2008<\/td>\n<\/tr>\n<tr>\n<td width=\"197\" valign=\"top\"><a href=\"http:\/\/fundatiaaxis.ro\/wp-content\/uploads\/Bozomitu_Indrumar_seria-tehnica.jpg\"><img loading=\"lazy\" class=\"alignnone size-thumbnail wp-image-17\" title=\"Bozomitu_Indrumar_seria tehnica\" src=\"http:\/\/fundatiaaxis.ro\/wp-content\/uploads\/Bozomitu_Indrumar_seria-tehnica-150x150.jpg\" alt=\"\" width=\"150\" height=\"150\" \/><\/a><\/td>\n<td width=\"197\" valign=\"top\">Radu Gabriel Bozomitu,<em> Radioemi\u0163\u0103toare \u015fi radioreceptoare &#8211;\u00a0 \u00eendrumar de laborator<\/em><\/td>\n<td width=\"197\" valign=\"top\">\u00a0\u00a0\u00a0\u00a0\u00a0\u00a0\u00a0\u00a0\u00a0\u00a0\u00a0 2009<\/td>\n<\/tr>\n<\/tbody>\n<\/table>\n<p><!--:--><!--:en-->\u00a0<\/p>\n<table border=\"1\" cellspacing=\"0\" cellpadding=\"0\">\n<tbody>\n<tr>\n<td width=\"197\" valign=\"top\">\u00a0<\/td>\n<td width=\"197\" valign=\"top\">Eugen Carata, Dumitru Zetu,<em> Robotic\u0103<\/em><\/td>\n<td width=\"197\" valign=\"top\">1999<\/td>\n<\/tr>\n<tr>\n<td width=\"197\" valign=\"top\"><a href=\"http:\/\/fundatiaaxis.ro\/wp-content\/uploads\/Bozomitu-R_seria-tehnica.jpg\"><img loading=\"lazy\" class=\"alignnone size-thumbnail wp-image-16\" title=\"Bozomitu R_seria tehnica\" src=\"http:\/\/fundatiaaxis.ro\/wp-content\/uploads\/Bozomitu-R_seria-tehnica-150x150.jpg\" alt=\"\" width=\"150\" height=\"150\" \/><\/a><\/td>\n<td width=\"197\" valign=\"top\">Radu Gabriel Bozomitu,<em> Tehnici de liniarizare pentru circuitele integrate de radiofrecven\u0163\u0103<\/em><\/td>\n<td width=\"197\" valign=\"top\">2008<\/td>\n<\/tr>\n<tr>\n<td width=\"197\" valign=\"top\"><a href=\"http:\/\/fundatiaaxis.ro\/wp-content\/uploads\/Bozomitu_Indrumar_seria-tehnica.jpg\"><img loading=\"lazy\" class=\"alignnone size-thumbnail wp-image-17\" title=\"Bozomitu_Indrumar_seria tehnica\" src=\"http:\/\/fundatiaaxis.ro\/wp-content\/uploads\/Bozomitu_Indrumar_seria-tehnica-150x150.jpg\" alt=\"\" width=\"150\" height=\"150\" \/><\/a><\/td>\n<td width=\"197\" valign=\"top\">Radu Gabriel Bozomitu,<em> Radioemi\u0163\u0103toare \u015fi radioreceptoare &#8211;\u00a0 \u00eendrumar de laborator<\/em><\/td>\n<td width=\"197\" valign=\"top\">\u00a0\u00a0\u00a0\u00a0\u00a0\u00a0\u00a0\u00a0\u00a0\u00a0\u00a0 2009<\/td>\n<\/tr>\n<\/tbody>\n<\/table>\n<p><!--:--><\/p>\n","protected":false},"excerpt":{"rendered":"<p>\u00a0 \u00a0 Eugen Carata, Dumitru Zetu, Robotic\u0103 1999 Radu Gabriel Bozomitu, Tehnici de liniarizare pentru circuitele integrate de radiofrecven\u0163\u0103 2008 Radu Gabriel Bozomitu, Radioemi\u0163\u0103toare \u015fi radioreceptoare &#8211;\u00a0 \u00eendrumar de laborator \u00a0\u00a0\u00a0\u00a0\u00a0\u00a0\u00a0\u00a0\u00a0\u00a0\u00a0 2009 \u00a0 \u00a0 Eugen Carata, Dumitru Zetu, Robotic\u0103 1999 &hellip; <a href=\"https:\/\/fundatiaaxis.ro\/?page_id=180\">Continue reading <span class=\"meta-nav\">&rarr;<\/span><\/a><\/p>\n","protected":false},"author":1,"featured_media":0,"parent":56,"menu_order":0,"comment_status":"closed","ping_status":"closed","template":"","meta":[],"_links":{"self":[{"href":"https:\/\/fundatiaaxis.ro\/index.php?rest_route=\/wp\/v2\/pages\/180"}],"collection":[{"href":"https:\/\/fundatiaaxis.ro\/index.php?rest_route=\/wp\/v2\/pages"}],"about":[{"href":"https:\/\/fundatiaaxis.ro\/index.php?rest_route=\/wp\/v2\/types\/page"}],"author":[{"embeddable":true,"href":"https:\/\/fundatiaaxis.ro\/index.php?rest_route=\/wp\/v2\/users\/1"}],"replies":[{"embeddable":true,"href":"https:\/\/fundatiaaxis.ro\/index.php?rest_route=%2Fwp%2Fv2%2Fcomments&post=180"}],"version-history":[{"count":4,"href":"https:\/\/fundatiaaxis.ro\/index.php?rest_route=\/wp\/v2\/pages\/180\/revisions"}],"predecessor-version":[{"id":538,"href":"https:\/\/fundatiaaxis.ro\/index.php?rest_route=\/wp\/v2\/pages\/180\/revisions\/538"}],"up":[{"embeddable":true,"href":"https:\/\/fundatiaaxis.ro\/index.php?rest_route=\/wp\/v2\/pages\/56"}],"wp:attachment":[{"href":"https:\/\/fundatiaaxis.ro\/index.php?rest_route=%2Fwp%2Fv2%2Fmedia&parent=180"}],"curies":[{"name":"wp","href":"https:\/\/api.w.org\/{rel}","templated":true}]}}