{"id":184,"date":"2011-06-18T07:06:50","date_gmt":"2011-06-18T07:06:50","guid":{"rendered":"http:\/\/fundatiaaxis.ro\/?page_id=184"},"modified":"2021-03-29T17:04:36","modified_gmt":"2021-03-29T17:04:36","slug":"hermeneutica","status":"publish","type":"page","link":"https:\/\/fundatiaaxis.ro\/?page_id=184","title":{"rendered":"HERMENEUTIC\u0102"},"content":{"rendered":"<p><!--:ro-->\u00a0<\/p>\n<table border=\"1\" cellspacing=\"0\" cellpadding=\"0\">\n<tbody>\n<tr>\n<td width=\"197\" valign=\"top\">\u00a0<\/td>\n<td width=\"197\" valign=\"top\">Nicu Gavrilu\u0163\u0103,<em> Hermeneutica simbolismului religios<\/em><\/td>\n<td width=\"197\" valign=\"top\">2003<\/td>\n<\/tr>\n<tr>\n<td width=\"197\" valign=\"top\"><a href=\"http:\/\/fundatiaaxis.ro\/wp-content\/uploads\/Moisuc_Maitrise-pastourelle_seria-hermeneutica.jpg\"><img loading=\"lazy\" class=\"alignnone size-thumbnail wp-image-41\" title=\"Moisuc_Maitrise pastourelle_seria hermeneutica\" src=\"http:\/\/fundatiaaxis.ro\/wp-content\/uploads\/Moisuc_Maitrise-pastourelle_seria-hermeneutica-150x150.jpg\" alt=\"\" width=\"150\" height=\"150\" \/><\/a><\/td>\n<td width=\"197\" valign=\"top\">Maria-Alexandra Moisuc,<em> La pastourelle m\u00e9di\u00e9vale en France et en Allemagne Une approche contrastive<\/em><\/td>\n<td width=\"197\" valign=\"top\">2008<strong>\u00a0<\/strong><\/td>\n<\/tr>\n<\/tbody>\n<\/table>\n<p><!--:--><!--:en-->\u00a0<\/p>\n<table border=\"1\" cellspacing=\"0\" cellpadding=\"0\">\n<tbody>\n<tr>\n<td width=\"197\" valign=\"top\">\u00a0<\/td>\n<td width=\"197\" valign=\"top\">Nicu Gavrilu\u0163\u0103,<em> Hermeneutica simbolismului religios<\/em><\/td>\n<td width=\"197\" valign=\"top\">2003<\/td>\n<\/tr>\n<tr>\n<td width=\"197\" valign=\"top\"><a href=\"http:\/\/fundatiaaxis.ro\/wp-content\/uploads\/Moisuc_Maitrise-pastourelle_seria-hermeneutica.jpg\"><img loading=\"lazy\" class=\"alignnone size-thumbnail wp-image-41\" title=\"Moisuc_Maitrise pastourelle_seria hermeneutica\" src=\"http:\/\/fundatiaaxis.ro\/wp-content\/uploads\/Moisuc_Maitrise-pastourelle_seria-hermeneutica-150x150.jpg\" alt=\"\" width=\"150\" height=\"150\" \/><\/a><\/td>\n<td width=\"197\" valign=\"top\">Maria-Alexandra Moisuc,<em> La pastourelle m\u00e9di\u00e9vale en France et en Allemagne Une approche contrastive<\/em><\/td>\n<td width=\"197\" valign=\"top\">2008<strong>\u00a0<\/strong><\/td>\n<\/tr>\n<\/tbody>\n<\/table>\n<p><!--:--><\/p>\n","protected":false},"excerpt":{"rendered":"<p>\u00a0 \u00a0 Nicu Gavrilu\u0163\u0103, Hermeneutica simbolismului religios 2003 Maria-Alexandra Moisuc, La pastourelle m\u00e9di\u00e9vale en France et en Allemagne Une approche contrastive 2008\u00a0 \u00a0 \u00a0 Nicu Gavrilu\u0163\u0103, Hermeneutica simbolismului religios 2003 Maria-Alexandra Moisuc, La pastourelle m\u00e9di\u00e9vale en France et en Allemagne &hellip; <a href=\"https:\/\/fundatiaaxis.ro\/?page_id=184\">Continue reading <span class=\"meta-nav\">&rarr;<\/span><\/a><\/p>\n","protected":false},"author":1,"featured_media":0,"parent":56,"menu_order":0,"comment_status":"closed","ping_status":"closed","template":"","meta":[],"_links":{"self":[{"href":"https:\/\/fundatiaaxis.ro\/index.php?rest_route=\/wp\/v2\/pages\/184"}],"collection":[{"href":"https:\/\/fundatiaaxis.ro\/index.php?rest_route=\/wp\/v2\/pages"}],"about":[{"href":"https:\/\/fundatiaaxis.ro\/index.php?rest_route=\/wp\/v2\/types\/page"}],"author":[{"embeddable":true,"href":"https:\/\/fundatiaaxis.ro\/index.php?rest_route=\/wp\/v2\/users\/1"}],"replies":[{"embeddable":true,"href":"https:\/\/fundatiaaxis.ro\/index.php?rest_route=%2Fwp%2Fv2%2Fcomments&post=184"}],"version-history":[{"count":4,"href":"https:\/\/fundatiaaxis.ro\/index.php?rest_route=\/wp\/v2\/pages\/184\/revisions"}],"predecessor-version":[{"id":501,"href":"https:\/\/fundatiaaxis.ro\/index.php?rest_route=\/wp\/v2\/pages\/184\/revisions\/501"}],"up":[{"embeddable":true,"href":"https:\/\/fundatiaaxis.ro\/index.php?rest_route=\/wp\/v2\/pages\/56"}],"wp:attachment":[{"href":"https:\/\/fundatiaaxis.ro\/index.php?rest_route=%2Fwp%2Fv2%2Fmedia&parent=184"}],"curies":[{"name":"wp","href":"https:\/\/api.w.org\/{rel}","templated":true}]}}