{"id":188,"date":"2011-06-18T07:11:19","date_gmt":"2011-06-18T07:11:19","guid":{"rendered":"http:\/\/fundatiaaxis.ro\/?page_id=188"},"modified":"2021-03-29T17:04:44","modified_gmt":"2021-03-29T17:04:44","slug":"didactica","status":"publish","type":"page","link":"https:\/\/fundatiaaxis.ro\/?page_id=188","title":{"rendered":"DIDACTIC\u0102"},"content":{"rendered":"<p><!--:ro-->\u00a0<\/p>\n<table border=\"1\" cellspacing=\"0\" cellpadding=\"0\">\n<tbody>\n<tr>\n<td width=\"197\" valign=\"top\">\u00a0<\/td>\n<td width=\"197\" valign=\"top\">Valentina Agrigoroaei,<em> Elements pour une morphosyntaxe du verbe fran\u00e7ais<\/em><\/td>\n<td width=\"197\" valign=\"top\">1994<\/td>\n<\/tr>\n<tr>\n<td width=\"197\" valign=\"top\">\u00a0<\/td>\n<td width=\"197\" valign=\"top\">\u015etefania Bejan,<em> Discursul educa\u0163iei<\/em><\/td>\n<td width=\"197\" valign=\"top\">2003<\/td>\n<\/tr>\n<tr>\n<td width=\"197\" valign=\"top\">\u00a0<\/td>\n<td width=\"197\" valign=\"top\">Liliana Stan,<em> Fundamente ale succesului educa\u0163ional<\/em><\/td>\n<td width=\"197\" valign=\"top\">2004<\/td>\n<\/tr>\n<tr>\n<td width=\"197\" valign=\"top\"><a href=\"http:\/\/fundatiaaxis.ro\/wp-content\/uploads\/Moisuc_Afloro_seria-didactica.jpg\"><img loading=\"lazy\" class=\"alignnone size-thumbnail wp-image-40\" title=\"Moisuc_Afloro_seria didactica\" src=\"http:\/\/fundatiaaxis.ro\/wp-content\/uploads\/Moisuc_Afloro_seria-didactica-150x150.jpg\" alt=\"\" width=\"150\" height=\"150\" \/><\/a><\/td>\n<td width=\"197\" valign=\"top\">Lucia Afloroaei, Maria-Alexandra Moisuc,<em> R\u00e9ussir son \u00e9preuve\u00a0 de philosophie au BAC bilingue<\/em><\/td>\n<td width=\"197\" valign=\"top\">2008<\/td>\n<\/tr>\n<\/tbody>\n<\/table>\n<p><!--:--><!--:en-->\u00a0<\/p>\n<table border=\"1\" cellspacing=\"0\" cellpadding=\"0\">\n<tbody>\n<tr>\n<td width=\"197\" valign=\"top\">\u00a0<\/td>\n<td width=\"197\" valign=\"top\">Valentina Agrigoroaei,<em> Elements pour une morphosyntaxe du verbe fran\u00e7ais<\/em><\/td>\n<td width=\"197\" valign=\"top\">1994<\/td>\n<\/tr>\n<tr>\n<td width=\"197\" valign=\"top\">\u00a0<\/td>\n<td width=\"197\" valign=\"top\">\u015etefania Bejan,<em> Discursul educa\u0163iei<\/em><\/td>\n<td width=\"197\" valign=\"top\">2003<\/td>\n<\/tr>\n<tr>\n<td width=\"197\" valign=\"top\">\u00a0<\/td>\n<td width=\"197\" valign=\"top\">Liliana Stan,<em> Fundamente ale succesului educa\u0163ional<\/em><\/td>\n<td width=\"197\" valign=\"top\">2004<\/td>\n<\/tr>\n<tr>\n<td width=\"197\" valign=\"top\"><a href=\"http:\/\/fundatiaaxis.ro\/wp-content\/uploads\/Moisuc_Afloro_seria-didactica.jpg\"><img loading=\"lazy\" class=\"alignnone size-thumbnail wp-image-40\" title=\"Moisuc_Afloro_seria didactica\" src=\"http:\/\/fundatiaaxis.ro\/wp-content\/uploads\/Moisuc_Afloro_seria-didactica-150x150.jpg\" alt=\"\" width=\"150\" height=\"150\" \/><\/a><\/td>\n<td width=\"197\" valign=\"top\">Lucia Afloroaei, Maria-Alexandra Moisuc,<em> R\u00e9ussir son \u00e9preuve\u00a0 de philosophie au BAC bilingue<\/em><\/td>\n<td width=\"197\" valign=\"top\">2008<\/td>\n<\/tr>\n<\/tbody>\n<\/table>\n<p><!--:--><\/p>\n","protected":false},"excerpt":{"rendered":"<p>\u00a0 \u00a0 Valentina Agrigoroaei, Elements pour une morphosyntaxe du verbe fran\u00e7ais 1994 \u00a0 \u015etefania Bejan, Discursul educa\u0163iei 2003 \u00a0 Liliana Stan, Fundamente ale succesului educa\u0163ional 2004 Lucia Afloroaei, Maria-Alexandra Moisuc, R\u00e9ussir son \u00e9preuve\u00a0 de philosophie au BAC bilingue 2008 \u00a0 &hellip; <a href=\"https:\/\/fundatiaaxis.ro\/?page_id=188\">Continue reading <span class=\"meta-nav\">&rarr;<\/span><\/a><\/p>\n","protected":false},"author":1,"featured_media":0,"parent":56,"menu_order":0,"comment_status":"closed","ping_status":"closed","template":"","meta":[],"_links":{"self":[{"href":"https:\/\/fundatiaaxis.ro\/index.php?rest_route=\/wp\/v2\/pages\/188"}],"collection":[{"href":"https:\/\/fundatiaaxis.ro\/index.php?rest_route=\/wp\/v2\/pages"}],"about":[{"href":"https:\/\/fundatiaaxis.ro\/index.php?rest_route=\/wp\/v2\/types\/page"}],"author":[{"embeddable":true,"href":"https:\/\/fundatiaaxis.ro\/index.php?rest_route=\/wp\/v2\/users\/1"}],"replies":[{"embeddable":true,"href":"https:\/\/fundatiaaxis.ro\/index.php?rest_route=%2Fwp%2Fv2%2Fcomments&post=188"}],"version-history":[{"count":4,"href":"https:\/\/fundatiaaxis.ro\/index.php?rest_route=\/wp\/v2\/pages\/188\/revisions"}],"predecessor-version":[{"id":497,"href":"https:\/\/fundatiaaxis.ro\/index.php?rest_route=\/wp\/v2\/pages\/188\/revisions\/497"}],"up":[{"embeddable":true,"href":"https:\/\/fundatiaaxis.ro\/index.php?rest_route=\/wp\/v2\/pages\/56"}],"wp:attachment":[{"href":"https:\/\/fundatiaaxis.ro\/index.php?rest_route=%2Fwp%2Fv2%2Fmedia&parent=188"}],"curies":[{"name":"wp","href":"https:\/\/api.w.org\/{rel}","templated":true}]}}