{"id":192,"date":"2011-06-18T07:17:15","date_gmt":"2011-06-18T07:17:15","guid":{"rendered":"http:\/\/fundatiaaxis.ro\/?page_id=192"},"modified":"2021-03-29T17:06:03","modified_gmt":"2021-03-29T17:06:03","slug":"stiinte-fundamentale-si-informatica","status":"publish","type":"page","link":"https:\/\/fundatiaaxis.ro\/?page_id=192","title":{"rendered":"\u015eTIIN\u0162E FUNDAMENTALE \u015eI INFORMATIC\u0102"},"content":{"rendered":"<p><!--:ro-->\u00a0<\/p>\n<table border=\"1\" cellspacing=\"0\" cellpadding=\"0\">\n<tbody>\n<tr>\n<td width=\"197\" valign=\"top\">\u00a0<\/td>\n<td width=\"197\" valign=\"top\">Alina \u015etefanache; Alina Monica Miftode; Maria Miftode,<em> Chimie anorganic\u0103<\/em><\/td>\n<td width=\"197\" valign=\"top\">2007<\/td>\n<\/tr>\n<tr>\n<td width=\"197\" valign=\"top\"><a href=\"http:\/\/fundatiaaxis.ro\/wp-content\/uploads\/Boamfa_seria-geografie.jpg\"><img loading=\"lazy\" class=\"alignnone size-thumbnail wp-image-13\" title=\"Boamfa_seria geografie\" src=\"http:\/\/fundatiaaxis.ro\/wp-content\/uploads\/Boamfa_seria-geografie-150x150.jpg\" alt=\"\" width=\"150\" height=\"150\" \/><\/a><\/td>\n<td width=\"197\" valign=\"top\">Ionel Boamf\u0103,<em> \u0162ara Oltului \u2013 Studiu de geografie istoric\u0103 cu privire special\u0103 asupra rela\u0163iilor cu toponimia<\/em><\/td>\n<td width=\"197\" valign=\"top\">2007<\/td>\n<\/tr>\n<tr>\n<td width=\"197\" valign=\"top\"><a href=\"http:\/\/fundatiaaxis.ro\/wp-content\/uploads\/Chelaru-G_seria-informatica.jpg\"><img loading=\"lazy\" class=\"alignnone size-thumbnail wp-image-21\" title=\"Chelaru G_seria informatica\" src=\"http:\/\/fundatiaaxis.ro\/wp-content\/uploads\/Chelaru-G_seria-informatica-150x150.jpg\" alt=\"\" width=\"150\" height=\"150\" \/><\/a><\/td>\n<td width=\"197\" valign=\"top\">George Chelaru (coord), <em>Sistem de Management Integral Asistat de Calculator<\/em> \u00a0<\/td>\n<td width=\"197\" valign=\"top\">2008<\/td>\n<\/tr>\n<tr>\n<td width=\"197\" valign=\"top\">\u00a0<\/td>\n<td width=\"197\" valign=\"top\">Gheorghe Georgescu, Bogdan Neagu,<em> Proiectarea \u015fi exploatarea asistat\u0103 de calculator a sistemelor publice de reparti\u0163ie \u015fi distribu\u0163ie a energiei electrice<\/em><\/td>\n<td width=\"197\" valign=\"top\">2010<\/td>\n<\/tr>\n<tr>\n<td width=\"197\" valign=\"top\"><a href=\"http:\/\/fundatiaaxis.ro\/wp-content\/uploads\/V_Bogdan_seria-statistica.jpg\"><img loading=\"lazy\" class=\"alignnone size-thumbnail wp-image-55\" title=\"V_Bogdan_seria statistica\" src=\"http:\/\/fundatiaaxis.ro\/wp-content\/uploads\/V_Bogdan_seria-statistica-150x150.jpg\" alt=\"\" width=\"150\" height=\"150\" \/><\/a><\/td>\n<td width=\"197\" valign=\"top\">Vasile Bogdan, Daniela Damian, Alina H\u00e2rlab,<em> Teste \u015fi probleme de statistic\u0103 managerial\u0103<\/em><\/td>\n<td width=\"197\" valign=\"top\">2010<\/td>\n<\/tr>\n<\/tbody>\n<\/table>\n<p><!--:--><!--:en-->\u00a0<\/p>\n<table border=\"1\" cellspacing=\"0\" cellpadding=\"0\">\n<tbody>\n<tr>\n<td width=\"197\" valign=\"top\">\u00a0<\/td>\n<td width=\"197\" valign=\"top\">Alina \u015etefanache; Alina Monica Miftode; Maria Miftode,<em> Chimie anorganic\u0103<\/em><\/td>\n<td width=\"197\" valign=\"top\">2007<\/td>\n<\/tr>\n<tr>\n<td width=\"197\" valign=\"top\"><a href=\"http:\/\/fundatiaaxis.ro\/wp-content\/uploads\/Boamfa_seria-geografie.jpg\"><img loading=\"lazy\" class=\"alignnone size-thumbnail wp-image-13\" title=\"Boamfa_seria geografie\" src=\"http:\/\/fundatiaaxis.ro\/wp-content\/uploads\/Boamfa_seria-geografie-150x150.jpg\" alt=\"\" width=\"150\" height=\"150\" \/><\/a><\/td>\n<td width=\"197\" valign=\"top\">Ionel Boamf\u0103,<em> \u0162ara Oltului \u2013 Studiu de geografie istoric\u0103 cu privire special\u0103 asupra rela\u0163iilor cu toponimia<\/em><\/td>\n<td width=\"197\" valign=\"top\">2007<\/td>\n<\/tr>\n<tr>\n<td width=\"197\" valign=\"top\"><a href=\"http:\/\/fundatiaaxis.ro\/wp-content\/uploads\/Chelaru-G_seria-informatica.jpg\"><img loading=\"lazy\" class=\"alignnone size-thumbnail wp-image-21\" title=\"Chelaru G_seria informatica\" src=\"http:\/\/fundatiaaxis.ro\/wp-content\/uploads\/Chelaru-G_seria-informatica-150x150.jpg\" alt=\"\" width=\"150\" height=\"150\" \/><\/a><\/td>\n<td width=\"197\" valign=\"top\">George Chelaru (coord), <em>Sistem de Management Integral Asistat de Calculator<\/em> \u00a0<\/td>\n<td width=\"197\" valign=\"top\">2008<\/td>\n<\/tr>\n<tr>\n<td width=\"197\" valign=\"top\">\u00a0<\/td>\n<td width=\"197\" valign=\"top\">Gheorghe Georgescu, Bogdan Neagu,<em> Proiectarea \u015fi exploatarea asistat\u0103 de calculator a sistemelor publice de reparti\u0163ie \u015fi distribu\u0163ie a energiei electrice<\/em><\/td>\n<td width=\"197\" valign=\"top\">2010<\/td>\n<\/tr>\n<tr>\n<td width=\"197\" valign=\"top\"><a href=\"http:\/\/fundatiaaxis.ro\/wp-content\/uploads\/V_Bogdan_seria-statistica.jpg\"><img loading=\"lazy\" class=\"alignnone size-thumbnail wp-image-55\" title=\"V_Bogdan_seria statistica\" src=\"http:\/\/fundatiaaxis.ro\/wp-content\/uploads\/V_Bogdan_seria-statistica-150x150.jpg\" alt=\"\" width=\"150\" height=\"150\" \/><\/a><\/td>\n<td width=\"197\" valign=\"top\">Vasile Bogdan, Daniela Damian, Alina H\u00e2rlab,<em> Teste \u015fi probleme de statistic\u0103 managerial\u0103<\/em><\/td>\n<td width=\"197\" valign=\"top\">2010<\/td>\n<\/tr>\n<\/tbody>\n<\/table>\n<p><!--:--><\/p>\n","protected":false},"excerpt":{"rendered":"<p>\u00a0 \u00a0 Alina \u015etefanache; Alina Monica Miftode; Maria Miftode, Chimie anorganic\u0103 2007 Ionel Boamf\u0103, \u0162ara Oltului \u2013 Studiu de geografie istoric\u0103 cu privire special\u0103 asupra rela\u0163iilor cu toponimia 2007 George Chelaru (coord), Sistem de Management Integral Asistat de Calculator \u00a0 &hellip; <a href=\"https:\/\/fundatiaaxis.ro\/?page_id=192\">Continue reading <span class=\"meta-nav\">&rarr;<\/span><\/a><\/p>\n","protected":false},"author":1,"featured_media":0,"parent":56,"menu_order":0,"comment_status":"closed","ping_status":"closed","template":"","meta":[],"_links":{"self":[{"href":"https:\/\/fundatiaaxis.ro\/index.php?rest_route=\/wp\/v2\/pages\/192"}],"collection":[{"href":"https:\/\/fundatiaaxis.ro\/index.php?rest_route=\/wp\/v2\/pages"}],"about":[{"href":"https:\/\/fundatiaaxis.ro\/index.php?rest_route=\/wp\/v2\/types\/page"}],"author":[{"embeddable":true,"href":"https:\/\/fundatiaaxis.ro\/index.php?rest_route=\/wp\/v2\/users\/1"}],"replies":[{"embeddable":true,"href":"https:\/\/fundatiaaxis.ro\/index.php?rest_route=%2Fwp%2Fv2%2Fcomments&post=192"}],"version-history":[{"count":4,"href":"https:\/\/fundatiaaxis.ro\/index.php?rest_route=\/wp\/v2\/pages\/192\/revisions"}],"predecessor-version":[{"id":534,"href":"https:\/\/fundatiaaxis.ro\/index.php?rest_route=\/wp\/v2\/pages\/192\/revisions\/534"}],"up":[{"embeddable":true,"href":"https:\/\/fundatiaaxis.ro\/index.php?rest_route=\/wp\/v2\/pages\/56"}],"wp:attachment":[{"href":"https:\/\/fundatiaaxis.ro\/index.php?rest_route=%2Fwp%2Fv2%2Fmedia&parent=192"}],"curies":[{"name":"wp","href":"https:\/\/api.w.org\/{rel}","templated":true}]}}