{"id":214,"date":"2011-06-18T18:52:09","date_gmt":"2011-06-18T18:52:09","guid":{"rendered":"http:\/\/fundatiaaxis.ro\/?page_id=214"},"modified":"2021-03-29T17:04:22","modified_gmt":"2021-03-29T17:04:22","slug":"colectia-ginta-latina","status":"publish","type":"page","link":"https:\/\/fundatiaaxis.ro\/?page_id=214","title":{"rendered":"COLEC\u0162IA &#8220;GINTA LATINA&#8221;"},"content":{"rendered":"<p><!--:ro-->\u00a0<\/p>\n<p>coordonator dr. Vlad Bejan<\/p>\n<table border=\"1\" cellspacing=\"0\" cellpadding=\"0\">\n<tbody>\n<tr>\n<td width=\"197\" valign=\"top\">\u00a0<\/td>\n<td width=\"197\" valign=\"top\">Vasile Harea, Vlad Bejan<\/td>\n<td width=\"197\" valign=\"top\"><em>Unirea Basarabiei cu Patria Mama<\/em>, 1998<\/td>\n<\/tr>\n<tr>\n<td width=\"197\" valign=\"top\">\u00a0<\/td>\n<td width=\"197\" valign=\"top\">Vlad Bejan, Ion Capreanu<\/td>\n<td width=\"197\" valign=\"top\"><em>Istro-rom\u00e2nii. Rom\u00e2nii din Bulgaria. Interferente istorice<\/em>, 1998<\/td>\n<\/tr>\n<tr>\n<td width=\"197\" valign=\"top\">\u00a0<\/td>\n<td width=\"197\" valign=\"top\">Vlad Bejan, C. Doca-Trincu<\/td>\n<td width=\"197\" valign=\"top\"><em>Rom\u00e2nii din sudul Basarabiei<\/em>, 1998<\/td>\n<\/tr>\n<tr>\n<td width=\"197\" valign=\"top\">\u00a0<\/td>\n<td width=\"197\" valign=\"top\">Nicolae Zaharcinschi, Ioan C.Luca, Zisu Lebel<\/td>\n<td width=\"197\" valign=\"top\"><em>Mihailenii de altadata<\/em>, 2002<\/td>\n<\/tr>\n<tr>\n<td width=\"197\" valign=\"top\">\u00a0<\/td>\n<td width=\"197\" valign=\"top\">Adriana Ioniuc<\/td>\n<td width=\"197\" valign=\"top\"><em>80 de ani de la inaugurarea Palatului de Justi\u0163ie \u015fi Administrativ din Ia\u015fi, <\/em>2006<\/td>\n<\/tr>\n<\/tbody>\n<\/table>\n<p><!--:--><!--:en-->\u00a0<\/p>\n<p>coordonator dr. Vlad Bejan<\/p>\n<table border=\"1\" cellspacing=\"0\" cellpadding=\"0\">\n<tbody>\n<tr>\n<td width=\"197\" valign=\"top\">\u00a0<\/td>\n<td width=\"197\" valign=\"top\">Vasile Harea, Vlad Bejan<\/td>\n<td width=\"197\" valign=\"top\"><em>Unirea Basarabiei cu Patria Mama<\/em>, 1998<\/td>\n<\/tr>\n<tr>\n<td width=\"197\" valign=\"top\">\u00a0<\/td>\n<td width=\"197\" valign=\"top\">Vlad Bejan, Ion Capreanu<\/td>\n<td width=\"197\" valign=\"top\"><em>Istro-rom\u00e2nii. Rom\u00e2nii din Bulgaria. Interferente istorice<\/em>, 1998<\/td>\n<\/tr>\n<tr>\n<td width=\"197\" valign=\"top\">\u00a0<\/td>\n<td width=\"197\" valign=\"top\">Vlad Bejan, C. Doca-Trincu<\/td>\n<td width=\"197\" valign=\"top\"><em>Rom\u00e2nii din sudul Basarabiei<\/em>, 1998<\/td>\n<\/tr>\n<tr>\n<td width=\"197\" valign=\"top\">\u00a0<\/td>\n<td width=\"197\" valign=\"top\">Nicolae Zaharcinschi, Ioan C.Luca, Zisu Lebel<\/td>\n<td width=\"197\" valign=\"top\"><em>Mihailenii de altadata<\/em>, 2002<\/td>\n<\/tr>\n<tr>\n<td width=\"197\" valign=\"top\">\u00a0<\/td>\n<td width=\"197\" valign=\"top\">Adriana Ioniuc<\/td>\n<td width=\"197\" valign=\"top\"><em>80 de ani de la inaugurarea Palatului de Justi\u0163ie \u015fi Administrativ din Ia\u015fi, <\/em>2006<\/td>\n<\/tr>\n<\/tbody>\n<\/table>\n<p><!--:--><\/p>\n","protected":false},"excerpt":{"rendered":"<p>\u00a0 coordonator dr. Vlad Bejan \u00a0 Vasile Harea, Vlad Bejan Unirea Basarabiei cu Patria Mama, 1998 \u00a0 Vlad Bejan, Ion Capreanu Istro-rom\u00e2nii. Rom\u00e2nii din Bulgaria. Interferente istorice, 1998 \u00a0 Vlad Bejan, C. Doca-Trincu Rom\u00e2nii din sudul Basarabiei, 1998 \u00a0 Nicolae &hellip; <a href=\"https:\/\/fundatiaaxis.ro\/?page_id=214\">Continue reading <span class=\"meta-nav\">&rarr;<\/span><\/a><\/p>\n","protected":false},"author":1,"featured_media":0,"parent":102,"menu_order":3,"comment_status":"closed","ping_status":"closed","template":"","meta":[],"_links":{"self":[{"href":"https:\/\/fundatiaaxis.ro\/index.php?rest_route=\/wp\/v2\/pages\/214"}],"collection":[{"href":"https:\/\/fundatiaaxis.ro\/index.php?rest_route=\/wp\/v2\/pages"}],"about":[{"href":"https:\/\/fundatiaaxis.ro\/index.php?rest_route=\/wp\/v2\/types\/page"}],"author":[{"embeddable":true,"href":"https:\/\/fundatiaaxis.ro\/index.php?rest_route=\/wp\/v2\/users\/1"}],"replies":[{"embeddable":true,"href":"https:\/\/fundatiaaxis.ro\/index.php?rest_route=%2Fwp%2Fv2%2Fcomments&post=214"}],"version-history":[{"count":7,"href":"https:\/\/fundatiaaxis.ro\/index.php?rest_route=\/wp\/v2\/pages\/214\/revisions"}],"predecessor-version":[{"id":513,"href":"https:\/\/fundatiaaxis.ro\/index.php?rest_route=\/wp\/v2\/pages\/214\/revisions\/513"}],"up":[{"embeddable":true,"href":"https:\/\/fundatiaaxis.ro\/index.php?rest_route=\/wp\/v2\/pages\/102"}],"wp:attachment":[{"href":"https:\/\/fundatiaaxis.ro\/index.php?rest_route=%2Fwp%2Fv2%2Fmedia&parent=214"}],"curies":[{"name":"wp","href":"https:\/\/api.w.org\/{rel}","templated":true}]}}