{"id":216,"date":"2011-06-18T18:55:27","date_gmt":"2011-06-18T18:55:27","guid":{"rendered":"http:\/\/fundatiaaxis.ro\/?page_id=216"},"modified":"2021-03-29T17:03:55","modified_gmt":"2021-03-29T17:03:55","slug":"colectia-poesis","status":"publish","type":"page","link":"https:\/\/fundatiaaxis.ro\/?page_id=216","title":{"rendered":"COLEC\u0162IA &#8220;POESIS&#8221;"},"content":{"rendered":"<p><!--:ro-->coordonator Simona Modreanu<\/p>\n<table border=\"1\" cellspacing=\"0\" cellpadding=\"0\">\n<tbody>\n<tr>\n<td rowspan=\"2\" width=\"197\" valign=\"top\">\u00a0<\/td>\n<td rowspan=\"2\" width=\"197\" valign=\"top\">George P\u00eer\u00eeu<\/td>\n<td width=\"197\" valign=\"top\"><em>Oul \u00eempuscat<\/em>, 1996<\/td>\n<\/tr>\n<tr>\n<td width=\"197\" valign=\"top\"><em>Talpile timpului<\/em>, 1999<em>\u00a0<\/em><\/td>\n<\/tr>\n<\/tbody>\n<\/table>\n<p><!--:--><!--:en-->coordonator Simona Modreanu<\/p>\n<table border=\"1\" cellspacing=\"0\" cellpadding=\"0\">\n<tbody>\n<tr>\n<td rowspan=\"2\" width=\"197\" valign=\"top\">\u00a0<\/td>\n<td rowspan=\"2\" width=\"197\" valign=\"top\">George P\u00eer\u00eeu<\/td>\n<td width=\"197\" valign=\"top\"><em>Oul \u00eempuscat<\/em>, 1996<\/td>\n<\/tr>\n<tr>\n<td width=\"197\" valign=\"top\"><em>Talpile timpului<\/em>, 1999<em>\u00a0<\/em><\/td>\n<\/tr>\n<\/tbody>\n<\/table>\n<p><!--:--><\/p>\n","protected":false},"excerpt":{"rendered":"<p>coordonator Simona Modreanu \u00a0 George P\u00eer\u00eeu Oul \u00eempuscat, 1996 Talpile timpului, 1999\u00a0 coordonator Simona Modreanu \u00a0 George P\u00eer\u00eeu Oul \u00eempuscat, 1996 Talpile timpului, 1999\u00a0<\/p>\n","protected":false},"author":1,"featured_media":0,"parent":102,"menu_order":5,"comment_status":"closed","ping_status":"closed","template":"","meta":[],"_links":{"self":[{"href":"https:\/\/fundatiaaxis.ro\/index.php?rest_route=\/wp\/v2\/pages\/216"}],"collection":[{"href":"https:\/\/fundatiaaxis.ro\/index.php?rest_route=\/wp\/v2\/pages"}],"about":[{"href":"https:\/\/fundatiaaxis.ro\/index.php?rest_route=\/wp\/v2\/types\/page"}],"author":[{"embeddable":true,"href":"https:\/\/fundatiaaxis.ro\/index.php?rest_route=\/wp\/v2\/users\/1"}],"replies":[{"embeddable":true,"href":"https:\/\/fundatiaaxis.ro\/index.php?rest_route=%2Fwp%2Fv2%2Fcomments&post=216"}],"version-history":[{"count":8,"href":"https:\/\/fundatiaaxis.ro\/index.php?rest_route=\/wp\/v2\/pages\/216\/revisions"}],"predecessor-version":[{"id":509,"href":"https:\/\/fundatiaaxis.ro\/index.php?rest_route=\/wp\/v2\/pages\/216\/revisions\/509"}],"up":[{"embeddable":true,"href":"https:\/\/fundatiaaxis.ro\/index.php?rest_route=\/wp\/v2\/pages\/102"}],"wp:attachment":[{"href":"https:\/\/fundatiaaxis.ro\/index.php?rest_route=%2Fwp%2Fv2%2Fmedia&parent=216"}],"curies":[{"name":"wp","href":"https:\/\/api.w.org\/{rel}","templated":true}]}}