{"id":267,"date":"2011-06-20T12:54:23","date_gmt":"2011-06-20T12:54:23","guid":{"rendered":"http:\/\/fundatiaaxis.ro\/?page_id=267"},"modified":"2011-09-22T18:43:44","modified_gmt":"2011-09-22T18:43:44","slug":"censop","status":"publish","type":"page","link":"https:\/\/fundatiaaxis.ro\/?page_id=267","title":{"rendered":"CENSOP MOLDOVA"},"content":{"rendered":"<p><!--:ro-->\u00a0<\/p>\n<table border=\"1\" cellspacing=\"0\" cellpadding=\"0\">\n<tbody>\n<tr>\n<td colspan=\"2\" width=\"354\" valign=\"top\"><strong><a title=\"PDF\" href=\"http:\/\/fundatiaaxis.ro\/wp-content\/uploads\/censop1.pdf\" target=\"_blank\">Centrul de Sondare a Opiniei Publice Moldova<\/a><\/strong><\/td>\n<td rowspan=\"3\" width=\"236\" valign=\"top\">\u00a0<a href=\"http:\/\/fundatiaaxis.ro\/wp-content\/uploads\/censop1.pdf\" target=\"_blank\"><img loading=\"lazy\" class=\"aligncenter size-full wp-image-321\" title=\"censop sigla\" src=\"http:\/\/fundatiaaxis.ro\/wp-content\/uploads\/censop-sigla.jpg\" alt=\"\" width=\"222\" height=\"135\" \/><\/a><\/td>\n<\/tr>\n<tr>\n<td colspan=\"2\" width=\"354\" valign=\"top\">Adresa: Universitatea \u201eAl. I. Cuza\u201d Ia\u015fi, Facultatea de Filosofie, Catedra de Sociologie \u015fi Asisten\u0163\u0103 Social\u0103, B-dul Carol I, nr. 11, tel\/fax: 0232212522; 02322012180<\/td>\n<\/tr>\n<tr>\n<td width=\"177\" valign=\"top\">Cod fiscal: 5641138<\/td>\n<td width=\"177\" valign=\"top\">Cont bancar: 2511.010319.28CEC, sucursala Ia\u015fi<\/td>\n<\/tr>\n<tr>\n<td width=\"177\" valign=\"top\"><strong>Sondaje \u015fi barometre de opinie public\u0103<\/strong><strong>Monitoriz\u0103ri media<\/strong><\/td>\n<td width=\"177\" valign=\"top\"><strong>Studii de imagine (institu\u0163ii, partide, lideri)<\/strong><\/td>\n<td width=\"236\" valign=\"top\"><strong>Campanii de rela\u0163ii publice \u015fi electorale<\/strong><strong>Campanii de publicitate<\/strong><\/td>\n<\/tr>\n<tr>\n<td colspan=\"3\" width=\"590\" valign=\"top\"><em>&#8230;este o structur\u0103 de cercetare constituit\u0103 prin ini\u0163iativa Catedrei de Sociologie \u015fi Asisten\u0163\u0103 Social\u0103 de la Facultatea de Filosofie \u015fi \u015etiin\u0163e Social-Politice a Universit\u0103\u0163ii \u201eAl. I. Cuza\u201d din Ia\u015fi. Echipa este alc\u0103tuit\u0103 din cadre didactice cu \u00eendelungat\u0103 experien\u0163\u0103 \u00een domeniul cercet\u0103rilor sociale, cercet\u0103tori, doctoranzi, masteranzi \u015fi studen\u0163i cu aptitudini deosebite pentru realizarea de studii \u015fi anchete social-economice.<\/em><\/td>\n<\/tr>\n<tr>\n<td width=\"177\" valign=\"top\"><strong>DIRECTOR<\/strong>:<a href=\"http:\/\/www.fssp.uaic.ro\/content\/index\/2_15\/cv\/8\/60.html\" target=\"_blank\">conf. univ. dr. Adrian Netedu<\/a><\/td>\n<td width=\"177\" valign=\"top\">\u00a0\u00a0<strong><a href=\"mailto:smooth@uaic.ro\">smooth@uaic.ro<\/a><\/strong><\/td>\n<td width=\"236\" valign=\"top\">\u00a0<a href=\"http:\/\/fundatiaaxis.ro\/wp-content\/uploads\/adrian-netedu-1.jpg\"><img loading=\"lazy\" class=\"aligncenter size-full wp-image-320\" title=\"adrian netedu 1\" src=\"http:\/\/fundatiaaxis.ro\/wp-content\/uploads\/adrian-netedu-1.jpg\" alt=\"\" width=\"180\" height=\"135\" \/><\/a><\/td>\n<\/tr>\n<tr>\n<td colspan=\"3\" width=\"590\" valign=\"top\">\n<p style=\"text-align: center;\"><strong>DOMENII DE ACTIVITATE<\/strong><\/p>\n<p style=\"text-align: center;\">\u00a0<\/p>\n<\/td>\n<\/tr>\n<tr>\n<td width=\"177\" valign=\"top\"><strong>Anchete sociologice \u015fi studii de opinie<\/strong><strong>\u00a0<\/strong><\/td>\n<td width=\"177\" valign=\"top\"><strong>Studii de comunicare public\u0103<\/strong><strong>\u00a0<\/strong><\/td>\n<td width=\"236\" valign=\"top\"><strong>Marketing, publicitate, advocacy<\/strong><strong>\u00a0<\/strong><\/td>\n<\/tr>\n<tr>\n<td width=\"177\" valign=\"top\">Sondaje \u015fi barometre de opinie public\u0103Realizarea \u015fi interpretarea bazelor de dateStudii demogafice zonaleCercet\u0103ri privind dezvoltarea comunit\u0103\u0163ilor rurale\u00a0Cercet\u0103ri de urbanism\u00a0Cercet\u0103ri privind calitatea vie\u0163ii sociale\u00a0Cercet\u0103ri privind implementarea politicilor publice \u015fi a programelor europene<\/td>\n<td width=\"177\" valign=\"top\">Campanii de rela\u0163ii publice \u015fi electoraleStudii de imagine (institu\u0163ii, partide, lideri)Studii de audien\u0163\u0103 mass-mediaAnalize retorice \u015fi de con\u0163inut\u00a0\u00a0Cercet\u0103ri organiza\u0163ionale (\u00eentreprindei, institu\u0163ii, firme)<\/td>\n<td width=\"236\" valign=\"top\">Campanii de publicitateConsultan\u0163\u0103 \u00een domeniul publicit\u0103\u0163ii\u00a0Monitoriz\u0103ri media (discurs social, economic, politic)\u00a0Campanii de <em>advocacy<\/em> (influen\u0163are)<\/td>\n<\/tr>\n<\/tbody>\n<\/table>\n<p><!--:--><!--:en-->\u00a0<\/p>\n<table border=\"1\" cellspacing=\"0\" cellpadding=\"0\">\n<tbody>\n<tr>\n<td colspan=\"2\" width=\"354\" valign=\"top\"><strong><a title=\"PDF\" href=\"http:\/\/fundatiaaxis.ro\/wp-content\/uploads\/censop1.pdf\" target=\"_blank\">Opinion Survey Center Moldova<\/a><\/strong><\/td>\n<td rowspan=\"3\" width=\"236\" valign=\"top\">\u00a0<a href=\"http:\/\/fundatiaaxis.ro\/wp-content\/uploads\/censop1.pdf\" target=\"_blank\"><img loading=\"lazy\" class=\"aligncenter size-full wp-image-321\" title=\"censop sigla\" src=\"http:\/\/fundatiaaxis.ro\/wp-content\/uploads\/censop-sigla.jpg\" alt=\"\" width=\"222\" height=\"135\" \/><\/a><\/td>\n<\/tr>\n<tr>\n<td colspan=\"2\" width=\"354\" valign=\"top\">Address: \u201cAl. I. Cuza\u201d University, Iasi, Department of Philosophy and Social Sciences,\u00a0 11 Carol I, Tel.\/ Fax 0232212522, 02322012180<\/td>\n<\/tr>\n<tr>\n<td width=\"177\" valign=\"top\">Tax code: 5641138<\/td>\n<td width=\"177\" valign=\"top\">Bank Account: 2511.010319.28 CEC, Iasi Branch<\/td>\n<\/tr>\n<tr>\n<td width=\"177\" valign=\"top\"><strong><strong>Surveys and media monitoring<\/strong><\/strong><\/td>\n<td width=\"177\" valign=\"top\"><strong><strong>Image studies (institutions, parties, leaders)<\/strong><\/p>\n<p><\/strong><\/td>\n<td width=\"236\" valign=\"top\"><strong><strong>Electoral and public relation campaigns. Publicity campaigns<\/strong><\/strong><\/td>\n<\/tr>\n<tr>\n<td colspan=\"3\" width=\"590\" valign=\"top\"><em><em>It is a research structure organized at the initiative of the Sociology and Social Assistance Branch at the Department of Philosophy and Social Sciences, \u201cAl. I. Cuza\u201d University, Iasi. The team is made up of teaching staff experienced in the field of social research, researchers, doctoral students, graduate students and outstanding undergraduates, with special aptitudes in devising socio-economic studies and investigations<\/em>.<\/em><\/td>\n<\/tr>\n<tr>\n<td width=\"177\" valign=\"top\"><strong>DIRECTOR<\/strong>:<a href=\"http:\/\/www.fssp.uaic.ro\/content\/index\/2_15\/cv\/8\/60.html\" target=\"_blank\">conf. univ. dr. Adrian Netedu<\/a><\/td>\n<td width=\"177\" valign=\"top\">\u00a0\u00a0<strong><a href=\"mailto:smooth@uaic.ro\">smooth@uaic.ro<\/a><\/strong><\/td>\n<td width=\"236\" valign=\"top\">\u00a0<a href=\"http:\/\/fundatiaaxis.ro\/wp-content\/uploads\/adrian-netedu-1.jpg\"><img loading=\"lazy\" class=\"aligncenter size-full wp-image-320\" title=\"adrian netedu 1\" src=\"http:\/\/fundatiaaxis.ro\/wp-content\/uploads\/adrian-netedu-1.jpg\" alt=\"\" width=\"180\" height=\"135\" \/><\/a><\/td>\n<\/tr>\n<tr>\n<td colspan=\"3\" width=\"590\" valign=\"top\">\n<p style=\"text-align: center;\"><strong>FIELDS OF ACTIVITY<\/strong><\/p>\n<p style=\"text-align: center;\">\u00a0<\/p>\n<\/td>\n<\/tr>\n<tr>\n<td width=\"177\" valign=\"top\"><strong><strong>Sociological and opinion surveys <\/strong><\/strong><\/td>\n<td width=\"177\" valign=\"top\"><strong><strong>Public Communication Studies<\/strong><\/strong><\/td>\n<td width=\"236\" valign=\"top\"><strong><strong>Marketing, advertising, advocacy<\/strong><\/strong><\/td>\n<\/tr>\n<tr>\n<td width=\"177\" valign=\"top\">Public opinion surveys<\/p>\n<p>Devising and interpretation of databases<\/p>\n<p>Area demographic studies<\/p>\n<p>Research regarding the development of rural communities<\/p>\n<p>Research regarding the quality of social life<\/p>\n<p>Research regarding the implementation of public policies and European programs<\/td>\n<td width=\"177\" valign=\"top\">Campaigns of electoral and public relations. Image studies (institutions, parties, leaders). Mass-media audience surveys. Content and rhetorical analyses. Organizational research (companies, institutions, business)<\/td>\n<td width=\"236\" valign=\"top\">Publicity campaigns<\/p>\n<p>Publicity consulting<\/p>\n<p>Media monitoring (social, political, economic discourse)<\/p>\n<p>Advocacy Campaigns<\/td>\n<\/tr>\n<\/tbody>\n<\/table>\n<p><!--:--><\/p>\n","protected":false},"excerpt":{"rendered":"<p>\u00a0 Centrul de Sondare a Opiniei Publice Moldova \u00a0 Adresa: Universitatea \u201eAl. I. Cuza\u201d Ia\u015fi, Facultatea de Filosofie, Catedra de Sociologie \u015fi Asisten\u0163\u0103 Social\u0103, B-dul Carol I, nr. 11, tel\/fax: 0232212522; 02322012180 Cod fiscal: 5641138 Cont bancar: 2511.010319.28CEC, sucursala Ia\u015fi &hellip; <a href=\"https:\/\/fundatiaaxis.ro\/?page_id=267\">Continue reading <span class=\"meta-nav\">&rarr;<\/span><\/a><\/p>\n","protected":false},"author":1,"featured_media":0,"parent":0,"menu_order":4,"comment_status":"closed","ping_status":"closed","template":"","meta":[],"_links":{"self":[{"href":"https:\/\/fundatiaaxis.ro\/index.php?rest_route=\/wp\/v2\/pages\/267"}],"collection":[{"href":"https:\/\/fundatiaaxis.ro\/index.php?rest_route=\/wp\/v2\/pages"}],"about":[{"href":"https:\/\/fundatiaaxis.ro\/index.php?rest_route=\/wp\/v2\/types\/page"}],"author":[{"embeddable":true,"href":"https:\/\/fundatiaaxis.ro\/index.php?rest_route=\/wp\/v2\/users\/1"}],"replies":[{"embeddable":true,"href":"https:\/\/fundatiaaxis.ro\/index.php?rest_route=%2Fwp%2Fv2%2Fcomments&post=267"}],"version-history":[{"count":16,"href":"https:\/\/fundatiaaxis.ro\/index.php?rest_route=\/wp\/v2\/pages\/267\/revisions"}],"predecessor-version":[{"id":276,"href":"https:\/\/fundatiaaxis.ro\/index.php?rest_route=\/wp\/v2\/pages\/267\/revisions\/276"}],"wp:attachment":[{"href":"https:\/\/fundatiaaxis.ro\/index.php?rest_route=%2Fwp%2Fv2%2Fmedia&parent=267"}],"curies":[{"name":"wp","href":"https:\/\/api.w.org\/{rel}","templated":true}]}}