{"id":56,"date":"2011-06-17T05:42:58","date_gmt":"2011-06-17T05:42:58","guid":{"rendered":"http:\/\/fundatiaaxis.ro\/?page_id=56"},"modified":"2021-03-29T17:01:46","modified_gmt":"2021-03-29T17:01:46","slug":"colectia-universitaria","status":"publish","type":"page","link":"https:\/\/fundatiaaxis.ro\/?page_id=56","title":{"rendered":"COLEC\u0162IA UNIVERSITARIA"},"content":{"rendered":"<p><!--:ro-->\u00a0<\/p>\n<p>Colec\u0163ia Universitaria reprezint\u0103 una din cele mai active \u015fi mai longevive colec\u0163ii ce vizeaz\u0103 publicarea de c\u0103r\u0163i, cursuri \u015fi bro\u015furi cu caracter universitar. Utilitatea colec\u0163iei Universitaria pe pia\u0163a stiintifica este dovedit\u0103 de interesul constant manifestat \u00een decursul timpul pentru lucr\u0103rile publicate \u00een cadrul acesteia de c\u0103tre studen\u0163i, cercet\u0103tori \u015fi cadre didactice. Colec\u0163ia Universitaria urm\u0103re\u015fte s\u0103 contribuie la \u00eencurajarea \u015fi sus\u0163inerea produc\u0163iei de lucr\u0103ri \u015ftiin\u0163ifice de un \u00eenalt nivel \u015fi s\u0103 r\u0103spund\u0103 cerin\u0163elor actuale ale pie\u0163ei stiin\u0163ifice. Nu \u00een ultimul r\u00e2nd, colec\u0163ia Universitaria se adreseaz\u0103 \u015fi publicului larg cultivat \u2013 c\u0103r\u0163ile sale venind \u00een \u00eent\u00e2mpinarea preocup\u0103rilor de \u00eemboga\u0163ire \u015fi aprofundare a cuno\u015ftin\u0163elor celor interesa\u0163i de nout\u0103\u0163ile dintr-un anumit domeniu, \u0163in\u00e2nd cont de faptul c\u0103 una din exigen\u0163ele societ\u0103\u0163ii actuale este reprezentat\u0103 de o formare \u015fi informare continue.<\/p>\n<p style=\"text-align: center;\"><a href=\"http:\/\/fundatiaaxis.ro\/wp-content\/uploads\/sigla-fundatie-axis-invert1.jpg\"><img loading=\"lazy\" class=\"aligncenter size-thumbnail wp-image-195\" title=\"sigla-fundatie-axis-invert1\" src=\"http:\/\/fundatiaaxis.ro\/wp-content\/uploads\/sigla-fundatie-axis-invert1-150x150.jpg\" alt=\"\" width=\"150\" height=\"150\" \/><\/a><\/p>\n<p style=\"text-align: center;\"><a title=\"Catalogul Colectiei Universitaria in format pdf\" href=\"http:\/\/fundatiaaxis.ro\/wp-content\/uploads\/CATALOG-AXIS.pdf\" target=\"_blank\" rel=\"noopener\">Colec\u0163ia <strong>Universitaria<\/strong> <\/a>\u00eensumeaz\u0103\u00a017 serii:<\/p>\n<p style=\"text-align: center;\"><a title=\"Antropologie\" href=\"http:\/\/fundatiaaxis.ro\/?page_id=169\" target=\"_blank\" rel=\"noopener\">ANTROPOLOGIE<\/a><\/p>\n<p style=\"text-align: center;\"><a title=\"Asisten\u0163\u0103 Social\u0103\" href=\"http:\/\/fundatiaaxis.ro\/?page_id=174\" target=\"_blank\" rel=\"noopener\">ASISTEN\u0162\u0102 SOCIAL\u0102<\/a><\/p>\n<p style=\"text-align: center;\"><a title=\"Comunicare\" href=\"http:\/\/fundatiaaxis.ro\/?page_id=178\" target=\"_blank\" rel=\"noopener\">COMUNICARE<\/a><\/p>\n<p style=\"text-align: center;\"><a title=\"Didactic\u0103\" href=\"http:\/\/fundatiaaxis.ro\/?page_id=188\" target=\"_blank\" rel=\"noopener\">DIDACTIC\u0102<\/a><\/p>\n<p style=\"text-align: center;\"><a title=\"Filosofie\" href=\"http:\/\/fundatiaaxis.ro\/?page_id=58\" target=\"_blank\" rel=\"noopener\">FILOSOFIE<\/a><\/p>\n<p style=\"text-align: center;\"><a title=\"Hermeneutic\u0103\" href=\"http:\/\/fundatiaaxis.ro\/?page_id=184\" target=\"_blank\" rel=\"noopener\">HERMENEUTIC\u0102<\/a><\/p>\n<p style=\"text-align: center;\"><a title=\"Istorie\" href=\"http:\/\/fundatiaaxis.ro\/?page_id=166\" target=\"_blank\" rel=\"noopener\">ISTORIE<\/a><\/p>\n<p style=\"text-align: center;\"><a title=\"Literatur\u0103\" href=\"http:\/\/fundatiaaxis.ro\/?page_id=68\" target=\"_blank\" rel=\"noopener\">LITERATUR\u0102<\/a><\/p>\n<p style=\"text-align: center;\"><a title=\"Medicin\u0103\" href=\"http:\/\/fundatiaaxis.ro\/?page_id=62\" target=\"_blank\" rel=\"noopener\">MEDICIN\u0102<\/a><\/p>\n<p style=\"text-align: center;\"><a title=\"Muzic\u0103\" href=\"http:\/\/fundatiaaxis.ro\/?page_id=190\" target=\"_blank\" rel=\"noopener\">MUZIC\u0102<\/a><\/p>\n<p style=\"text-align: center;\"><a title=\"Psihologie\" href=\"http:\/\/fundatiaaxis.ro\/?page_id=176\" target=\"_blank\" rel=\"noopener\">PSIHOLOGIE<\/a><\/p>\n<p style=\"text-align: center;\"><a title=\"Politologie\" href=\"http:\/\/fundatiaaxis.ro\/?page_id=186\" target=\"_blank\" rel=\"noopener\">POLITOLOGIE<\/a><\/p>\n<p style=\"text-align: center;\"><a title=\"Religie\" href=\"http:\/\/fundatiaaxis.ro\/?page_id=66\" target=\"_blank\" rel=\"noopener\">RELIGIE<\/a><\/p>\n<p style=\"text-align: center;\"><a title=\"Sociologie\" href=\"http:\/\/fundatiaaxis.ro\/?page_id=64\" target=\"_blank\" rel=\"noopener\">SOCIOLOGIE<\/a><\/p>\n<p style=\"text-align: center;\"><a title=\"Stiinte fundamentale si Informatica\" href=\"http:\/\/fundatiaaxis.ro\/?page_id=192\" target=\"_blank\" rel=\"noopener\">\u015eTIIN\u0162E FUNDAMENTALE \u015eI INFORMATIC\u0102<\/a><\/p>\n<p style=\"text-align: center;\"><a title=\"Stiinte Juridice\" href=\"http:\/\/fundatiaaxis.ro\/?page_id=60\" target=\"_blank\" rel=\"noopener\">\u015eTIIN\u0162E JURIDICE<\/a><\/p>\n<p style=\"text-align: center;\"><a title=\"Tehnic\u0103\" href=\"http:\/\/fundatiaaxis.ro\/?page_id=180\" target=\"_blank\" rel=\"noopener\">TEHNIC\u0102<\/a><\/p>\n<p><!--:--><!--:en-->\u00a0<\/p>\n<p>The Universitaria Collection represents one of the most active and long-lasting collections that aims at publishing academic books and course support.\u00a0The usefulness of this collection on the scientific market is proven by the constant interest manifested in time for the works published here by students, researchers and the academic staff. The Universitaria Collection aims at contributing to the encouragement and support of high quality scientific and academic works and thus at satisfying the present needs of the scientific community. Last but not least, the collection addresses the large public \u2013 its books helping the enrichment and development of knowledge in those interested in a particular field, taking into account that one of the exigencies of our contemporary society is the continuous formation.<\/p>\n<p style=\"text-align: center;\"><a href=\"http:\/\/fundatiaaxis.ro\/wp-content\/uploads\/sigla-fundatie-axis-invert1.jpg\"><img loading=\"lazy\" class=\"aligncenter size-thumbnail wp-image-195\" title=\"sigla-fundatie-axis-invert1\" src=\"http:\/\/fundatiaaxis.ro\/wp-content\/uploads\/sigla-fundatie-axis-invert1-150x150.jpg\" alt=\"\" width=\"150\" height=\"150\" \/><\/a><\/p>\n<p style=\"text-align: center;\"><a title=\"Catalogul Colectiei Universitaria in format pdf\" href=\"http:\/\/fundatiaaxis.ro\/wp-content\/uploads\/CATALOG-AXIS.pdf\" target=\"_blank\" rel=\"noopener\">Universitaria Collection <\/a>has 17 series:<\/p>\n<p style=\"text-align: center;\"><a title=\"Antropologie\" href=\"http:\/\/fundatiaaxis.ro\/?page_id=169\" target=\"_blank\" rel=\"noopener\">A<\/a><a title=\"Antropologie\" href=\"http:\/\/fundatiaaxis.ro\/?page_id=169\" target=\"_blank\" rel=\"noopener\">NTHROPOLOGY<\/a><\/p>\n<p style=\"text-align: center;\"><a title=\"Asisten\u0163\u0103 Social\u0103\" href=\"http:\/\/fundatiaaxis.ro\/?page_id=174\" target=\"_blank\" rel=\"noopener\">SOCIAL ASSISTANCE<\/a><\/p>\n<p style=\"text-align: center;\"><a title=\"Comunicare\" href=\"http:\/\/fundatiaaxis.ro\/?page_id=178\" target=\"_blank\" rel=\"noopener\">COMMUNICATION<\/a><\/p>\n<p style=\"text-align: center;\"><a title=\"Didactic\u0103\" href=\"http:\/\/fundatiaaxis.ro\/?page_id=188\" target=\"_blank\" rel=\"noopener\">DIDACTICS<\/a><\/p>\n<p style=\"text-align: center;\"><a title=\"Filosofie\" href=\"http:\/\/fundatiaaxis.ro\/?page_id=58\" target=\"_blank\" rel=\"noopener\">PHILOSOPHY<\/a><\/p>\n<p style=\"text-align: center;\"><a title=\"Hermeneutic\u0103\" href=\"http:\/\/fundatiaaxis.ro\/?page_id=184\" target=\"_blank\" rel=\"noopener\">HERMENEUTICS<\/a><\/p>\n<p style=\"text-align: center;\"><a title=\"Istorie\" href=\"http:\/\/fundatiaaxis.ro\/?page_id=166\" target=\"_blank\" rel=\"noopener\">HISTORY<\/a><\/p>\n<p style=\"text-align: center;\"><a title=\"Literatur\u0103\" href=\"http:\/\/fundatiaaxis.ro\/?page_id=68\" target=\"_blank\" rel=\"noopener\">LITERATURE<\/a><\/p>\n<p style=\"text-align: center;\"><a title=\"Medicin\u0103\" href=\"http:\/\/fundatiaaxis.ro\/?page_id=62\" target=\"_blank\" rel=\"noopener\">MEDICINE<\/a><\/p>\n<p style=\"text-align: center;\"><a title=\"Muzic\u0103\" href=\"http:\/\/fundatiaaxis.ro\/?page_id=190\" target=\"_blank\" rel=\"noopener\">MUSIC<\/a><\/p>\n<p style=\"text-align: center;\"><a title=\"Psihologie\" href=\"http:\/\/fundatiaaxis.ro\/?page_id=176\" target=\"_blank\" rel=\"noopener\">PSYCHOLOGY<\/a><\/p>\n<p style=\"text-align: center;\"><a title=\"Politologie\" href=\"http:\/\/fundatiaaxis.ro\/?page_id=186\" target=\"_blank\" rel=\"noopener\">POLITOLOGY<\/a><\/p>\n<p style=\"text-align: center;\"><a title=\"Religie\" href=\"http:\/\/fundatiaaxis.ro\/?page_id=66\" target=\"_blank\" rel=\"noopener\">RELIGION<\/a><\/p>\n<p style=\"text-align: center;\"><a title=\"Sociologie\" href=\"http:\/\/fundatiaaxis.ro\/?page_id=64\" target=\"_blank\" rel=\"noopener\">SOCIOLOGY<\/a><\/p>\n<p style=\"text-align: center;\"><a title=\"Stiinte fundamentale si Informatica\" href=\"http:\/\/fundatiaaxis.ro\/?page_id=192\" target=\"_blank\" rel=\"noopener\">FUNDAMENTAL SCIENCES AND INFORMATICS<\/a><\/p>\n<p style=\"text-align: center;\"><a title=\"Stiinte Juridice\" href=\"http:\/\/fundatiaaxis.ro\/?page_id=60\" target=\"_blank\" rel=\"noopener\">LAW<\/a><\/p>\n<p style=\"text-align: center;\"><a title=\"Tehnic\u0103\" href=\"http:\/\/fundatiaaxis.ro\/?page_id=180\" target=\"_blank\" rel=\"noopener\">TECHNICAL SCIENCES<\/a><\/p>\n<p><!--:--><\/p>\n","protected":false},"excerpt":{"rendered":"<p>\u00a0 Colec\u0163ia Universitaria reprezint\u0103 una din cele mai active \u015fi mai longevive colec\u0163ii ce vizeaz\u0103 publicarea de c\u0103r\u0163i, cursuri \u015fi bro\u015furi cu caracter universitar. Utilitatea colec\u0163iei Universitaria pe pia\u0163a stiintifica este dovedit\u0103 de interesul constant manifestat \u00een decursul timpul pentru &hellip; <a href=\"https:\/\/fundatiaaxis.ro\/?page_id=56\">Continue reading <span class=\"meta-nav\">&rarr;<\/span><\/a><\/p>\n","protected":false},"author":1,"featured_media":0,"parent":102,"menu_order":1,"comment_status":"closed","ping_status":"closed","template":"","meta":[],"_links":{"self":[{"href":"https:\/\/fundatiaaxis.ro\/index.php?rest_route=\/wp\/v2\/pages\/56"}],"collection":[{"href":"https:\/\/fundatiaaxis.ro\/index.php?rest_route=\/wp\/v2\/pages"}],"about":[{"href":"https:\/\/fundatiaaxis.ro\/index.php?rest_route=\/wp\/v2\/types\/page"}],"author":[{"embeddable":true,"href":"https:\/\/fundatiaaxis.ro\/index.php?rest_route=\/wp\/v2\/users\/1"}],"replies":[{"embeddable":true,"href":"https:\/\/fundatiaaxis.ro\/index.php?rest_route=%2Fwp%2Fv2%2Fcomments&post=56"}],"version-history":[{"count":18,"href":"https:\/\/fundatiaaxis.ro\/index.php?rest_route=\/wp\/v2\/pages\/56\/revisions"}],"predecessor-version":[{"id":489,"href":"https:\/\/fundatiaaxis.ro\/index.php?rest_route=\/wp\/v2\/pages\/56\/revisions\/489"}],"up":[{"embeddable":true,"href":"https:\/\/fundatiaaxis.ro\/index.php?rest_route=\/wp\/v2\/pages\/102"}],"wp:attachment":[{"href":"https:\/\/fundatiaaxis.ro\/index.php?rest_route=%2Fwp%2Fv2%2Fmedia&parent=56"}],"curies":[{"name":"wp","href":"https:\/\/api.w.org\/{rel}","templated":true}]}}