{"id":58,"date":"2011-06-17T05:45:17","date_gmt":"2011-06-17T05:45:17","guid":{"rendered":"http:\/\/fundatiaaxis.ro\/?page_id=58"},"modified":"2021-03-29T17:02:33","modified_gmt":"2021-03-29T17:02:33","slug":"filosofie","status":"publish","type":"page","link":"https:\/\/fundatiaaxis.ro\/","title":{"rendered":"FILOSOFIE"},"content":{"rendered":"<p><!--:ro-->\u00a0<\/p>\n<table border=\"1\" cellspacing=\"0\" cellpadding=\"0\" width=\"100%\">\n<tbody>\n<tr>\n<td width=\"172\" valign=\"top\"><strong>\u00a0<a href=\"http:\/\/fundatiaaxis.ro\/wp-content\/uploads\/Istoria-semnului-in-patristica-si-scolastica.jpg\"><img loading=\"lazy\" class=\"alignnone size-thumbnail wp-image-121\" title=\"Istoria semnului in patristica si scolastica\" src=\"http:\/\/fundatiaaxis.ro\/wp-content\/uploads\/Istoria-semnului-in-patristica-si-scolastica-150x150.jpg\" alt=\"\" width=\"150\" height=\"150\" \/><\/a><\/strong><\/td>\n<td width=\"348\" valign=\"top\"><span style=\"color: #000000;\">Petru Bejan, <\/span><em>Istoria semnului \u00een patristic\u0103 \u015fi scolastic\u0103<\/em><strong>\u00a0<\/strong><\/td>\n<td width=\"88\" valign=\"top\">1999<strong>\u00a0<\/strong><\/td>\n<\/tr>\n<tr>\n<td width=\"172\" valign=\"top\"><strong>\u00a0<a href=\"http:\/\/fundatiaaxis.ro\/wp-content\/uploads\/Critica-filosofiei-pure.jpg\"><img loading=\"lazy\" class=\"alignnone size-thumbnail wp-image-124\" title=\"Critica filosofiei pure\" src=\"http:\/\/fundatiaaxis.ro\/wp-content\/uploads\/Critica-filosofiei-pure-150x150.jpg\" alt=\"\" width=\"150\" height=\"150\" \/><\/a><\/strong><\/td>\n<td width=\"348\" valign=\"top\"><span style=\"color: #000000;\">Petru Bejan,<strong>\u00a0<\/strong><\/span><em>Critica filosofiei pure<\/em><strong>\u00a0<\/strong><\/td>\n<td width=\"88\" valign=\"top\">2000<strong>\u00a0<\/strong><\/td>\n<\/tr>\n<tr>\n<td width=\"172\" valign=\"top\"><strong>\u00a0<\/strong><\/td>\n<td width=\"348\" valign=\"top\">\u015etefan Afloroaei (coord), <em>Limite ale interpret\u0103rii<\/em><strong>\u00a0<\/strong><\/td>\n<td width=\"88\" valign=\"top\">2001<strong>\u00a0<\/strong><\/td>\n<\/tr>\n<tr>\n<td width=\"172\" valign=\"top\"><strong>\u00a0<\/strong><\/td>\n<td width=\"348\" valign=\"top\"><span style=\"color: #000000;\">Angela Zabulic\u0103<strong>, <\/strong><\/span><em>Temporalitatea \u00een discursul fenomenologic al lui Martin Heidegger<\/em><strong>\u00a0<\/strong><\/td>\n<td width=\"88\" valign=\"top\">2002<strong>\u00a0<\/strong><\/td>\n<\/tr>\n<tr>\n<td width=\"172\" valign=\"top\"><strong>\u00a0<\/strong><\/td>\n<td width=\"348\" valign=\"top\"><span style=\"color: #000000;\">\u015etefan Afloroaei (coord), <\/span><em>Interpretare \u015fi ideologie<\/em><strong>\u00a0<\/strong><\/td>\n<td width=\"88\" valign=\"top\">2002<strong>\u00a0<\/strong><\/td>\n<\/tr>\n<tr>\n<td width=\"172\" valign=\"top\"><strong>\u00a0<\/strong><\/td>\n<td width=\"348\" valign=\"top\"><span style=\"color: #000000;\">\u015etefan Afloroaei , Corneliu B\u00e2lb\u0103 , George Bondor,<strong>\u00a0<\/strong><\/span><em>Locul metafizic al str\u0103inului<\/em><strong>\u00a0<\/strong><\/td>\n<td width=\"88\" valign=\"top\">2003<strong>\u00a0<\/strong><\/td>\n<\/tr>\n<tr>\n<td width=\"172\" valign=\"top\"><strong>\u00a0<\/strong><\/td>\n<td width=\"348\" valign=\"top\"><span style=\"color: #000000;\">Virgil Catargiu,<strong>\u00a0<\/strong><\/span><em>Perspective filosofice asupra istoriei<\/em><strong>\u00a0<\/strong><\/td>\n<td width=\"88\" valign=\"top\">2003<strong>\u00a0<\/strong><\/td>\n<\/tr>\n<tr>\n<td width=\"172\" valign=\"top\"><strong>\u00a0<\/strong><\/td>\n<td width=\"348\" valign=\"top\"><span style=\"color: #000000;\">Dan Chi\u0163oiu,<strong>\u00a0<\/strong><\/span><em>Repere \u00een filosofia bizantin\u0103<\/em><strong>\u00a0<\/strong><\/td>\n<td width=\"88\" valign=\"top\">2003<strong>\u00a0<\/strong><\/td>\n<\/tr>\n<tr>\n<td width=\"172\" valign=\"top\"><strong>\u00a0<\/strong><\/td>\n<td width=\"348\" valign=\"top\"><span style=\"color: #000000;\">\u015etefan Munteanu, <\/span><em>Ra\u0163ionalitatea metafizicii lui Ion Petrovici<\/em><strong>\u00a0<\/strong><\/td>\n<td width=\"88\" valign=\"top\">2003<strong>\u00a0<\/strong><\/td>\n<\/tr>\n<tr>\n<td width=\"172\" valign=\"top\"><strong><a href=\"http:\/\/fundatiaaxis.ro\/wp-content\/uploads\/Hermeneutica-prejudecatilor.jpg\"><img loading=\"lazy\" class=\"alignnone size-thumbnail wp-image-120\" title=\"Hermeneutica prejudecatilor\" src=\"http:\/\/fundatiaaxis.ro\/wp-content\/uploads\/Hermeneutica-prejudecatilor-150x150.jpg\" alt=\"\" width=\"150\" height=\"150\" \/><\/a><\/strong><\/td>\n<td width=\"348\" valign=\"top\"><span style=\"color: #000000;\">Petru Bejan, <\/span><em>Hermeneutica prejudec\u0103\u0163ilor<\/em><strong>\u00a0<\/strong><\/td>\n<td width=\"88\" valign=\"top\">2004<strong>\u00a0<\/strong><\/td>\n<\/tr>\n<tr>\n<td width=\"172\" valign=\"top\"><strong>\u00a0<\/strong><\/td>\n<td width=\"348\" valign=\"top\"><span style=\"color: #000000;\">Tudor Ghideanu, <\/span><em>Filosofia Criteriului \u015fi Timpul Funciar<\/em><strong>\u00a0<\/strong><\/td>\n<td width=\"88\" valign=\"top\">2004<strong>\u00a0<\/strong><\/td>\n<\/tr>\n<tr>\n<td width=\"172\" valign=\"top\"><strong><\/strong><\/td>\n<td width=\"348\" valign=\"top\"><span style=\"color: #000000;\">Cornelia \u015fi Mihai C\u0103prioar\u0103, <\/span><em>Introducere \u00een filosofie<\/em><strong>\u00a0<\/strong><\/td>\n<td width=\"88\" valign=\"top\">2004<strong>\u00a0<\/strong><\/td>\n<\/tr>\n<tr>\n<td width=\"172\" valign=\"top\"><a href=\"http:\/\/fundatiaaxis.ro\/wp-content\/uploads\/Dunca-_Filosofie-antica_seria-filosofie.jpg\"><img loading=\"lazy\" class=\"alignnone size-thumbnail wp-image-32\" title=\"Dunca _Filosofie antica_seria filosofie\" src=\"http:\/\/fundatiaaxis.ro\/wp-content\/uploads\/Dunca-_Filosofie-antica_seria-filosofie-150x150.jpg\" alt=\"\" width=\"150\" height=\"150\" \/><\/a><\/td>\n<td width=\"348\" valign=\"top\">Petru Dunca, <em>Introducere \u00een filosofia Orientului Antic<\/em><\/td>\n<td width=\"88\" valign=\"top\">\n<div><strong><span style=\"color: #000000;\">2005<strong>\u00a0<\/strong><\/span>\u00a0\u00a0\u00a0\u00a0<\/strong><\/div>\n<p><strong>\u00a0<\/p>\n<p><\/strong><\/td>\n<\/tr>\n<tr>\n<td width=\"172\" valign=\"top\">\u00a0<\/td>\n<td width=\"348\" valign=\"top\">Titus Raveica, <em>Istoria filosofiei moderne<\/em> vol II<\/td>\n<td width=\"88\" valign=\"top\">2005<strong>\u00a0<\/strong><\/td>\n<\/tr>\n<tr>\n<td width=\"172\" valign=\"top\"><a href=\"http:\/\/fundatiaaxis.ro\/wp-content\/uploads\/Patrascu_seria-filosofie.jpg\"><img loading=\"lazy\" class=\"alignnone size-thumbnail wp-image-44\" title=\"Patrascu_seria filosofie\" src=\"http:\/\/fundatiaaxis.ro\/wp-content\/uploads\/Patrascu_seria-filosofie-150x150.jpg\" alt=\"\" width=\"150\" height=\"150\" \/><\/a>\u00a0<\/td>\n<td width=\"348\" valign=\"top\">Horia P\u0103tra\u015fcu, <em>Despre ur\u00e2t \u015fi al\u0163i demoni Reflec\u0163ii \u015fi exclama\u0163ii<\/em><\/td>\n<td width=\"88\" valign=\"top\"><strong>\u00a02005<\/strong><\/td>\n<\/tr>\n<tr>\n<td width=\"172\" valign=\"top\"><a href=\"http:\/\/fundatiaaxis.ro\/wp-content\/uploads\/Ratulea_seria-filosofie.jpg\"><img loading=\"lazy\" class=\"alignnone size-thumbnail wp-image-48\" title=\"Ratulea_seria filosofie\" src=\"http:\/\/fundatiaaxis.ro\/wp-content\/uploads\/Ratulea_seria-filosofie-150x150.jpg\" alt=\"\" width=\"150\" height=\"150\" \/><\/a><\/td>\n<td width=\"348\" valign=\"top\">Gabriela R\u0103\u0163ulea, <em>Prelegeri de estetic\u0103<\/em><\/td>\n<td width=\"88\" valign=\"top\"><strong>\u00a02006<\/strong><\/td>\n<\/tr>\n<tr>\n<td width=\"172\" valign=\"top\">\u00a0<\/td>\n<td width=\"348\" valign=\"top\">Daniela Dunca, <em>Fundamentele filosofiei presocratice<\/em><\/td>\n<td width=\"88\" valign=\"top\">2006<strong>\u00a0<\/strong><\/td>\n<\/tr>\n<tr>\n<td width=\"172\" valign=\"top\">\u00a0<\/td>\n<td width=\"348\" valign=\"top\">Cristina Buzoianu, <em>Condi\u0163ia uman\u0103 \u00een filosofia politic\u0103 a lui JJ Rouseau<\/em><\/td>\n<td width=\"88\" valign=\"top\">2007<strong>\u00a0<\/strong><\/td>\n<\/tr>\n<tr>\n<td width=\"172\" valign=\"top\">\u00a0<\/td>\n<td width=\"348\" valign=\"top\">Marcel Lutic, <em>Timpul sacru<\/em><\/td>\n<td width=\"88\" valign=\"top\">2007<strong>\u00a0<\/strong><\/td>\n<\/tr>\n<tr>\n<td width=\"172\" valign=\"top\"><a href=\"http:\/\/fundatiaaxis.ro\/wp-content\/uploads\/Jugrin_seria-filosofie.jpg\"><img loading=\"lazy\" class=\"alignnone size-thumbnail wp-image-37\" title=\"Jugrin_seria filosofie\" src=\"http:\/\/fundatiaaxis.ro\/wp-content\/uploads\/Jugrin_seria-filosofie-150x150.jpg\" alt=\"\" width=\"150\" height=\"150\" \/><\/a><a href=\"http:\/\/fundatiaaxis.ro\/wp-content\/uploads\/Jugrin_seria-filosofie.jpg\"><\/a><\/td>\n<td width=\"348\" valign=\"top\">Daniel Jugrin, <em>Calea Nega\u0163iei \u00een Advaita Ved\u0101nta<\/em><strong><a href=\"http:\/\/fundatiaaxis.ro\/wp-content\/uploads\/Jugrin_seria-filosofie.jpg\"><\/a><\/strong><\/td>\n<td width=\"88\" valign=\"top\">2008<strong>\u00a0<\/strong><\/td>\n<\/tr>\n<tr>\n<td width=\"172\" valign=\"top\"><a href=\"http:\/\/fundatiaaxis.ro\/wp-content\/uploads\/Carpinschi_seria-Filosofie-politica.jpg\"><img loading=\"lazy\" class=\"alignnone size-thumbnail wp-image-20\" title=\"Carpinschi_seria Filosofie politica\" src=\"http:\/\/fundatiaaxis.ro\/wp-content\/uploads\/Carpinschi_seria-Filosofie-politica-150x150.jpg\" alt=\"\" width=\"150\" height=\"150\" \/><\/a><a href=\"http:\/\/fundatiaaxis.ro\/wp-content\/uploads\/Carpinschi_seria-Filosofie-politica.jpg\"><\/a><\/td>\n<td width=\"348\" valign=\"top\">Anton Carpinschi, <em>Cultura recunoa\u015fterii<\/em><strong><a href=\"http:\/\/fundatiaaxis.ro\/wp-content\/uploads\/Carpinschi_seria-Filosofie-politica.jpg\"><\/a><\/strong><\/td>\n<td width=\"88\" valign=\"top\">2008<strong>\u00a0<\/strong><\/td>\n<\/tr>\n<tr>\n<td width=\"172\" valign=\"top\"><strong><a href=\"http:\/\/fundatiaaxis.ro\/wp-content\/uploads\/Petraru_-Erezie-si-Logos_seria-filosofie.jpg\"><img loading=\"lazy\" class=\"alignnone size-thumbnail wp-image-45\" title=\"Petraru_ Erezie si Logos_seria filosofie\" src=\"http:\/\/fundatiaaxis.ro\/wp-content\/uploads\/Petraru_-Erezie-si-Logos_seria-filosofie-150x150.jpg\" alt=\"\" width=\"150\" height=\"150\" \/><\/a><a href=\"http:\/\/fundatiaaxis.ro\/wp-content\/uploads\/Petraru_-Erezie-si-Logos_seria-filosofie.jpg\"><\/a><\/strong><\/td>\n<td width=\"348\" valign=\"top\">Gheorghe Petraru (coord), <em>Erezie \u015fi Logos<\/em><strong><a href=\"http:\/\/fundatiaaxis.ro\/wp-content\/uploads\/Petraru_-Erezie-si-Logos_seria-filosofie.jpg\"><\/a><\/strong><\/td>\n<td width=\"88\" valign=\"top\">2008<\/td>\n<\/tr>\n<tr>\n<td width=\"172\" valign=\"top\"><a href=\"http:\/\/fundatiaaxis.ro\/wp-content\/uploads\/Pouivet_seria-estetica-si-filosofia-artei.jpg\"><img loading=\"lazy\" class=\"alignnone size-thumbnail wp-image-47\" title=\"Pouivet_seria estetica si filosofia artei\" src=\"http:\/\/fundatiaaxis.ro\/wp-content\/uploads\/Pouivet_seria-estetica-si-filosofia-artei-150x150.jpg\" alt=\"\" width=\"150\" height=\"150\" \/><\/a><a href=\"http:\/\/fundatiaaxis.ro\/wp-content\/uploads\/Pouivet_seria-estetica-si-filosofia-artei.jpg\"><\/a><\/td>\n<td width=\"348\" valign=\"top\">Roger Pouivet, <em>Ce este opera de art\u0103?<\/em><strong><a href=\"http:\/\/fundatiaaxis.ro\/wp-content\/uploads\/Pouivet_seria-estetica-si-filosofia-artei.jpg\"><\/a><\/strong><\/td>\n<td width=\"88\" valign=\"top\">2008<strong>\u00a0<\/strong><\/td>\n<\/tr>\n<\/tbody>\n<\/table>\n<p><!--:--><!--:en-->\u00a0<\/p>\n<table border=\"1\" cellspacing=\"0\" cellpadding=\"0\" width=\"100%\">\n<tbody>\n<tr>\n<td width=\"172\" valign=\"top\"><strong>\u00a0<a href=\"http:\/\/fundatiaaxis.ro\/wp-content\/uploads\/Istoria-semnului-in-patristica-si-scolastica.jpg\"><img loading=\"lazy\" class=\"alignnone size-thumbnail wp-image-121\" title=\"Istoria semnului in patristica si scolastica\" src=\"http:\/\/fundatiaaxis.ro\/wp-content\/uploads\/Istoria-semnului-in-patristica-si-scolastica-150x150.jpg\" alt=\"\" width=\"150\" height=\"150\" \/><\/a><\/strong><\/td>\n<td width=\"348\" valign=\"top\"><span style=\"color: #000000;\">Petru Bejan, <\/span><em>Istoria semnului \u00een patristic\u0103 \u015fi scolastic\u0103<\/em><strong>\u00a0<\/strong><\/td>\n<td width=\"88\" valign=\"top\">1999<strong>\u00a0<\/strong><\/td>\n<\/tr>\n<tr>\n<td width=\"172\" valign=\"top\"><strong>\u00a0<a href=\"http:\/\/fundatiaaxis.ro\/wp-content\/uploads\/Critica-filosofiei-pure.jpg\"><img loading=\"lazy\" class=\"alignnone size-thumbnail wp-image-124\" title=\"Critica filosofiei pure\" src=\"http:\/\/fundatiaaxis.ro\/wp-content\/uploads\/Critica-filosofiei-pure-150x150.jpg\" alt=\"\" width=\"150\" height=\"150\" \/><\/a><\/strong><\/td>\n<td width=\"348\" valign=\"top\"><span style=\"color: #000000;\">Petru Bejan,<strong>\u00a0<\/strong><\/span><em>Critica filosofiei pure<\/em><strong>\u00a0<\/strong><\/td>\n<td width=\"88\" valign=\"top\">2000<strong>\u00a0<\/strong><\/td>\n<\/tr>\n<tr>\n<td width=\"172\" valign=\"top\"><strong>\u00a0<\/strong><\/td>\n<td width=\"348\" valign=\"top\">\u015etefan Afloroaei (coord), <em>Limite ale interpret\u0103rii<\/em><strong>\u00a0<\/strong><\/td>\n<td width=\"88\" valign=\"top\">2001<strong>\u00a0<\/strong><\/td>\n<\/tr>\n<tr>\n<td width=\"172\" valign=\"top\"><strong>\u00a0<\/strong><\/td>\n<td width=\"348\" valign=\"top\"><span style=\"color: #000000;\">Angela Zabulic\u0103<strong>, <\/strong><\/span><em>Temporalitatea \u00een discursul fenomenologic al lui Martin Heidegger<\/em><strong>\u00a0<\/strong><\/td>\n<td width=\"88\" valign=\"top\">2002<strong>\u00a0<\/strong><\/td>\n<\/tr>\n<tr>\n<td width=\"172\" valign=\"top\"><strong>\u00a0<\/strong><\/td>\n<td width=\"348\" valign=\"top\"><span style=\"color: #000000;\">\u015etefan Afloroaei (coord), <\/span><em>Interpretare \u015fi ideologie<\/em><strong>\u00a0<\/strong><\/td>\n<td width=\"88\" valign=\"top\">2002<strong>\u00a0<\/strong><\/td>\n<\/tr>\n<tr>\n<td width=\"172\" valign=\"top\"><strong>\u00a0<\/strong><\/td>\n<td width=\"348\" valign=\"top\"><span style=\"color: #000000;\">\u015etefan Afloroaei , Corneliu B\u00e2lb\u0103 , George Bondor,<strong>\u00a0<\/strong><\/span><em>Locul metafizic al str\u0103inului<\/em><strong>\u00a0<\/strong><\/td>\n<td width=\"88\" valign=\"top\">2003<strong>\u00a0<\/strong><\/td>\n<\/tr>\n<tr>\n<td width=\"172\" valign=\"top\"><strong>\u00a0<\/strong><\/td>\n<td width=\"348\" valign=\"top\"><span style=\"color: #000000;\">Virgil Catargiu,<strong>\u00a0<\/strong><\/span><em>Perspective filosofice asupra istoriei<\/em><strong>\u00a0<\/strong><\/td>\n<td width=\"88\" valign=\"top\">2003<strong>\u00a0<\/strong><\/td>\n<\/tr>\n<tr>\n<td width=\"172\" valign=\"top\"><strong>\u00a0<\/strong><\/td>\n<td width=\"348\" valign=\"top\"><span style=\"color: #000000;\">Dan Chi\u0163oiu,<strong>\u00a0<\/strong><\/span><em>Repere \u00een filosofia bizantin\u0103<\/em><strong>\u00a0<\/strong><\/td>\n<td width=\"88\" valign=\"top\">2003<strong>\u00a0<\/strong><\/td>\n<\/tr>\n<tr>\n<td width=\"172\" valign=\"top\"><strong>\u00a0<\/strong><\/td>\n<td width=\"348\" valign=\"top\"><span style=\"color: #000000;\">\u015etefan Munteanu, <\/span><em>Ra\u0163ionalitatea metafizicii lui Ion Petrovici<\/em><strong>\u00a0<\/strong><\/td>\n<td width=\"88\" valign=\"top\">2003<strong>\u00a0<\/strong><\/td>\n<\/tr>\n<tr>\n<td width=\"172\" valign=\"top\"><strong><a href=\"http:\/\/fundatiaaxis.ro\/wp-content\/uploads\/Hermeneutica-prejudecatilor.jpg\"><img loading=\"lazy\" class=\"alignnone size-thumbnail wp-image-120\" title=\"Hermeneutica prejudecatilor\" src=\"http:\/\/fundatiaaxis.ro\/wp-content\/uploads\/Hermeneutica-prejudecatilor-150x150.jpg\" alt=\"\" width=\"150\" height=\"150\" \/><\/a><\/strong><\/td>\n<td width=\"348\" valign=\"top\"><span style=\"color: #000000;\">Petru Bejan, <\/span><em>Hermeneutica prejudec\u0103\u0163ilor<\/em><strong>\u00a0<\/strong><\/td>\n<td width=\"88\" valign=\"top\">2004<strong>\u00a0<\/strong><\/td>\n<\/tr>\n<tr>\n<td width=\"172\" valign=\"top\"><strong><\/strong><\/td>\n<td width=\"348\" valign=\"top\"><span style=\"color: #000000;\">Tudor Ghideanu, <\/span><em>Filosofia Criteriului \u015fi Timpul Funciar<\/em><strong>\u00a0<\/strong><\/td>\n<td width=\"88\" valign=\"top\">2004<strong>\u00a0<\/strong><\/td>\n<\/tr>\n<tr>\n<td width=\"172\" valign=\"top\"><strong><\/strong><\/td>\n<td width=\"348\" valign=\"top\"><span style=\"color: #000000;\">Cornelia \u015fi Mihai C\u0103prioar\u0103, <\/span><em>Introducere \u00een filosofie<\/em><strong>\u00a0<\/strong><\/td>\n<td width=\"88\" valign=\"top\">2004<strong>\u00a0<\/strong><\/td>\n<\/tr>\n<tr>\n<td width=\"172\" valign=\"top\"><a href=\"http:\/\/fundatiaaxis.ro\/wp-content\/uploads\/Dunca-_Filosofie-antica_seria-filosofie.jpg\"><img loading=\"lazy\" class=\"alignnone size-thumbnail wp-image-32\" title=\"Dunca _Filosofie antica_seria filosofie\" src=\"http:\/\/fundatiaaxis.ro\/wp-content\/uploads\/Dunca-_Filosofie-antica_seria-filosofie-150x150.jpg\" alt=\"\" width=\"150\" height=\"150\" \/><\/a><\/td>\n<td width=\"348\" valign=\"top\">Petru Dunca, <em>Introducere \u00een filosofia Orientului Antic<\/em><\/td>\n<td width=\"88\" valign=\"top\"><strong><span style=\"color: #000000;\">2005<strong>\u00a0<\/strong><\/span>\u00a0\u00a0\u00a0\u00a0<\/p>\n<p><\/strong><\/td>\n<\/tr>\n<tr>\n<td width=\"172\" valign=\"top\">\u00a0<\/td>\n<td width=\"348\" valign=\"top\">Titus Raveica, <em>Istoria filosofiei moderne<\/em> vol II<\/td>\n<td width=\"88\" valign=\"top\">2005<strong>\u00a0<\/strong><\/td>\n<\/tr>\n<tr>\n<td width=\"172\" valign=\"top\"><a href=\"http:\/\/fundatiaaxis.ro\/wp-content\/uploads\/Patrascu_seria-filosofie.jpg\"><img loading=\"lazy\" class=\"alignnone size-thumbnail wp-image-44\" title=\"Patrascu_seria filosofie\" src=\"http:\/\/fundatiaaxis.ro\/wp-content\/uploads\/Patrascu_seria-filosofie-150x150.jpg\" alt=\"\" width=\"150\" height=\"150\" \/><\/a>\u00a0<\/td>\n<td width=\"348\" valign=\"top\">Horia P\u0103tra\u015fcu, <em>Despre ur\u00e2t \u015fi al\u0163i demoni Reflec\u0163ii \u015fi exclama\u0163ii<\/em><\/td>\n<td width=\"88\" valign=\"top\"><strong>\u00a02005<\/strong><\/td>\n<\/tr>\n<tr>\n<td width=\"172\" valign=\"top\"><a href=\"http:\/\/fundatiaaxis.ro\/wp-content\/uploads\/Ratulea_seria-filosofie.jpg\"><img loading=\"lazy\" class=\"alignnone size-thumbnail wp-image-48\" title=\"Ratulea_seria filosofie\" src=\"http:\/\/fundatiaaxis.ro\/wp-content\/uploads\/Ratulea_seria-filosofie-150x150.jpg\" alt=\"\" width=\"150\" height=\"150\" \/><\/a><\/td>\n<td width=\"348\" valign=\"top\">Gabriela R\u0103\u0163ulea, <em>Prelegeri de estetic\u0103<\/em><\/td>\n<td width=\"88\" valign=\"top\"><strong>\u00a02006<\/strong><\/td>\n<\/tr>\n<tr>\n<td width=\"172\" valign=\"top\">\u00a0<\/td>\n<td width=\"348\" valign=\"top\">Daniela Dunca, <em>Fundamentele filosofiei presocratice<\/em><\/td>\n<td width=\"88\" valign=\"top\">2006<strong>\u00a0<\/strong><\/td>\n<\/tr>\n<tr>\n<td width=\"172\" valign=\"top\">\u00a0<\/td>\n<td width=\"348\" valign=\"top\">Cristina Buzoianu, <em>Condi\u0163ia uman\u0103 \u00een filosofia politic\u0103 a lui JJ Rouseau<\/em><\/td>\n<td width=\"88\" valign=\"top\">2007<strong>\u00a0<\/strong><\/td>\n<\/tr>\n<tr>\n<td width=\"172\" valign=\"top\">\u00a0<\/td>\n<td width=\"348\" valign=\"top\">Marcel Lutic, <em>Timpul sacru<\/em><\/td>\n<td width=\"88\" valign=\"top\">2007<strong>\u00a0<\/strong><\/td>\n<\/tr>\n<tr>\n<td width=\"172\" valign=\"top\"><a href=\"http:\/\/fundatiaaxis.ro\/wp-content\/uploads\/Jugrin_seria-filosofie.jpg\"><img loading=\"lazy\" class=\"alignnone size-thumbnail wp-image-37\" title=\"Jugrin_seria filosofie\" src=\"http:\/\/fundatiaaxis.ro\/wp-content\/uploads\/Jugrin_seria-filosofie-150x150.jpg\" alt=\"\" width=\"150\" height=\"150\" \/><\/a><a href=\"http:\/\/fundatiaaxis.ro\/wp-content\/uploads\/Jugrin_seria-filosofie.jpg\"><\/a><\/td>\n<td width=\"348\" valign=\"top\">Daniel Jugrin, <em>Calea Nega\u0163iei \u00een Advaita Ved\u0101nta<\/em><strong><a href=\"http:\/\/fundatiaaxis.ro\/wp-content\/uploads\/Jugrin_seria-filosofie.jpg\"><\/a><\/strong><\/td>\n<td width=\"88\" valign=\"top\">2008<strong>\u00a0<\/strong><\/td>\n<\/tr>\n<tr>\n<td width=\"172\" valign=\"top\"><a href=\"http:\/\/fundatiaaxis.ro\/wp-content\/uploads\/Carpinschi_seria-Filosofie-politica.jpg\"><img loading=\"lazy\" class=\"alignnone size-thumbnail wp-image-20\" title=\"Carpinschi_seria Filosofie politica\" src=\"http:\/\/fundatiaaxis.ro\/wp-content\/uploads\/Carpinschi_seria-Filosofie-politica-150x150.jpg\" alt=\"\" width=\"150\" height=\"150\" \/><\/a><a href=\"http:\/\/fundatiaaxis.ro\/wp-content\/uploads\/Carpinschi_seria-Filosofie-politica.jpg\"><\/a><\/td>\n<td width=\"348\" valign=\"top\">Anton Carpinschi, <em>Cultura recunoa\u015fterii<\/em><strong><a href=\"http:\/\/fundatiaaxis.ro\/wp-content\/uploads\/Carpinschi_seria-Filosofie-politica.jpg\"><\/a><\/strong><\/td>\n<td width=\"88\" valign=\"top\">2008<strong>\u00a0<\/strong><\/td>\n<\/tr>\n<tr>\n<td width=\"172\" valign=\"top\"><strong><a href=\"http:\/\/fundatiaaxis.ro\/wp-content\/uploads\/Petraru_-Erezie-si-Logos_seria-filosofie.jpg\"><img loading=\"lazy\" class=\"alignnone size-thumbnail wp-image-45\" title=\"Petraru_ Erezie si Logos_seria filosofie\" src=\"http:\/\/fundatiaaxis.ro\/wp-content\/uploads\/Petraru_-Erezie-si-Logos_seria-filosofie-150x150.jpg\" alt=\"\" width=\"150\" height=\"150\" \/><\/a><a href=\"http:\/\/fundatiaaxis.ro\/wp-content\/uploads\/Petraru_-Erezie-si-Logos_seria-filosofie.jpg\"><\/a><\/strong><\/td>\n<td width=\"348\" valign=\"top\">Gheorghe Petraru (coord), <em>Erezie \u015fi Logos<\/em><strong><a href=\"http:\/\/fundatiaaxis.ro\/wp-content\/uploads\/Petraru_-Erezie-si-Logos_seria-filosofie.jpg\"><\/a><\/strong><\/td>\n<td width=\"88\" valign=\"top\">2008<\/td>\n<\/tr>\n<tr>\n<td width=\"172\" valign=\"top\"><a href=\"http:\/\/fundatiaaxis.ro\/wp-content\/uploads\/Pouivet_seria-estetica-si-filosofia-artei.jpg\"><img loading=\"lazy\" class=\"alignnone size-thumbnail wp-image-47\" title=\"Pouivet_seria estetica si filosofia artei\" src=\"http:\/\/fundatiaaxis.ro\/wp-content\/uploads\/Pouivet_seria-estetica-si-filosofia-artei-150x150.jpg\" alt=\"\" width=\"150\" height=\"150\" \/><\/a><a href=\"http:\/\/fundatiaaxis.ro\/wp-content\/uploads\/Pouivet_seria-estetica-si-filosofia-artei.jpg\"><\/a><\/td>\n<td width=\"348\" valign=\"top\">Roger Pouivet, <em>Ce este opera de art\u0103?<\/em><strong><a href=\"http:\/\/fundatiaaxis.ro\/wp-content\/uploads\/Pouivet_seria-estetica-si-filosofia-artei.jpg\"><\/a><\/strong><\/td>\n<td width=\"88\" valign=\"top\">2008<strong>\u00a0<\/strong><\/td>\n<\/tr>\n<\/tbody>\n<\/table>\n<p><!--:--><\/p>\n","protected":false},"excerpt":{"rendered":"<p>\u00a0 \u00a0 Petru Bejan, Istoria semnului \u00een patristic\u0103 \u015fi scolastic\u0103\u00a0 1999\u00a0 \u00a0 Petru Bejan,\u00a0Critica filosofiei pure\u00a0 2000\u00a0 \u00a0 \u015etefan Afloroaei (coord), Limite ale interpret\u0103rii\u00a0 2001\u00a0 \u00a0 Angela Zabulic\u0103, Temporalitatea \u00een discursul fenomenologic al lui Martin Heidegger\u00a0 2002\u00a0 \u00a0 \u015etefan Afloroaei &hellip; <a href=\"https:\/\/fundatiaaxis.ro\/\">Continue reading <span class=\"meta-nav\">&rarr;<\/span><\/a><\/p>\n","protected":false},"author":1,"featured_media":0,"parent":56,"menu_order":0,"comment_status":"closed","ping_status":"closed","template":"","meta":[],"_links":{"self":[{"href":"https:\/\/fundatiaaxis.ro\/index.php?rest_route=\/wp\/v2\/pages\/58"}],"collection":[{"href":"https:\/\/fundatiaaxis.ro\/index.php?rest_route=\/wp\/v2\/pages"}],"about":[{"href":"https:\/\/fundatiaaxis.ro\/index.php?rest_route=\/wp\/v2\/types\/page"}],"author":[{"embeddable":true,"href":"https:\/\/fundatiaaxis.ro\/index.php?rest_route=\/wp\/v2\/users\/1"}],"replies":[{"embeddable":true,"href":"https:\/\/fundatiaaxis.ro\/index.php?rest_route=%2Fwp%2Fv2%2Fcomments&post=58"}],"version-history":[{"count":19,"href":"https:\/\/fundatiaaxis.ro\/index.php?rest_route=\/wp\/v2\/pages\/58\/revisions"}],"predecessor-version":[{"id":499,"href":"https:\/\/fundatiaaxis.ro\/index.php?rest_route=\/wp\/v2\/pages\/58\/revisions\/499"}],"up":[{"embeddable":true,"href":"https:\/\/fundatiaaxis.ro\/index.php?rest_route=\/wp\/v2\/pages\/56"}],"wp:attachment":[{"href":"https:\/\/fundatiaaxis.ro\/index.php?rest_route=%2Fwp%2Fv2%2Fmedia&parent=58"}],"curies":[{"name":"wp","href":"https:\/\/api.w.org\/{rel}","templated":true}]}}