{"id":66,"date":"2011-06-17T05:47:12","date_gmt":"2011-06-17T05:47:12","guid":{"rendered":"http:\/\/fundatiaaxis.ro\/?page_id=66"},"modified":"2021-03-29T17:05:45","modified_gmt":"2021-03-29T17:05:45","slug":"religie","status":"publish","type":"page","link":"https:\/\/fundatiaaxis.ro\/?page_id=66","title":{"rendered":"RELIGIE"},"content":{"rendered":"<p><!--:ro-->\u00a0<\/p>\n<table border=\"1\" cellspacing=\"0\" cellpadding=\"0\">\n<tbody>\n<tr>\n<td width=\"197\" valign=\"top\">\u00a0<\/td>\n<td width=\"197\" valign=\"top\">Mihaela Frunz\u0103 (coord), <em>Fe\u0163ele toleran\u0163ei<\/em><\/td>\n<td width=\"197\" valign=\"top\">2003<\/td>\n<\/tr>\n<tr>\n<td width=\"197\" valign=\"top\"><a href=\"http:\/\/fundatiaaxis.ro\/wp-content\/uploads\/Liviu-Petcu-Desfranarea-si-avortul-seria-religie.jpg\"><img loading=\"lazy\" class=\"alignnone size-thumbnail wp-image-38\" title=\"Liviu Petcu - Desfranarea si avortul - seria religie\" src=\"http:\/\/fundatiaaxis.ro\/wp-content\/uploads\/Liviu-Petcu-Desfranarea-si-avortul-seria-religie-150x150.jpg\" alt=\"\" width=\"150\" height=\"150\" \/><\/a><\/td>\n<td width=\"197\" valign=\"top\">Liviu Petcu,<em> Desfr\u00e2narea \u015fi avortul \u2013 r\u0103ni de moarte ale iubirii<\/em><\/td>\n<td width=\"197\" valign=\"top\">2008<\/td>\n<\/tr>\n<tr>\n<td width=\"197\" valign=\"top\"><a href=\"http:\/\/fundatiaaxis.ro\/wp-content\/uploads\/Parintii-capadocieni_seria-religie.jpg\"><img loading=\"lazy\" class=\"alignnone size-thumbnail wp-image-43\" title=\"Parintii capadocieni_seria religie\" src=\"http:\/\/fundatiaaxis.ro\/wp-content\/uploads\/Parintii-capadocieni_seria-religie-150x150.jpg\" alt=\"\" width=\"150\" height=\"150\" \/><\/a><\/td>\n<td width=\"197\" valign=\"top\">Petre Semen, Liviu Petcu (coord),<em> P\u0103rin\u0163ii Capadocieni<\/em><\/td>\n<td width=\"197\" valign=\"top\">2009<\/td>\n<\/tr>\n<\/tbody>\n<\/table>\n<p><!--:--><!--:en-->\u00a0<\/p>\n<table border=\"1\" cellspacing=\"0\" cellpadding=\"0\">\n<tbody>\n<tr>\n<td width=\"197\" valign=\"top\">\u00a0<\/td>\n<td width=\"197\" valign=\"top\">Mihaela Frunz\u0103 (coord), <em>Fe\u0163ele toleran\u0163ei<\/em><\/td>\n<td width=\"197\" valign=\"top\">2003<\/td>\n<\/tr>\n<tr>\n<td width=\"197\" valign=\"top\"><a href=\"http:\/\/fundatiaaxis.ro\/wp-content\/uploads\/Liviu-Petcu-Desfranarea-si-avortul-seria-religie.jpg\"><img loading=\"lazy\" class=\"alignnone size-thumbnail wp-image-38\" title=\"Liviu Petcu - Desfranarea si avortul - seria religie\" src=\"http:\/\/fundatiaaxis.ro\/wp-content\/uploads\/Liviu-Petcu-Desfranarea-si-avortul-seria-religie-150x150.jpg\" alt=\"\" width=\"150\" height=\"150\" \/><\/a><\/td>\n<td width=\"197\" valign=\"top\">Liviu Petcu,<em> Desfr\u00e2narea \u015fi avortul \u2013 r\u0103ni de moarte ale iubirii<\/em><\/td>\n<td width=\"197\" valign=\"top\">2008<\/td>\n<\/tr>\n<tr>\n<td width=\"197\" valign=\"top\"><a href=\"http:\/\/fundatiaaxis.ro\/wp-content\/uploads\/Parintii-capadocieni_seria-religie.jpg\"><img loading=\"lazy\" class=\"alignnone size-thumbnail wp-image-43\" title=\"Parintii capadocieni_seria religie\" src=\"http:\/\/fundatiaaxis.ro\/wp-content\/uploads\/Parintii-capadocieni_seria-religie-150x150.jpg\" alt=\"\" width=\"150\" height=\"150\" \/><\/a><\/td>\n<td width=\"197\" valign=\"top\">Petre Semen, Liviu Petcu (coord),<em> P\u0103rin\u0163ii Capadocieni<\/em><\/td>\n<td width=\"197\" valign=\"top\">2009<\/td>\n<\/tr>\n<\/tbody>\n<\/table>\n<p><!--:--><\/p>\n","protected":false},"excerpt":{"rendered":"<p>\u00a0 \u00a0 Mihaela Frunz\u0103 (coord), Fe\u0163ele toleran\u0163ei 2003 Liviu Petcu, Desfr\u00e2narea \u015fi avortul \u2013 r\u0103ni de moarte ale iubirii 2008 Petre Semen, Liviu Petcu (coord), P\u0103rin\u0163ii Capadocieni 2009 \u00a0 \u00a0 Mihaela Frunz\u0103 (coord), Fe\u0163ele toleran\u0163ei 2003 Liviu Petcu, Desfr\u00e2narea \u015fi &hellip; <a href=\"https:\/\/fundatiaaxis.ro\/?page_id=66\">Continue reading <span class=\"meta-nav\">&rarr;<\/span><\/a><\/p>\n","protected":false},"author":1,"featured_media":0,"parent":56,"menu_order":0,"comment_status":"closed","ping_status":"closed","template":"","meta":[],"_links":{"self":[{"href":"https:\/\/fundatiaaxis.ro\/index.php?rest_route=\/wp\/v2\/pages\/66"}],"collection":[{"href":"https:\/\/fundatiaaxis.ro\/index.php?rest_route=\/wp\/v2\/pages"}],"about":[{"href":"https:\/\/fundatiaaxis.ro\/index.php?rest_route=\/wp\/v2\/types\/page"}],"author":[{"embeddable":true,"href":"https:\/\/fundatiaaxis.ro\/index.php?rest_route=\/wp\/v2\/users\/1"}],"replies":[{"embeddable":true,"href":"https:\/\/fundatiaaxis.ro\/index.php?rest_route=%2Fwp%2Fv2%2Fcomments&post=66"}],"version-history":[{"count":8,"href":"https:\/\/fundatiaaxis.ro\/index.php?rest_route=\/wp\/v2\/pages\/66\/revisions"}],"predecessor-version":[{"id":530,"href":"https:\/\/fundatiaaxis.ro\/index.php?rest_route=\/wp\/v2\/pages\/66\/revisions\/530"}],"up":[{"embeddable":true,"href":"https:\/\/fundatiaaxis.ro\/index.php?rest_route=\/wp\/v2\/pages\/56"}],"wp:attachment":[{"href":"https:\/\/fundatiaaxis.ro\/index.php?rest_route=%2Fwp%2Fv2%2Fmedia&parent=66"}],"curies":[{"name":"wp","href":"https:\/\/api.w.org\/{rel}","templated":true}]}}