{"id":97,"date":"2011-06-17T08:44:46","date_gmt":"2011-06-17T08:44:46","guid":{"rendered":"http:\/\/fundatiaaxis.ro\/?page_id=97"},"modified":"2021-03-29T17:13:36","modified_gmt":"2021-03-29T17:13:36","slug":"consiliul-director","status":"publish","type":"page","link":"https:\/\/fundatiaaxis.ro\/?page_id=97","title":{"rendered":"CONSILIUL DIRECTOR"},"content":{"rendered":"<p><!--:ro--><\/p>\n<table border=\"1\" cellspacing=\"0\" cellpadding=\"0\">\n<tbody>\n<tr>\n<td valign=\"top\" width=\"197\"><a title=\"PETRU BEJAN este profesor la Facultatea de Filosofie a Universitatii \u201cAl.I Cuza\u201d. Este autor al volumelor Istoria semnului \u00een patristica si scolastica (1999), Critica filosofiei pure (2ooo), Relatii publice si publicitate. Discurs, metoda, interpretare (2003), Hermeneutica prejudecatilor (2004). \" href=\"http:\/\/fssp.uaic.ro\/prof\/pbejan\/cv.html\" target=\"_blank\" rel=\"noopener\">Pre\u015fedinte: prof. dr. Petru BEJAN<\/a><\/td>\n<td valign=\"top\" width=\"197\"><strong>\u00a0<a href=\"mailto:pbejan@uaic.ro\">pbejan@uaic.ro<\/a><\/strong><\/td>\n<td valign=\"top\" width=\"197\"><strong>\u00a0<a href=\"http:\/\/fundatiaaxis.ro\/wp-content\/uploads\/petru-bejan-2.jpg\"><img loading=\"lazy\" class=\"alignnone size-full wp-image-98\" title=\"petru bejan 2\" src=\"http:\/\/fundatiaaxis.ro\/wp-content\/uploads\/petru-bejan-2.jpg\" alt=\"\" width=\"112\" height=\"84\" \/><\/a><\/strong><\/td>\n<\/tr>\n<tr>\n<td valign=\"top\" width=\"197\"><\/td>\n<td valign=\"top\" width=\"197\"><\/td>\n<td valign=\"top\" width=\"197\"><\/td>\n<\/tr>\n<tr>\n<td valign=\"top\" width=\"197\">Director de programe:<a title=\"Nicu Gavriluta (n. 1963) este profesor universitar doctor si decan al Facultatii de Filosofie si Stiinte Social-Politice a Universitatii \u201eAl.I. Cuza\u201d din Iasi. A publicat volumele: Mentalitati si ritualuri magico-religioase (Polirom, Iasi, 1998), Culianu, jocurile mintii si lumile multidimensionale (Polirom, Iasi, 2000), Hermeneutica simbolismului religios (Editura Fundatiei AXIS, Iasi, 2003), Antropologie sociala si culturala (Polirom, Iasi, 2009)\" href=\"http:\/\/www.fssp.uaic.ro\/content\/index\/2_15\/cv\/8\/2.html\" target=\"_blank\" rel=\"noopener\">prof. dr. Nicu GAVRILU\u0162\u0102\u00a0<\/a><\/p>\n<p>Director de programe:<\/p>\n<p><a title=\"Licen\u0163iat \u00een Filosofie, Facultatea de Filosofie, Universitatea \u201cAl.I. Cuza\u201d Ia\u015fi, sesiunea iulie 1986 (teza de licen\u0163\u0103 a tratat problema libert\u0103\u0163ii \u00een morala kantian\u0103).Licen\u0163iat \u00een Teologie, Facultatea de Teologie Romano-Catolic\u0103, Universitatea din Bucure\u015fti, sesiunea iunie 2000 (subiectul tezei de licen\u0163\u0103 a vizat pe Grigore de Nyssa, De vita Moysis).Doctor \u00een Filosofie din 1995 cu o dizerta\u0163ie despre filosofia substan\u0163ei \u015fi originile acestui tip de filosofare, lucrare publicat\u0103 la Editura Institutul European, Ia\u015fi, 1997. Profesor doctor din data de 25 februarie, 2002. Pred\u0103 la Facultatea de Filosofie \u015fi \u015etiin\u0163e Social-Politice din Ia\u015fi urm\u0103toarele cursuri: Filosofie medieval\u0103, Istoria \u015fi filosofia religiei, Iudaism \u015fi cre\u015ftinism, Ra\u0163iune \u015fi credin\u0163\u0103, Europa religiilor.\" href=\"http:\/\/www.fssp.uaic.ro\/content\/index\/2_15\/cv\/8\/3.html\" target=\"_blank\" rel=\"noopener\">prof. dr. Anton AD\u0102MU\u0162<\/a><\/td>\n<td valign=\"top\" width=\"197\"><strong>\u00a0<a href=\"mailto:nicolas@uaic.ro\">nicolas@uaic.ro<\/a><\/strong><strong>\u00a0<\/strong><strong>\u00a0<\/strong><strong>\u00a0<\/strong><\/p>\n<p><strong>\u00a0<\/strong><\/p>\n<p><strong>\u00a0<\/strong><\/p>\n<p><strong><a href=\"mailto:antonadamut@yahoo.com\">antonadamut@yahoo.com<\/a><\/strong><\/td>\n<td valign=\"top\" width=\"197\"><strong>\u00a0<a href=\"http:\/\/fundatiaaxis.ro\/wp-content\/uploads\/nicu-gavriluta.jpg\"><img loading=\"lazy\" class=\"alignnone size-full wp-image-100\" title=\"nicu gavriluta\" src=\"http:\/\/fundatiaaxis.ro\/wp-content\/uploads\/nicu-gavriluta.jpg\" alt=\"\" width=\"112\" height=\"84\" \/><\/a><\/strong><strong>\u00a0<\/strong><strong>\u00a0<\/strong><strong>\u00a0<\/strong><strong>\u00a0<\/strong><\/p>\n<p><strong><a href=\"http:\/\/fundatiaaxis.ro\/wp-content\/uploads\/foto-anton-adamut.jpg\"><img loading=\"lazy\" class=\"aligncenter size-full wp-image-284\" title=\"foto anton adamut\" src=\"http:\/\/fundatiaaxis.ro\/wp-content\/uploads\/foto-anton-adamut.jpg\" alt=\"\" width=\"112\" height=\"84\" \/><\/a><\/strong><\/td>\n<\/tr>\n<\/tbody>\n<\/table>\n<p><!--:--><!--:en--><\/p>\n<p><strong>\u00a0<\/strong><\/p>\n<p><!--:--><\/p>\n","protected":false},"excerpt":{"rendered":"<p>Pre\u015fedinte: prof. dr. Petru BEJAN \u00a0pbejan@uaic.ro \u00a0 Director de programe:prof. dr. Nicu GAVRILU\u0162\u0102\u00a0 Director de programe: prof. dr. Anton AD\u0102MU\u0162 \u00a0nicolas@uaic.ro\u00a0\u00a0\u00a0 \u00a0 \u00a0 antonadamut@yahoo.com \u00a0\u00a0\u00a0\u00a0\u00a0 \u00a0<\/p>\n","protected":false},"author":1,"featured_media":0,"parent":0,"menu_order":1,"comment_status":"closed","ping_status":"closed","template":"","meta":[],"_links":{"self":[{"href":"https:\/\/fundatiaaxis.ro\/index.php?rest_route=\/wp\/v2\/pages\/97"}],"collection":[{"href":"https:\/\/fundatiaaxis.ro\/index.php?rest_route=\/wp\/v2\/pages"}],"about":[{"href":"https:\/\/fundatiaaxis.ro\/index.php?rest_route=\/wp\/v2\/types\/page"}],"author":[{"embeddable":true,"href":"https:\/\/fundatiaaxis.ro\/index.php?rest_route=\/wp\/v2\/users\/1"}],"replies":[{"embeddable":true,"href":"https:\/\/fundatiaaxis.ro\/index.php?rest_route=%2Fwp%2Fv2%2Fcomments&post=97"}],"version-history":[{"count":16,"href":"https:\/\/fundatiaaxis.ro\/index.php?rest_route=\/wp\/v2\/pages\/97\/revisions"}],"predecessor-version":[{"id":546,"href":"https:\/\/fundatiaaxis.ro\/index.php?rest_route=\/wp\/v2\/pages\/97\/revisions\/546"}],"wp:attachment":[{"href":"https:\/\/fundatiaaxis.ro\/index.php?rest_route=%2Fwp%2Fv2%2Fmedia&parent=97"}],"curies":[{"name":"wp","href":"https:\/\/api.w.org\/{rel}","templated":true}]}}